{"id":4733,"date":"2024-01-30T08:28:39","date_gmt":"2024-01-30T08:28:39","guid":{"rendered":"https:\/\/www.salari.nl\/ocs\/"},"modified":"2024-02-05T09:16:37","modified_gmt":"2024-02-05T09:16:37","slug":"ocs","status":"publish","type":"page","link":"https:\/\/www.salari.nl\/de\/ocs\/","title":{"rendered":"OCS"},"content":{"rendered":"<p>[vc_row css=&#8221;.vc_custom_1598519181452{padding-top: 120px !important;padding-bottom: 120px !important;background-image: url(https:\/\/www.salari.nl\/wp-content\/uploads\/2020\/08\/header-img-salari.jpg?id=3472) !important;background-position: center !important;background-repeat: no-repeat !important;background-size: cover !important;}&#8221;][vc_column][vc_custom_heading text=&#8221;OCS&#8221; font_container=&#8221;tag:h1|font_size:45px|text_align:center|color:%23ffffff&#8221; use_theme_fonts=&#8221;yes&#8221;][\/vc_column][\/vc_row][vc_row css=&#8221;.vc_custom_1576147535212{padding-top: 70px !important;padding-bottom: 30px !important;}&#8221;][vc_column][vc_custom_heading text=&#8221;\u2018The world can survive without us, but we can not survive without the world. So let us join together, to make this world a bit better!\u2019&#8221; use_theme_fonts=&#8221;yes&#8221;][vc_empty_space height=&#8221;10px&#8221;][vc_custom_heading text=&#8221;<em>(W.G. Salari)<\/em>&#8221; font_container=&#8221;tag:h4|text_align:left&#8221; use_theme_fonts=&#8221;yes&#8221;][\/vc_column][\/vc_row][vc_row css=&#8221;.vc_custom_1576147241844{padding-bottom: 90px !important;}&#8221;][vc_column width=&#8221;1\/2&#8243;][vc_single_image image=&#8221;4724&#8243; img_size=&#8221;full&#8221;][vc_empty_space height=&#8221;30px&#8221;][vc_column_text]Der Verlust von Kunststoffgranulat ist die zweitgr\u00f6\u00dfte Quelle von prim\u00e4rem Mikroplastik in der Umwelt. Leider kann es an allen Stellen der Produktkette zu Pelletverlusten kommen, auch wenn alle g\u00e4ngigen Umwelt-, Sicherheits- und Qualit\u00e4tsanforderungen eingehalten werden. W.G. Salari h\u00e4lt es f\u00fcr wichtig, dass so wenig Kunststoffgranulat wie m\u00f6glich in die Umwelt gelangt. Aus diesem Grund haben wir uns dem Programm Operation Clean Sweep (OCS) angeschlossen und im Jahr 2023 ein OCS-Team gegr\u00fcndet.<\/p>\n<p>OCS ist eine freiwillige Initiative zur F\u00f6rderung und Harmonisierung von Ma\u00dfnahmen zur Vermeidung von Kunststoffgranulatverlusten in der Kunststoffindustrie. Das Programm bietet mehrere Empfehlungen und Instrumente, um den Verlust von Kunststoffgranulat zu minimieren. Indem wir die Empfehlungen und Instrumente des OCS-Programms befolgen, wenden wir einen Best-Practice-Ansatz an, der positive Ergebnisse erm\u00f6glicht. So wollen wir den Verlust von Kunststoffgranulat wirksam verringern.[\/vc_column_text][\/vc_column][vc_column width=&#8221;1\/2&#8243;][vc_column_text]Au\u00dferdem binden wir unsere Mitarbeitenden aktiv durch Schulungen und Weiterbildungsinitiativen ein. Wir glauben, dass die F\u00f6rderung der kollektiven Unterst\u00fctzung f\u00fcr den Erfolg solcher umweltbewussten Bem\u00fchungen zur Eind\u00e4mmung des Verlusts von Kunststoffgranulat von wesentlicher Bedeutung ist.<\/p>\n<p>Schlie\u00dflich demonstrieren wir nicht nur unser Engagement f\u00fcr den Umweltschutz durch unsere Teilnahme am OCS-Programm, sondern \u00fcbernehmen auch eine F\u00fchrungsrolle vor unseren Gesch\u00e4ftspartnern. Wir streben eine kontinuierliche Verbesserung und Zusammenarbeit innerhalb der Branche an, um gemeinsam das Ziel des OCS-Programms zu erreichen und eine nachhaltige Zukunft zu sichern.<\/p>\n<p>Quelle: <a href=\"https:\/\/www.opcleansweep.eu\/\" target=\"_blank\" rel=\"noopener\">Startseite: OpCleanSweep<\/a>[\/vc_column_text][\/vc_column][\/vc_row][vc_section css=&#8221;.vc_custom_1576147403163{background-color: #031d3a !important;}&#8221;][vc_row full_width=&#8221;stretch_row&#8221; css=&#8221;.vc_custom_1576252415217{padding-top: 50px !important;padding-bottom: 50px !important;background-image: url(\/\/salari.webstudio7.nl\/wp-content\/uploads\/2019\/12\/patroon-1800px.png?id=2492) !important;}&#8221; el_class=&#8221;blok-met-vector-background&#8221;][vc_column width=&#8221;2\/3&#8243;][vc_empty_space height=&#8221;12px&#8221;][vc_custom_heading text=&#8221;Werken bij W.G. Salari? Bekijk de vacatures&#8221; font_container=&#8221;tag:h2|font_size:33px|text_align:left|color:%23ffffff&#8221; use_theme_fonts=&#8221;yes&#8221; css_animation=&#8221;fadeInUp&#8221; el_class=&#8221;delay-1 custom-hd&#8221;][\/vc_column][vc_column width=&#8221;1\/3&#8243;][vc_raw_html]JTNDZGl2JTIwaWQlM0QlMjJidXR0b24tY3RhLWJsb2staG9tZS1kZXNrdG9wJTIyJTIwc3R5bGUlM0QlMjJ0ZXh0LWFsaWduJTNBJTIwcmlnaHQlM0IlMjIlM0UlM0NhJTIwY2xhc3MlM0QlMjJidXR0b24lMjBsYXJnZSUyMGFjY2VudCUyMiUyMGhyZWYlM0QlMjIlMkZ2YWNhdHVyZXMlMkYlMjIlM0VWYWNhdHVyZXMlM0MlMkZhJTNFJTNDJTJGZGl2JTNF[\/vc_raw_html][vc_raw_html]JTNDZGl2JTIwaWQlM0QlMjJidXR0b24tY3RhLWJsb2staG9tZS1tb2JpbGUlMjIlMjBzdHlsZSUzRCUyMnRleHQtYWxpZ24lM0ElMjBsZWZ0JTNCJTIyJTNFJTNDYSUyMGNsYXNzJTNEJTIyYnV0dG9uJTIwbGFyZ2UlMjBhY2NlbnQlMjIlMjBocmVmJTNEJTIyJTJGdmFjYXR1cmVzJTJGJTIyJTNFVmFjYXR1cmVzJTNDJTJGYSUzRSUzQyUyRmRpdiUzRQ==[\/vc_raw_html][\/vc_column][\/vc_row][vc_row][vc_column][vc_empty_space height=&#8221;30px&#8221;][\/vc_column][\/vc_row][\/vc_section]<\/p>\n","protected":false},"excerpt":{"rendered":"<p>[vc_row css=&#8221;.vc_custom_1598519181452{padding-top: 120px !important;padding-bottom: 120px !important;background-image: url(https:\/\/www.salari.nl\/wp-content\/uploads\/2020\/08\/header-img-salari.jpg?id=3472) !important;background-position: center !important;background-repeat: no-repeat !important;background-size: cover !important;}&#8221;][vc_column][vc_custom_heading text=&#8221;OCS&#8221; font_container=&#8221;tag:h1|font_size:45px|text_align:center|color:%23ffffff&#8221; use_theme_fonts=&#8221;yes&#8221;][\/vc_column][\/vc_row][vc_row css=&#8221;.vc_custom_1576147535212{padding-top: 70px !important;padding-bottom: 30px !important;}&#8221;][vc_column][vc_custom_heading text=&#8221;\u2018The world can survive without us, but we can not survive without the world. So let us join together, to make this world a bit better!\u2019&#8221; use_theme_fonts=&#8221;yes&#8221;][vc_empty_space height=&#8221;10px&#8221;][vc_custom_heading text=&#8221;(W.G. Salari)&#8221; font_container=&#8221;tag:h4|text_align:left&#8221; use_theme_fonts=&#8221;yes&#8221;][\/vc_column][\/vc_row][vc_row css=&#8221;.vc_custom_1576147241844{padding-bottom: [&hellip;]<\/p>\n","protected":false},"author":2,"featured_media":0,"parent":0,"menu_order":72,"comment_status":"closed","ping_status":"closed","template":"tmpl\/template-fullwidth.php","meta":{"_monsterinsights_skip_tracking":false,"_monsterinsights_sitenote_active":false,"_monsterinsights_sitenote_note":"","_monsterinsights_sitenote_category":0},"yoast_head":"<!-- This site is optimized with the Yoast SEO plugin v20.2.1 - https:\/\/yoast.com\/wordpress\/plugins\/seo\/ -->\n<title>OCS | W.G. Salari | F\u00fcr mehr Sicherheit am Arbeitsplatz!<\/title>\n<meta name=\"robots\" content=\"index, follow, max-snippet:-1, max-image-preview:large, max-video-preview:-1\" \/>\n<link rel=\"canonical\" href=\"https:\/\/www.salari.nl\/de\/ocs\/\" \/>\n<meta property=\"og:locale\" content=\"de_DE\" \/>\n<meta property=\"og:type\" content=\"article\" \/>\n<meta property=\"og:title\" content=\"OCS | W.G. Salari | F\u00fcr mehr Sicherheit am Arbeitsplatz!\" \/>\n<meta property=\"og:description\" content=\"[vc_row css=&#8221;.vc_custom_1598519181452{padding-top: 120px !important;padding-bottom: 120px !important;background-image: url(https:\/\/www.salari.nl\/wp-content\/uploads\/2020\/08\/header-img-salari.jpg?id=3472) !important;background-position: center !important;background-repeat: no-repeat !important;background-size: cover !important;}&#8221;][vc_column][vc_custom_heading text=&#8221;OCS&#8221; font_container=&#8221;tag:h1|font_size:45px|text_align:center|color:%23ffffff&#8221; use_theme_fonts=&#8221;yes&#8221;][\/vc_column][\/vc_row][vc_row css=&#8221;.vc_custom_1576147535212{padding-top: 70px !important;padding-bottom: 30px !important;}&#8221;][vc_column][vc_custom_heading text=&#8221;\u2018The world can survive without us, but we can not survive without the world. So let us join together, to make this world a bit better!\u2019&#8221; use_theme_fonts=&#8221;yes&#8221;][vc_empty_space height=&#8221;10px&#8221;][vc_custom_heading text=&#8221;(W.G. Salari)&#8221; font_container=&#8221;tag:h4|text_align:left&#8221; use_theme_fonts=&#8221;yes&#8221;][\/vc_column][\/vc_row][vc_row css=&#8221;.vc_custom_1576147241844{padding-bottom: [&hellip;]\" \/>\n<meta property=\"og:url\" content=\"https:\/\/www.salari.nl\/de\/ocs\/\" \/>\n<meta property=\"og:site_name\" content=\"W.G. Salari\" \/>\n<meta property=\"article:publisher\" content=\"https:\/\/www.facebook.com\/WGSalari\/\" \/>\n<meta property=\"article:modified_time\" content=\"2024-02-05T09:16:37+00:00\" \/>\n<meta name=\"twitter:card\" content=\"summary_large_image\" \/>\n<meta name=\"twitter:label1\" content=\"Gesch\u00e4tzte Lesezeit\" \/>\n\t<meta name=\"twitter:data1\" content=\"2\u00a0Minuten\" \/>\n<script type=\"application\/ld+json\" class=\"yoast-schema-graph\">{\"@context\":\"https:\/\/schema.org\",\"@graph\":[{\"@type\":\"WebPage\",\"@id\":\"https:\/\/www.salari.nl\/de\/ocs\/\",\"url\":\"https:\/\/www.salari.nl\/de\/ocs\/\",\"name\":\"OCS | W.G. Salari | F\u00fcr mehr Sicherheit am Arbeitsplatz!\",\"isPartOf\":{\"@id\":\"https:\/\/www.salari.nl\/#website\"},\"datePublished\":\"2024-01-30T08:28:39+00:00\",\"dateModified\":\"2024-02-05T09:16:37+00:00\",\"breadcrumb\":{\"@id\":\"https:\/\/www.salari.nl\/de\/ocs\/#breadcrumb\"},\"inLanguage\":\"de\",\"potentialAction\":[{\"@type\":\"ReadAction\",\"target\":[\"https:\/\/www.salari.nl\/de\/ocs\/\"]}]},{\"@type\":\"BreadcrumbList\",\"@id\":\"https:\/\/www.salari.nl\/de\/ocs\/#breadcrumb\",\"itemListElement\":[{\"@type\":\"ListItem\",\"position\":1,\"name\":\"Home\",\"item\":\"https:\/\/www.salari.nl\/de\/\"},{\"@type\":\"ListItem\",\"position\":2,\"name\":\"OCS\"}]},{\"@type\":\"WebSite\",\"@id\":\"https:\/\/www.salari.nl\/#website\",\"url\":\"https:\/\/www.salari.nl\/\",\"name\":\"W.G. Salari\",\"description\":\"W.G. Salari\",\"publisher\":{\"@id\":\"https:\/\/www.salari.nl\/#organization\"},\"potentialAction\":[{\"@type\":\"SearchAction\",\"target\":{\"@type\":\"EntryPoint\",\"urlTemplate\":\"https:\/\/www.salari.nl\/?s={search_term_string}\"},\"query-input\":\"required name=search_term_string\"}],\"inLanguage\":\"de\"},{\"@type\":\"Organization\",\"@id\":\"https:\/\/www.salari.nl\/#organization\",\"name\":\"W.G. Salari\",\"url\":\"https:\/\/www.salari.nl\/\",\"logo\":{\"@type\":\"ImageObject\",\"inLanguage\":\"de\",\"@id\":\"https:\/\/www.salari.nl\/#\/schema\/logo\/image\/\",\"url\":\"https:\/\/www.salari.nl\/wp-content\/uploads\/2019\/12\/footer-logo-salari.png\",\"contentUrl\":\"https:\/\/www.salari.nl\/wp-content\/uploads\/2019\/12\/footer-logo-salari.png\",\"width\":300,\"height\":80,\"caption\":\"W.G. Salari\"},\"image\":{\"@id\":\"https:\/\/www.salari.nl\/#\/schema\/logo\/image\/\"},\"sameAs\":[\"https:\/\/www.facebook.com\/WGSalari\/\",\"https:\/\/nl.linkedin.com\/company\/w-g-salari\"]}]}<\/script>\n<!-- \/ Yoast SEO plugin. -->","yoast_head_json":{"title":"OCS | W.G. Salari | F\u00fcr mehr Sicherheit am Arbeitsplatz!","robots":{"index":"index","follow":"follow","max-snippet":"max-snippet:-1","max-image-preview":"max-image-preview:large","max-video-preview":"max-video-preview:-1"},"canonical":"https:\/\/www.salari.nl\/de\/ocs\/","og_locale":"de_DE","og_type":"article","og_title":"OCS | W.G. Salari | F\u00fcr mehr Sicherheit am Arbeitsplatz!","og_description":"[vc_row css=&#8221;.vc_custom_1598519181452{padding-top: 120px !important;padding-bottom: 120px !important;background-image: url(https:\/\/www.salari.nl\/wp-content\/uploads\/2020\/08\/header-img-salari.jpg?id=3472) !important;background-position: center !important;background-repeat: no-repeat !important;background-size: cover !important;}&#8221;][vc_column][vc_custom_heading text=&#8221;OCS&#8221; font_container=&#8221;tag:h1|font_size:45px|text_align:center|color:%23ffffff&#8221; use_theme_fonts=&#8221;yes&#8221;][\/vc_column][\/vc_row][vc_row css=&#8221;.vc_custom_1576147535212{padding-top: 70px !important;padding-bottom: 30px !important;}&#8221;][vc_column][vc_custom_heading text=&#8221;\u2018The world can survive without us, but we can not survive without the world. So let us join together, to make this world a bit better!\u2019&#8221; use_theme_fonts=&#8221;yes&#8221;][vc_empty_space height=&#8221;10px&#8221;][vc_custom_heading text=&#8221;(W.G. Salari)&#8221; font_container=&#8221;tag:h4|text_align:left&#8221; use_theme_fonts=&#8221;yes&#8221;][\/vc_column][\/vc_row][vc_row css=&#8221;.vc_custom_1576147241844{padding-bottom: [&hellip;]","og_url":"https:\/\/www.salari.nl\/de\/ocs\/","og_site_name":"W.G. Salari","article_publisher":"https:\/\/www.facebook.com\/WGSalari\/","article_modified_time":"2024-02-05T09:16:37+00:00","twitter_card":"summary_large_image","twitter_misc":{"Gesch\u00e4tzte Lesezeit":"2\u00a0Minuten"},"schema":{"@context":"https:\/\/schema.org","@graph":[{"@type":"WebPage","@id":"https:\/\/www.salari.nl\/de\/ocs\/","url":"https:\/\/www.salari.nl\/de\/ocs\/","name":"OCS | W.G. Salari | F\u00fcr mehr Sicherheit am Arbeitsplatz!","isPartOf":{"@id":"https:\/\/www.salari.nl\/#website"},"datePublished":"2024-01-30T08:28:39+00:00","dateModified":"2024-02-05T09:16:37+00:00","breadcrumb":{"@id":"https:\/\/www.salari.nl\/de\/ocs\/#breadcrumb"},"inLanguage":"de","potentialAction":[{"@type":"ReadAction","target":["https:\/\/www.salari.nl\/de\/ocs\/"]}]},{"@type":"BreadcrumbList","@id":"https:\/\/www.salari.nl\/de\/ocs\/#breadcrumb","itemListElement":[{"@type":"ListItem","position":1,"name":"Home","item":"https:\/\/www.salari.nl\/de\/"},{"@type":"ListItem","position":2,"name":"OCS"}]},{"@type":"WebSite","@id":"https:\/\/www.salari.nl\/#website","url":"https:\/\/www.salari.nl\/","name":"W.G. Salari","description":"W.G. Salari","publisher":{"@id":"https:\/\/www.salari.nl\/#organization"},"potentialAction":[{"@type":"SearchAction","target":{"@type":"EntryPoint","urlTemplate":"https:\/\/www.salari.nl\/?s={search_term_string}"},"query-input":"required name=search_term_string"}],"inLanguage":"de"},{"@type":"Organization","@id":"https:\/\/www.salari.nl\/#organization","name":"W.G. Salari","url":"https:\/\/www.salari.nl\/","logo":{"@type":"ImageObject","inLanguage":"de","@id":"https:\/\/www.salari.nl\/#\/schema\/logo\/image\/","url":"https:\/\/www.salari.nl\/wp-content\/uploads\/2019\/12\/footer-logo-salari.png","contentUrl":"https:\/\/www.salari.nl\/wp-content\/uploads\/2019\/12\/footer-logo-salari.png","width":300,"height":80,"caption":"W.G. Salari"},"image":{"@id":"https:\/\/www.salari.nl\/#\/schema\/logo\/image\/"},"sameAs":["https:\/\/www.facebook.com\/WGSalari\/","https:\/\/nl.linkedin.com\/company\/w-g-salari"]}]}},"_links":{"self":[{"href":"https:\/\/www.salari.nl\/de\/wp-json\/wp\/v2\/pages\/4733"}],"collection":[{"href":"https:\/\/www.salari.nl\/de\/wp-json\/wp\/v2\/pages"}],"about":[{"href":"https:\/\/www.salari.nl\/de\/wp-json\/wp\/v2\/types\/page"}],"author":[{"embeddable":true,"href":"https:\/\/www.salari.nl\/de\/wp-json\/wp\/v2\/users\/2"}],"replies":[{"embeddable":true,"href":"https:\/\/www.salari.nl\/de\/wp-json\/wp\/v2\/comments?post=4733"}],"version-history":[{"count":2,"href":"https:\/\/www.salari.nl\/de\/wp-json\/wp\/v2\/pages\/4733\/revisions"}],"predecessor-version":[{"id":4744,"href":"https:\/\/www.salari.nl\/de\/wp-json\/wp\/v2\/pages\/4733\/revisions\/4744"}],"wp:attachment":[{"href":"https:\/\/www.salari.nl\/de\/wp-json\/wp\/v2\/media?parent=4733"}],"curies":[{"name":"wp","href":"https:\/\/api.w.org\/{rel}","templated":true}]}}