{"id":2897,"date":"2019-12-19T13:56:59","date_gmt":"2019-12-19T13:56:59","guid":{"rendered":"https:\/\/salari.webstudio7.nl\/?page_id=2897"},"modified":"2020-08-27T11:01:49","modified_gmt":"2020-08-27T11:01:49","slug":"nachrichten","status":"publish","type":"page","link":"https:\/\/www.salari.nl\/de\/nachrichten\/","title":{"rendered":"Nachrichten"},"content":{"rendered":"<p>[vc_row css=&#8221;.vc_custom_1598526099092{padding-top: 120px !important;padding-bottom: 120px !important;background-image: url(https:\/\/www.salari.nl\/wp-content\/uploads\/2020\/08\/header-img-salari.jpg?id=3473) !important;background-position: center !important;background-repeat: no-repeat !important;background-size: cover !important;}&#8221;][vc_column][vc_custom_heading text=&#8221;Nachrichten&#8221; font_container=&#8221;tag:h1|font_size:45px|text_align:center|color:%23ffffff&#8221; use_theme_fonts=&#8221;yes&#8221;][\/vc_column][\/vc_row][vc_section css=&#8221;.vc_custom_1576243270017{padding-top: 70px !important;padding-bottom: 50px !important;}&#8221; el_class=&#8221;fix-overflow gradient2&#8243;][vc_row][vc_column][vc_custom_heading text=&#8221;Folgen Sie die neuesten Nachrichten \u00fcber WG Salari&#8221; font_container=&#8221;tag:h2|text_align:center&#8221; use_theme_fonts=&#8221;yes&#8221;][vc_empty_space height=&#8221;50px&#8221;]\n\t<div class=\"blog-shortcode  has-post-content post-thumbnail-cover\">\n\t\t\n\t\t<div class=\"blog-entries\">\n\t\t\t\t\t\t\t<div class=\"entries-wrapper content-inner blog-grid\" data-grid-normal data-columns=\"3\">\n\t\t\t\t\t\t\t\t\t\t\t\n\t\t\t\t<div class=\"post post-5060 type-post status-publish format-standard has-post-thumbnail hentry category-nachrichten tag-w-g-salari-de\">\n\t\t\t\t\t<div class=\"post-inner\">\n\n\t\t\t\t\t\t<a href=\"https:\/\/www.salari.nl\/de\/wir-wuenschen-ihnen-ein-frohes-weihnachtsfest-und-ein-glueckliches-und-gesundes-jahr-2026\/\">\t\t\n\t\t\t\t\t\t\t\t\t\t\t\t\t\t\t\n\t\t\t\t\t\t\t\t\t\t\t\t\t\t\t\t\t\n\t\t\t\t\t\t\t\t\t<div class=\"post-image\">\n\t\t\t\t\t\t\t\t\t\t<div class=\"post-meta\">\n\t\t\t\t\t\t\t\t\t\t\t<div class=\"post-avatar\">\n\t\t\t\t\t\t\t\t\t\t\t\t<img alt='' src='https:\/\/secure.gravatar.com\/avatar\/9fa0ce776f77139e288847a5311174b4?s=80&#038;d=mm&#038;r=g' srcset='https:\/\/secure.gravatar.com\/avatar\/9fa0ce776f77139e288847a5311174b4?s=160&#038;d=mm&#038;r=g 2x' class='avatar avatar-80 photo' height='80' width='80' loading='lazy' decoding='async'\/>\t\t\t\t\t\t\t\t\t\t\t<\/div>\n\t\t\t\t\t\t\t\t\t\t\t<div class=\"post-author-content\">\n\t\t\t\t\t\t\t\t\t\t\t\t<span>by<\/span>\n\t\t\t\t\t\t\t\t\t\t\t\t<span class=\"post-name\">Erik Urff<\/span>\n\t\t\t\t\t\t\t\t\t\t\t<\/div>\n\t\t\t\t\t\t\t\t\t\t<\/div>\n\t\t\t\t\t\t\t\t\t\t<img width=\"940\" height=\"940\" src=\"https:\/\/www.salari.nl\/wp-content\/uploads\/2025\/12\/Kopie-van-Kopie-van-kerstkaart-2025-26-940-x-940-px.gif\" class=\"attachment-full\" alt=\"\" loading=\"lazy\" \/>\t\t\t\t\t\t\t\t\t<\/div>\n\n\t\t\t\t\t\t\t\t\n\t\t\t\t\t\t\t\n\t\t\t\t\t\t\t<div class=\"post-wrap\">\n\t\t\t\t\t\t\t\t<span class=\"post-date\">17 Dezember 2025<\/span>\n\t\t\t\t\t\t\t\t\n\t\t\t\t\t\t\t\t<h2 class=\"post-title\">Wir w\u00fcnschen Ihnen ein frohes Weihnachtsfest und ein gl\u00fcckliches und gesundes Jahr 2026!<\/h2>\n\t\t\t\t\t\t\t\t\n\t\t\t\t\t\t\t\t\t\t\t\t\t\t\t\t\t<div class=\"post-content\">\n\t\t\t\t\t\t\t\t\t\tWir w\u00fcnschen Ihnen ein frohes Weihnachts...\t\t\t\t\t\t\t\t\t<\/div>\n\t\t\t\t\t\t\t\t\n\t\t\t\t\t\t\t\t\t\t\t\t\t\t\t\t\t<span class=\"button\">\t\t\t\n\t\t\t\t\t\t\t\t\t\tWeiter lesen\t\t\t\t\t\t\t\t\t<\/span>\n\t\t\t\t\t\t\t\t\t\t\t\t\t\t\t<\/div>\n\t\t\t\t\t\t<\/a>\n\t\t\t\t\t<\/div>\t\t\n\t\t\t\t<\/div>\n\n\t\t\t\t\t\t\t\t\n\t\t\t\t<div class=\"post post-3806 type-post status-publish format-standard has-post-thumbnail hentry category-nachrichten tag-w-g-salari-de\">\n\t\t\t\t\t<div class=\"post-inner\">\n\n\t\t\t\t\t\t<a href=\"https:\/\/www.salari.nl\/de\/neue-geschaeftsraeume-in-geel-be-wurden-fertiggestellt-und-koennen-gemietet-werden\/\">\t\t\n\t\t\t\t\t\t\t\t\t\t\t\t\t\t\t\n\t\t\t\t\t\t\t\t\t\t\t\t\t\t\t\t\t\n\t\t\t\t\t\t\t\t\t<div class=\"post-image\">\n\t\t\t\t\t\t\t\t\t\t<div class=\"post-meta\">\n\t\t\t\t\t\t\t\t\t\t\t<div class=\"post-avatar\">\n\t\t\t\t\t\t\t\t\t\t\t\t<img alt='' src='https:\/\/secure.gravatar.com\/avatar\/9fa0ce776f77139e288847a5311174b4?s=80&#038;d=mm&#038;r=g' srcset='https:\/\/secure.gravatar.com\/avatar\/9fa0ce776f77139e288847a5311174b4?s=160&#038;d=mm&#038;r=g 2x' class='avatar avatar-80 photo' height='80' width='80' loading='lazy' decoding='async'\/>\t\t\t\t\t\t\t\t\t\t\t<\/div>\n\t\t\t\t\t\t\t\t\t\t\t<div class=\"post-author-content\">\n\t\t\t\t\t\t\t\t\t\t\t\t<span>by<\/span>\n\t\t\t\t\t\t\t\t\t\t\t\t<span class=\"post-name\">Erik Urff<\/span>\n\t\t\t\t\t\t\t\t\t\t\t<\/div>\n\t\t\t\t\t\t\t\t\t\t<\/div>\n\t\t\t\t\t\t\t\t\t\t<img width=\"862\" height=\"811\" src=\"https:\/\/www.salari.nl\/wp-content\/uploads\/2021\/01\/Nieuwe-loods-Geel-2021.png\" class=\"attachment-full\" alt=\"\" loading=\"lazy\" \/>\t\t\t\t\t\t\t\t\t<\/div>\n\n\t\t\t\t\t\t\t\t\n\t\t\t\t\t\t\t\n\t\t\t\t\t\t\t<div class=\"post-wrap\">\n\t\t\t\t\t\t\t\t<span class=\"post-date\">27 Januar 2021<\/span>\n\t\t\t\t\t\t\t\t\n\t\t\t\t\t\t\t\t<h2 class=\"post-title\">Neue Gesch\u00e4ftsr\u00e4ume in Geel (BE) wurden fertiggestellt und k\u00f6nnen gemietet werden!<\/h2>\n\t\t\t\t\t\t\t\t\n\t\t\t\t\t\t\t\t\t\t\t\t\t\t\t\t\t<div class=\"post-content\">\n\t\t\t\t\t\t\t\t\t\tM\u00f6chten Sie weitere Informationen? Dann ...\t\t\t\t\t\t\t\t\t<\/div>\n\t\t\t\t\t\t\t\t\n\t\t\t\t\t\t\t\t\t\t\t\t\t\t\t\t\t<span class=\"button\">\t\t\t\n\t\t\t\t\t\t\t\t\t\tWeiter lesen\t\t\t\t\t\t\t\t\t<\/span>\n\t\t\t\t\t\t\t\t\t\t\t\t\t\t\t<\/div>\n\t\t\t\t\t\t<\/a>\n\t\t\t\t\t<\/div>\t\t\n\t\t\t\t<\/div>\n\n\t\t\t\t\t\t\t\t\n\t\t\t\t<div class=\"post post-3369 type-post status-publish format-standard has-post-thumbnail hentry category-nachrichten tag-w-g-salari-de\">\n\t\t\t\t\t<div class=\"post-inner\">\n\n\t\t\t\t\t\t<a href=\"https:\/\/www.salari.nl\/de\/bau-von-20-neuen-silos\/\">\t\t\n\t\t\t\t\t\t\t\t\t\t\t\t\t\t\t\n\t\t\t\t\t\t\t\t\t\t\t\t\t\t\t\t\t\n\t\t\t\t\t\t\t\t\t<div class=\"post-image\">\n\t\t\t\t\t\t\t\t\t\t<div class=\"post-meta\">\n\t\t\t\t\t\t\t\t\t\t\t<div class=\"post-avatar\">\n\t\t\t\t\t\t\t\t\t\t\t\t<img alt='' src='https:\/\/secure.gravatar.com\/avatar\/9fa0ce776f77139e288847a5311174b4?s=80&#038;d=mm&#038;r=g' srcset='https:\/\/secure.gravatar.com\/avatar\/9fa0ce776f77139e288847a5311174b4?s=160&#038;d=mm&#038;r=g 2x' class='avatar avatar-80 photo' height='80' width='80' loading='lazy' decoding='async'\/>\t\t\t\t\t\t\t\t\t\t\t<\/div>\n\t\t\t\t\t\t\t\t\t\t\t<div class=\"post-author-content\">\n\t\t\t\t\t\t\t\t\t\t\t\t<span>by<\/span>\n\t\t\t\t\t\t\t\t\t\t\t\t<span class=\"post-name\">Erik Urff<\/span>\n\t\t\t\t\t\t\t\t\t\t\t<\/div>\n\t\t\t\t\t\t\t\t\t\t<\/div>\n\t\t\t\t\t\t\t\t\t\t<img width=\"597\" height=\"424\" src=\"https:\/\/www.salari.nl\/wp-content\/uploads\/2020\/04\/Bouw-silos-NL-4.png\" class=\"attachment-full\" alt=\"\" loading=\"lazy\" \/>\t\t\t\t\t\t\t\t\t<\/div>\n\n\t\t\t\t\t\t\t\t\n\t\t\t\t\t\t\t\n\t\t\t\t\t\t\t<div class=\"post-wrap\">\n\t\t\t\t\t\t\t\t<span class=\"post-date\">8 April 2020<\/span>\n\t\t\t\t\t\t\t\t\n\t\t\t\t\t\t\t\t<h2 class=\"post-title\">Bau von 20 neuen Silos<\/h2>\n\t\t\t\t\t\t\t\t\n\t\t\t\t\t\t\t\t\t\t\t\t\t\t\t\t\t<div class=\"post-content\">\n\t\t\t\t\t\t\t\t\t\tAm Standort in Sittard haben wir hinter ...\t\t\t\t\t\t\t\t\t<\/div>\n\t\t\t\t\t\t\t\t\n\t\t\t\t\t\t\t\t\t\t\t\t\t\t\t\t\t<span class=\"button\">\t\t\t\n\t\t\t\t\t\t\t\t\t\tWeiter lesen\t\t\t\t\t\t\t\t\t<\/span>\n\t\t\t\t\t\t\t\t\t\t\t\t\t\t\t<\/div>\n\t\t\t\t\t\t<\/a>\n\t\t\t\t\t<\/div>\t\t\n\t\t\t\t<\/div>\n\n\t\t\t\t\t\t\t\t\n\t\t\t\t<div class=\"post post-3320 type-post status-publish format-standard has-post-thumbnail hentry category-nachrichten tag-w-g-salari-de\">\n\t\t\t\t\t<div class=\"post-inner\">\n\n\t\t\t\t\t\t<a href=\"https:\/\/www.salari.nl\/de\/bau-eines-neuen-lagerhauses-in-geel-be\/\">\t\t\n\t\t\t\t\t\t\t\t\t\t\t\t\t\t\t\n\t\t\t\t\t\t\t\t\t\t\t\t\t\t\t\t\t\n\t\t\t\t\t\t\t\t\t<div class=\"post-image\">\n\t\t\t\t\t\t\t\t\t\t<div class=\"post-meta\">\n\t\t\t\t\t\t\t\t\t\t\t<div class=\"post-avatar\">\n\t\t\t\t\t\t\t\t\t\t\t\t<img alt='' src='https:\/\/secure.gravatar.com\/avatar\/9fa0ce776f77139e288847a5311174b4?s=80&#038;d=mm&#038;r=g' srcset='https:\/\/secure.gravatar.com\/avatar\/9fa0ce776f77139e288847a5311174b4?s=160&#038;d=mm&#038;r=g 2x' class='avatar avatar-80 photo' height='80' width='80' loading='lazy' decoding='async'\/>\t\t\t\t\t\t\t\t\t\t\t<\/div>\n\t\t\t\t\t\t\t\t\t\t\t<div class=\"post-author-content\">\n\t\t\t\t\t\t\t\t\t\t\t\t<span>by<\/span>\n\t\t\t\t\t\t\t\t\t\t\t\t<span class=\"post-name\">Erik Urff<\/span>\n\t\t\t\t\t\t\t\t\t\t\t<\/div>\n\t\t\t\t\t\t\t\t\t\t<\/div>\n\t\t\t\t\t\t\t\t\t\t<img width=\"2625\" height=\"1731\" src=\"https:\/\/www.salari.nl\/wp-content\/uploads\/2020\/03\/Bouw-loods-silo-BE.png\" class=\"attachment-full\" alt=\"\" loading=\"lazy\" \/>\t\t\t\t\t\t\t\t\t<\/div>\n\n\t\t\t\t\t\t\t\t\n\t\t\t\t\t\t\t\n\t\t\t\t\t\t\t<div class=\"post-wrap\">\n\t\t\t\t\t\t\t\t<span class=\"post-date\">20 M\u00e4rz 2020<\/span>\n\t\t\t\t\t\t\t\t\n\t\t\t\t\t\t\t\t<h2 class=\"post-title\">Bau eines neuen Lagerhauses in Geel (BE)<\/h2>\n\t\t\t\t\t\t\t\t\n\t\t\t\t\t\t\t\t\t\t\t\t\t\t\t\t\t<div class=\"post-content\">\n\t\t\t\t\t\t\t\t\t\tWir arbeiten derzeit intensiv daran, das...\t\t\t\t\t\t\t\t\t<\/div>\n\t\t\t\t\t\t\t\t\n\t\t\t\t\t\t\t\t\t\t\t\t\t\t\t\t\t<span class=\"button\">\t\t\t\n\t\t\t\t\t\t\t\t\t\tWeiter lesen\t\t\t\t\t\t\t\t\t<\/span>\n\t\t\t\t\t\t\t\t\t\t\t\t\t\t\t<\/div>\n\t\t\t\t\t\t<\/a>\n\t\t\t\t\t<\/div>\t\t\n\t\t\t\t<\/div>\n\n\t\t\t\t\t\t\t\t\n\t\t\t\t<div class=\"post post-2906 type-post status-publish format-standard has-post-thumbnail hentry category-nachrichten tag-w-g-salari-de\">\n\t\t\t\t\t<div class=\"post-inner\">\n\n\t\t\t\t\t\t<a href=\"https:\/\/www.salari.nl\/de\/zutrittsregeln-cleaning-verschaerft\/\">\t\t\n\t\t\t\t\t\t\t\t\t\t\t\t\t\t\t\n\t\t\t\t\t\t\t\t\t\t\t\t\t\t\t\t\t\n\t\t\t\t\t\t\t\t\t<div class=\"post-image\">\n\t\t\t\t\t\t\t\t\t\t<div class=\"post-meta\">\n\t\t\t\t\t\t\t\t\t\t\t<div class=\"post-avatar\">\n\t\t\t\t\t\t\t\t\t\t\t\t<img alt='' src='https:\/\/secure.gravatar.com\/avatar\/deaaa1d2c2f635bf7f87bc40c2861643?s=80&#038;d=mm&#038;r=g' srcset='https:\/\/secure.gravatar.com\/avatar\/deaaa1d2c2f635bf7f87bc40c2861643?s=160&#038;d=mm&#038;r=g 2x' class='avatar avatar-80 photo' height='80' width='80' loading='lazy' decoding='async'\/>\t\t\t\t\t\t\t\t\t\t\t<\/div>\n\t\t\t\t\t\t\t\t\t\t\t<div class=\"post-author-content\">\n\t\t\t\t\t\t\t\t\t\t\t\t<span>by<\/span>\n\t\t\t\t\t\t\t\t\t\t\t\t<span class=\"post-name\">admin<\/span>\n\t\t\t\t\t\t\t\t\t\t\t<\/div>\n\t\t\t\t\t\t\t\t\t\t<\/div>\n\t\t\t\t\t\t\t\t\t\t<img width=\"540\" height=\"347\" src=\"https:\/\/www.salari.nl\/wp-content\/uploads\/2018\/05\/blog-img-cleaning.jpg\" class=\"attachment-full\" alt=\"\" loading=\"lazy\" \/>\t\t\t\t\t\t\t\t\t<\/div>\n\n\t\t\t\t\t\t\t\t\n\t\t\t\t\t\t\t\n\t\t\t\t\t\t\t<div class=\"post-wrap\">\n\t\t\t\t\t\t\t\t<span class=\"post-date\">19 Dezember 2019<\/span>\n\t\t\t\t\t\t\t\t\n\t\t\t\t\t\t\t\t<h2 class=\"post-title\">Zutrittsregeln Cleaning versch\u00e4rft<\/h2>\n\t\t\t\t\t\t\t\t\n\t\t\t\t\t\t\t\t\t\t\t\t\t\t\t\t\t<div class=\"post-content\">\n\t\t\t\t\t\t\t\t\t\tKlicken Sie hier f\u00fcr umfangreichere Info...\t\t\t\t\t\t\t\t\t<\/div>\n\t\t\t\t\t\t\t\t\n\t\t\t\t\t\t\t\t\t\t\t\t\t\t\t\t\t<span class=\"button\">\t\t\t\n\t\t\t\t\t\t\t\t\t\tWeiter lesen\t\t\t\t\t\t\t\t\t<\/span>\n\t\t\t\t\t\t\t\t\t\t\t\t\t\t\t<\/div>\n\t\t\t\t\t\t<\/a>\n\t\t\t\t\t<\/div>\t\t\n\t\t\t\t<\/div>\n\n\t\t\t\t\t\t\t\t\n\t\t\t\t<div class=\"post post-2921 type-post status-publish format-standard has-post-thumbnail hentry category-nachrichten tag-w-g-salari-de\">\n\t\t\t\t\t<div class=\"post-inner\">\n\n\t\t\t\t\t\t<a href=\"https:\/\/www.salari.nl\/de\/vermeiden-sie-verschmutzung-durch-kunststoffgranulat\/\">\t\t\n\t\t\t\t\t\t\t\t\t\t\t\t\t\t\t\n\t\t\t\t\t\t\t\t\t\t\t\t\t\t\t\t\t\n\t\t\t\t\t\t\t\t\t<div class=\"post-image\">\n\t\t\t\t\t\t\t\t\t\t<div class=\"post-meta\">\n\t\t\t\t\t\t\t\t\t\t\t<div class=\"post-avatar\">\n\t\t\t\t\t\t\t\t\t\t\t\t<img alt='' src='https:\/\/secure.gravatar.com\/avatar\/deaaa1d2c2f635bf7f87bc40c2861643?s=80&#038;d=mm&#038;r=g' srcset='https:\/\/secure.gravatar.com\/avatar\/deaaa1d2c2f635bf7f87bc40c2861643?s=160&#038;d=mm&#038;r=g 2x' class='avatar avatar-80 photo' height='80' width='80' loading='lazy' decoding='async'\/>\t\t\t\t\t\t\t\t\t\t\t<\/div>\n\t\t\t\t\t\t\t\t\t\t\t<div class=\"post-author-content\">\n\t\t\t\t\t\t\t\t\t\t\t\t<span>by<\/span>\n\t\t\t\t\t\t\t\t\t\t\t\t<span class=\"post-name\">admin<\/span>\n\t\t\t\t\t\t\t\t\t\t\t<\/div>\n\t\t\t\t\t\t\t\t\t\t<\/div>\n\t\t\t\t\t\t\t\t\t\t<img width=\"540\" height=\"347\" src=\"https:\/\/www.salari.nl\/wp-content\/uploads\/2019\/12\/blog-img-nieuwe-vrachtauto.jpg\" class=\"attachment-full\" alt=\"\" loading=\"lazy\" \/>\t\t\t\t\t\t\t\t\t<\/div>\n\n\t\t\t\t\t\t\t\t\n\t\t\t\t\t\t\t\n\t\t\t\t\t\t\t<div class=\"post-wrap\">\n\t\t\t\t\t\t\t\t<span class=\"post-date\">19 Dezember 2019<\/span>\n\t\t\t\t\t\t\t\t\n\t\t\t\t\t\t\t\t<h2 class=\"post-title\">Vermeiden Sie Verschmutzung durch Kunststoffgranulat!<\/h2>\n\t\t\t\t\t\t\t\t\n\t\t\t\t\t\t\t\t\t\t\t\t\t\t\t\t\t<div class=\"post-content\">\n\t\t\t\t\t\t\t\t\t\tW.G. Salari ist seit Kurzem Partner des ...\t\t\t\t\t\t\t\t\t<\/div>\n\t\t\t\t\t\t\t\t\n\t\t\t\t\t\t\t\t\t\t\t\t\t\t\t\t\t<span class=\"button\">\t\t\t\n\t\t\t\t\t\t\t\t\t\tWeiter lesen\t\t\t\t\t\t\t\t\t<\/span>\n\t\t\t\t\t\t\t\t\t\t\t\t\t\t\t<\/div>\n\t\t\t\t\t\t<\/a>\n\t\t\t\t\t<\/div>\t\t\n\t\t\t\t<\/div>\n\n\t\t\t\t\t\t\t\t\t\t\t<\/div>\n\t\t<\/div>\n\t<\/div>[\/vc_column][\/vc_row][\/vc_section][vc_section css=&#8221;.vc_custom_1576143015161{background-color: #031d3a !important;}&#8221;][vc_row full_width=&#8221;stretch_row&#8221; css=&#8221;.vc_custom_1576251645295{padding-top: 50px !important;padding-bottom: 50px !important;background-image: url(\/\/salari.webstudio7.nl\/wp-content\/uploads\/2019\/12\/patroon-1800px.png?id=2492) !important;}&#8221; el_class=&#8221;blok-met-vector-background&#8221;][vc_column width=&#8221;2\/3&#8243;][vc_custom_heading text=&#8221;Arbeiten bei W.G. Salari? Sehen Sie sich unsere offenen Stellen an&#8221; font_container=&#8221;tag:h2|font_size:33px|text_align:left|color:%23ffffff&#8221; use_theme_fonts=&#8221;yes&#8221; css_animation=&#8221;fadeInUp&#8221; el_class=&#8221;delay-1 custom-hd&#8221;][\/vc_column][vc_column width=&#8221;1\/3&#8243;][vc_raw_html]JTNDZGl2JTIwaWQlM0QlMjJidXR0b24tY3RhLWJsb2staG9tZS1kZXNrdG9wJTIyJTIwc3R5bGUlM0QlMjJ0ZXh0LWFsaWduJTNBJTIwcmlnaHQlM0IlMjIlM0UlM0NhJTIwY2xhc3MlM0QlMjJidXR0b24lMjBsYXJnZSUyMGFjY2VudCUyMiUyMGhyZWYlM0QlMjIlMkZkZSUyRnN0ZWxsZW5hbmdlYm90ZSUyRiUyMiUzRVN0ZWxsZW5hbmdlYm90ZSUzQyUyRmElM0UlM0MlMkZkaXYlM0U=[\/vc_raw_html][vc_raw_html]JTNDZGl2JTIwaWQlM0QlMjJidXR0b24tY3RhLWJsb2staG9tZS1tb2JpbGUlMjIlMjBzdHlsZSUzRCUyMnRleHQtYWxpZ24lM0ElMjBsZWZ0JTNCJTIyJTNFJTNDYSUyMGNsYXNzJTNEJTIyYnV0dG9uJTIwbGFyZ2UlMjBhY2NlbnQlMjIlMjBocmVmJTNEJTIyJTJGZGUlMkZzdGVsbGVuYW5nZWJvdGUlMkYlMjIlM0VTdGVsbGVuYW5nZWJvdGUlM0MlMkZhJTNFJTNDJTJGZGl2JTNF[\/vc_raw_html][\/vc_column][\/vc_row][vc_row][vc_column][vc_empty_space height=&#8221;30px&#8221;][\/vc_column][\/vc_row][\/vc_section]<\/p>\n","protected":false},"excerpt":{"rendered":"<p>[vc_row css=&#8221;.vc_custom_1598526099092{padding-top: 120px !important;padding-bottom: 120px !important;background-image: url(https:\/\/www.salari.nl\/wp-content\/uploads\/2020\/08\/header-img-salari.jpg?id=3473) !important;background-position: center !important;background-repeat: no-repeat !important;background-size: cover !important;}&#8221;][vc_column][vc_custom_heading text=&#8221;Nachrichten&#8221; font_container=&#8221;tag:h1|font_size:45px|text_align:center|color:%23ffffff&#8221; use_theme_fonts=&#8221;yes&#8221;][\/vc_column][\/vc_row][vc_section css=&#8221;.vc_custom_1576243270017{padding-top: 70px !important;padding-bottom: 50px !important;}&#8221; el_class=&#8221;fix-overflow gradient2&#8243;][vc_row][vc_column][vc_custom_heading text=&#8221;Folgen Sie die neuesten Nachrichten \u00fcber WG Salari&#8221; font_container=&#8221;tag:h2|text_align:center&#8221; use_theme_fonts=&#8221;yes&#8221;][vc_empty_space height=&#8221;50px&#8221;][\/vc_column][\/vc_row][\/vc_section][vc_section css=&#8221;.vc_custom_1576143015161{background-color: #031d3a !important;}&#8221;][vc_row full_width=&#8221;stretch_row&#8221; css=&#8221;.vc_custom_1576251645295{padding-top: 50px !important;padding-bottom: 50px !important;background-image: url(\/\/salari.webstudio7.nl\/wp-content\/uploads\/2019\/12\/patroon-1800px.png?id=2492) !important;}&#8221; el_class=&#8221;blok-met-vector-background&#8221;][vc_column width=&#8221;2\/3&#8243;][vc_custom_heading text=&#8221;Arbeiten bei W.G. Salari? Sehen Sie sich [&hellip;]<\/p>\n","protected":false},"author":2,"featured_media":0,"parent":0,"menu_order":10,"comment_status":"closed","ping_status":"closed","template":"tmpl\/template-fullwidth.php","meta":{"_monsterinsights_skip_tracking":false,"_monsterinsights_sitenote_active":false,"_monsterinsights_sitenote_note":"","_monsterinsights_sitenote_category":0},"yoast_head":"<!-- This site is optimized with the Yoast SEO plugin v20.2.1 - https:\/\/yoast.com\/wordpress\/plugins\/seo\/ -->\n<title>Nachrichten | W.G. Salari<\/title>\n<meta name=\"robots\" content=\"index, follow, max-snippet:-1, max-image-preview:large, max-video-preview:-1\" \/>\n<link rel=\"canonical\" href=\"https:\/\/www.salari.nl\/de\/nachrichten\/\" \/>\n<meta property=\"og:locale\" content=\"de_DE\" \/>\n<meta property=\"og:type\" content=\"article\" \/>\n<meta property=\"og:title\" content=\"Nachrichten | W.G. Salari\" \/>\n<meta property=\"og:description\" content=\"[vc_row css=&#8221;.vc_custom_1598526099092{padding-top: 120px !important;padding-bottom: 120px !important;background-image: url(https:\/\/www.salari.nl\/wp-content\/uploads\/2020\/08\/header-img-salari.jpg?id=3473) !important;background-position: center !important;background-repeat: no-repeat !important;background-size: cover !important;}&#8221;][vc_column][vc_custom_heading text=&#8221;Nachrichten&#8221; font_container=&#8221;tag:h1|font_size:45px|text_align:center|color:%23ffffff&#8221; use_theme_fonts=&#8221;yes&#8221;][\/vc_column][\/vc_row][vc_section css=&#8221;.vc_custom_1576243270017{padding-top: 70px !important;padding-bottom: 50px !important;}&#8221; el_class=&#8221;fix-overflow gradient2&#8243;][vc_row][vc_column][vc_custom_heading text=&#8221;Folgen Sie die neuesten Nachrichten \u00fcber WG Salari&#8221; font_container=&#8221;tag:h2|text_align:center&#8221; use_theme_fonts=&#8221;yes&#8221;][vc_empty_space height=&#8221;50px&#8221;][\/vc_column][\/vc_row][\/vc_section][vc_section css=&#8221;.vc_custom_1576143015161{background-color: #031d3a !important;}&#8221;][vc_row full_width=&#8221;stretch_row&#8221; css=&#8221;.vc_custom_1576251645295{padding-top: 50px !important;padding-bottom: 50px !important;background-image: url(\/\/salari.webstudio7.nl\/wp-content\/uploads\/2019\/12\/patroon-1800px.png?id=2492) !important;}&#8221; el_class=&#8221;blok-met-vector-background&#8221;][vc_column width=&#8221;2\/3&#8243;][vc_custom_heading text=&#8221;Arbeiten bei W.G. Salari? Sehen Sie sich [&hellip;]\" \/>\n<meta property=\"og:url\" content=\"https:\/\/www.salari.nl\/de\/nachrichten\/\" \/>\n<meta property=\"og:site_name\" content=\"W.G. Salari\" \/>\n<meta property=\"article:publisher\" content=\"https:\/\/www.facebook.com\/WGSalari\/\" \/>\n<meta property=\"article:modified_time\" content=\"2020-08-27T11:01:49+00:00\" \/>\n<meta name=\"twitter:card\" content=\"summary_large_image\" \/>\n<meta name=\"twitter:label1\" content=\"Gesch\u00e4tzte Lesezeit\" \/>\n\t<meta name=\"twitter:data1\" content=\"1\u00a0Minute\" \/>\n<script type=\"application\/ld+json\" class=\"yoast-schema-graph\">{\"@context\":\"https:\/\/schema.org\",\"@graph\":[{\"@type\":\"WebPage\",\"@id\":\"https:\/\/www.salari.nl\/de\/nachrichten\/\",\"url\":\"https:\/\/www.salari.nl\/de\/nachrichten\/\",\"name\":\"Nachrichten | W.G. Salari\",\"isPartOf\":{\"@id\":\"https:\/\/www.salari.nl\/#website\"},\"datePublished\":\"2019-12-19T13:56:59+00:00\",\"dateModified\":\"2020-08-27T11:01:49+00:00\",\"breadcrumb\":{\"@id\":\"https:\/\/www.salari.nl\/de\/nachrichten\/#breadcrumb\"},\"inLanguage\":\"de\",\"potentialAction\":[{\"@type\":\"ReadAction\",\"target\":[\"https:\/\/www.salari.nl\/de\/nachrichten\/\"]}]},{\"@type\":\"BreadcrumbList\",\"@id\":\"https:\/\/www.salari.nl\/de\/nachrichten\/#breadcrumb\",\"itemListElement\":[{\"@type\":\"ListItem\",\"position\":1,\"name\":\"Home\",\"item\":\"https:\/\/www.salari.nl\/de\/\"},{\"@type\":\"ListItem\",\"position\":2,\"name\":\"Nachrichten\"}]},{\"@type\":\"WebSite\",\"@id\":\"https:\/\/www.salari.nl\/#website\",\"url\":\"https:\/\/www.salari.nl\/\",\"name\":\"W.G. Salari\",\"description\":\"W.G. Salari\",\"publisher\":{\"@id\":\"https:\/\/www.salari.nl\/#organization\"},\"potentialAction\":[{\"@type\":\"SearchAction\",\"target\":{\"@type\":\"EntryPoint\",\"urlTemplate\":\"https:\/\/www.salari.nl\/?s={search_term_string}\"},\"query-input\":\"required name=search_term_string\"}],\"inLanguage\":\"de\"},{\"@type\":\"Organization\",\"@id\":\"https:\/\/www.salari.nl\/#organization\",\"name\":\"W.G. Salari\",\"url\":\"https:\/\/www.salari.nl\/\",\"logo\":{\"@type\":\"ImageObject\",\"inLanguage\":\"de\",\"@id\":\"https:\/\/www.salari.nl\/#\/schema\/logo\/image\/\",\"url\":\"https:\/\/www.salari.nl\/wp-content\/uploads\/2019\/12\/footer-logo-salari.png\",\"contentUrl\":\"https:\/\/www.salari.nl\/wp-content\/uploads\/2019\/12\/footer-logo-salari.png\",\"width\":300,\"height\":80,\"caption\":\"W.G. Salari\"},\"image\":{\"@id\":\"https:\/\/www.salari.nl\/#\/schema\/logo\/image\/\"},\"sameAs\":[\"https:\/\/www.facebook.com\/WGSalari\/\",\"https:\/\/nl.linkedin.com\/company\/w-g-salari\"]}]}<\/script>\n<!-- \/ Yoast SEO plugin. -->","yoast_head_json":{"title":"Nachrichten | W.G. Salari","robots":{"index":"index","follow":"follow","max-snippet":"max-snippet:-1","max-image-preview":"max-image-preview:large","max-video-preview":"max-video-preview:-1"},"canonical":"https:\/\/www.salari.nl\/de\/nachrichten\/","og_locale":"de_DE","og_type":"article","og_title":"Nachrichten | W.G. Salari","og_description":"[vc_row css=&#8221;.vc_custom_1598526099092{padding-top: 120px !important;padding-bottom: 120px !important;background-image: url(https:\/\/www.salari.nl\/wp-content\/uploads\/2020\/08\/header-img-salari.jpg?id=3473) !important;background-position: center !important;background-repeat: no-repeat !important;background-size: cover !important;}&#8221;][vc_column][vc_custom_heading text=&#8221;Nachrichten&#8221; font_container=&#8221;tag:h1|font_size:45px|text_align:center|color:%23ffffff&#8221; use_theme_fonts=&#8221;yes&#8221;][\/vc_column][\/vc_row][vc_section css=&#8221;.vc_custom_1576243270017{padding-top: 70px !important;padding-bottom: 50px !important;}&#8221; el_class=&#8221;fix-overflow gradient2&#8243;][vc_row][vc_column][vc_custom_heading text=&#8221;Folgen Sie die neuesten Nachrichten \u00fcber WG Salari&#8221; font_container=&#8221;tag:h2|text_align:center&#8221; use_theme_fonts=&#8221;yes&#8221;][vc_empty_space height=&#8221;50px&#8221;][\/vc_column][\/vc_row][\/vc_section][vc_section css=&#8221;.vc_custom_1576143015161{background-color: #031d3a !important;}&#8221;][vc_row full_width=&#8221;stretch_row&#8221; css=&#8221;.vc_custom_1576251645295{padding-top: 50px !important;padding-bottom: 50px !important;background-image: url(\/\/salari.webstudio7.nl\/wp-content\/uploads\/2019\/12\/patroon-1800px.png?id=2492) !important;}&#8221; el_class=&#8221;blok-met-vector-background&#8221;][vc_column width=&#8221;2\/3&#8243;][vc_custom_heading text=&#8221;Arbeiten bei W.G. Salari? Sehen Sie sich [&hellip;]","og_url":"https:\/\/www.salari.nl\/de\/nachrichten\/","og_site_name":"W.G. Salari","article_publisher":"https:\/\/www.facebook.com\/WGSalari\/","article_modified_time":"2020-08-27T11:01:49+00:00","twitter_card":"summary_large_image","twitter_misc":{"Gesch\u00e4tzte Lesezeit":"1\u00a0Minute"},"schema":{"@context":"https:\/\/schema.org","@graph":[{"@type":"WebPage","@id":"https:\/\/www.salari.nl\/de\/nachrichten\/","url":"https:\/\/www.salari.nl\/de\/nachrichten\/","name":"Nachrichten | W.G. Salari","isPartOf":{"@id":"https:\/\/www.salari.nl\/#website"},"datePublished":"2019-12-19T13:56:59+00:00","dateModified":"2020-08-27T11:01:49+00:00","breadcrumb":{"@id":"https:\/\/www.salari.nl\/de\/nachrichten\/#breadcrumb"},"inLanguage":"de","potentialAction":[{"@type":"ReadAction","target":["https:\/\/www.salari.nl\/de\/nachrichten\/"]}]},{"@type":"BreadcrumbList","@id":"https:\/\/www.salari.nl\/de\/nachrichten\/#breadcrumb","itemListElement":[{"@type":"ListItem","position":1,"name":"Home","item":"https:\/\/www.salari.nl\/de\/"},{"@type":"ListItem","position":2,"name":"Nachrichten"}]},{"@type":"WebSite","@id":"https:\/\/www.salari.nl\/#website","url":"https:\/\/www.salari.nl\/","name":"W.G. Salari","description":"W.G. Salari","publisher":{"@id":"https:\/\/www.salari.nl\/#organization"},"potentialAction":[{"@type":"SearchAction","target":{"@type":"EntryPoint","urlTemplate":"https:\/\/www.salari.nl\/?s={search_term_string}"},"query-input":"required name=search_term_string"}],"inLanguage":"de"},{"@type":"Organization","@id":"https:\/\/www.salari.nl\/#organization","name":"W.G. Salari","url":"https:\/\/www.salari.nl\/","logo":{"@type":"ImageObject","inLanguage":"de","@id":"https:\/\/www.salari.nl\/#\/schema\/logo\/image\/","url":"https:\/\/www.salari.nl\/wp-content\/uploads\/2019\/12\/footer-logo-salari.png","contentUrl":"https:\/\/www.salari.nl\/wp-content\/uploads\/2019\/12\/footer-logo-salari.png","width":300,"height":80,"caption":"W.G. Salari"},"image":{"@id":"https:\/\/www.salari.nl\/#\/schema\/logo\/image\/"},"sameAs":["https:\/\/www.facebook.com\/WGSalari\/","https:\/\/nl.linkedin.com\/company\/w-g-salari"]}]}},"_links":{"self":[{"href":"https:\/\/www.salari.nl\/de\/wp-json\/wp\/v2\/pages\/2897"}],"collection":[{"href":"https:\/\/www.salari.nl\/de\/wp-json\/wp\/v2\/pages"}],"about":[{"href":"https:\/\/www.salari.nl\/de\/wp-json\/wp\/v2\/types\/page"}],"author":[{"embeddable":true,"href":"https:\/\/www.salari.nl\/de\/wp-json\/wp\/v2\/users\/2"}],"replies":[{"embeddable":true,"href":"https:\/\/www.salari.nl\/de\/wp-json\/wp\/v2\/comments?post=2897"}],"version-history":[{"count":0,"href":"https:\/\/www.salari.nl\/de\/wp-json\/wp\/v2\/pages\/2897\/revisions"}],"wp:attachment":[{"href":"https:\/\/www.salari.nl\/de\/wp-json\/wp\/v2\/media?parent=2897"}],"curies":[{"name":"wp","href":"https:\/\/api.w.org\/{rel}","templated":true}]}}