{"id":2877,"date":"2019-12-19T13:28:45","date_gmt":"2019-12-19T13:28:45","guid":{"rendered":"https:\/\/salari.webstudio7.nl\/?page_id=2877"},"modified":"2020-08-27T13:02:27","modified_gmt":"2020-08-27T13:02:27","slug":"uber-salari","status":"publish","type":"page","link":"https:\/\/www.salari.nl\/de\/uber-salari\/","title":{"rendered":"\u00dcber Salari"},"content":{"rendered":"<p>[vc_row source=&#8221;&#8221; text=&#8221;Contact&#8221; font_container=&#8221;tag:h1|font_size:45px|text_align:center|color:%23ffffff&#8221; use_theme_fonts=&#8221;yes&#8221; google_fonts=&#8221;font_family:Abril%20Fatface%3Aregular|font_style:400%20regular%3A400%3Anormal&#8221; link=&#8221;&#8221; css=&#8221;.vc_custom_1598522038974{padding-top: 120px !important;padding-bottom: 120px !important;background-image: url(https:\/\/www.salari.nl\/wp-content\/uploads\/2020\/08\/header-img-salari.jpg?id=3473) !important;background-position: center !important;background-repeat: no-repeat !important;background-size: cover !important;}&#8221;][vc_column][vc_custom_heading text=&#8221;\u00dcber W.G. Salari&#8221; font_container=&#8221;tag:h1|font_size:45px|text_align:center|color:%23ffffff&#8221; use_theme_fonts=&#8221;yes&#8221; css=&#8221;.vc_custom_1598521683839{background-position: center !important;background-repeat: no-repeat !important;background-size: cover !important;}&#8221;][\/vc_column][\/vc_row][vc_row][vc_column][vc_empty_space height=&#8221;60px&#8221;][vc_custom_heading text=&#8221;W.G. Salari ist heute ein modernes und zukunftsweisendes Unternehmen, das Transporte durch ganz Europa&#8221; font_container=&#8221;tag:h2|text_align:center&#8221; use_theme_fonts=&#8221;yes&#8221;][vc_empty_space height=&#8221;30px&#8221;][\/vc_column][\/vc_row][vc_row][vc_column width=&#8221;1\/2&#8243;][vc_empty_space height=&#8221;30px&#8221;][vc_column_text]Seit jeher liegt das Unternehmertum der Familie Salari in den Genen. W.G. Salari ist ein Familienbetrieb, der 1936 in Utrecht gegr\u00fcndet wurde und inzwischen bereits von der dritten Generation der Familie geleitet wird.<\/p>\n<p>Das Unternehmen verzeichnet seitdem ein st\u00e4ndiges Wachstum. Was einst als eine kleine Spedition anfing, hat sich inzwischen zu einem logistischen Dienstleistungsunternehmen entwickelt, das international f\u00fcr f\u00fchrende Firmen aus unter anderem dem Bereich der Petrochemie t\u00e4tig ist und mit diesen Unternehmen zusammenarbeitet.<\/p>\n<p>W.G. Salari ist heute ein modernes und zukunftsweisendes Unternehmen, das Transporte durch ganz Europa durchf\u00fchrt, wobei der Schwerpunkt zurzeit auf Deutschland, Frankreich und Skandinavien liegt. Das Logistikunternehmen hat sich auf Stra\u00dfentransporte und den intermodalen Verkehr von trockenen Produkten in Pulver- und Granulatform spezialisiert.[\/vc_column_text][\/vc_column][vc_column width=&#8221;1\/2&#8243;][vc_empty_space height=&#8221;30px&#8221;][vc_column_text]Au\u00dfer Transporten bieten wir ein umfassendes logistisches Leistungspaket in sowohl Sittard (NL) und Geel (B) an. An beiden Standorten befinden sich mehrere Lagerst\u00e4tten, die zudem die Vermietung von Lagerraum und Silolagerung umfassen.<\/p>\n<p>Dar\u00fcber hinaus konzentriert sich das Unternehmen besonders in Hinsicht auf die Expansion der Organisation im Ausland. Ein Beweis daf\u00fcr sind unsere T\u00e4tigkeiten in unter anderem G\u00f6teborg (S) und im deutschen Selfkant.[\/vc_column_text][vc_empty_space height=&#8221;30px&#8221;][vc_column_text]<\/p>\n<p style=\"text-align: left;\"><a class=\"button large accent\" href=\"\/de\/kontakt\/\">Kontaktieren Sie uns<\/a>[\/vc_column_text][vc_empty_space height=&#8221;60px&#8221;][\/vc_column][\/vc_row][vc_row el_class=&#8221;gradient2 fix-overflow&#8221; css=&#8221;.vc_custom_1576140573097{padding-top: 70px !important;padding-bottom: 70px !important;}&#8221;][vc_column css_animation=&#8221;fadeIn&#8221; width=&#8221;1\/3&#8243; el_class=&#8221;delay-1&#8243;]<div class=\"iconbox style2 \">\n\n\t<h4 class=\"box-title\">Unsere Leistungen<\/h4>\n\t<div class=\"box-detail\">\n\t\t<p>Unser Kerngesch\u00e4ft ist der Transport, aber wir k\u00f6nnen Ihnen mehr als nur den Transport von A nach B anbieten.<\/p>\n\t\n\t<\/div>\n\t<div class=\"box-icon\"><img src=\"https:\/\/www.salari.nl\/wp-content\/uploads\/2019\/12\/icon-vrachtauto.png\" alt=\"Unsere Leistungen\" \/><\/div>\t\n\t\n\t\t<div class=\"box-readmore\">\n\t\t\t<a class=\"button no-bg\" href=\"\/de\/dienstleistungen\/\">Unsere Leistungen<\/a>\n\t\t<\/div>\n<\/div>[vc_empty_space height=&#8221;30px&#8221;][\/vc_column][vc_column css_animation=&#8221;fadeIn&#8221; width=&#8221;1\/3&#8243; el_class=&#8221;delay-2&#8243;]<div class=\"iconbox style2 \">\n\n\t<h4 class=\"box-title\">Unser Qualit\u00e4tssystem<\/h4>\n\t<div class=\"box-detail\">\n\t\t<p>Unser Qualit\u00e4tssystem ist ein wesentlicher Bestandteil unserer Aktivit\u00e4ten. Es gibt uns die &#8230;<\/p>\n\t\n\t<\/div>\n\t<div class=\"box-icon\"><img src=\"https:\/\/www.salari.nl\/wp-content\/uploads\/2018\/08\/statistic-2506_e2b2324b-d438-4f8d-9a74-eff54421bdfc.svg\" alt=\"Unser Qualit\u00e4tssystem\" \/><\/div>\t\n\t\n\t\t<div class=\"box-readmore\">\n\t\t\t<a class=\"button no-bg\" href=\"\/de\/qshe\/\">Unser Qualit\u00e4tssystem<\/a>\n\t\t<\/div>\n<\/div>[vc_empty_space height=&#8221;30px&#8221;][\/vc_column][vc_column css_animation=&#8221;fadeIn&#8221; width=&#8221;1\/3&#8243; el_class=&#8221;delay-3&#8243;]<div class=\"iconbox style2 \">\n\n\t<h4 class=\"box-title\">Zertifiziert<\/h4>\n\t<div class=\"box-detail\">\n\t\t<p>W.G. Salari ist zertifiziert nach den Standards und Richtlinien von ISO 9001: 2015, GMP + FSA, &#8230;<\/p>\n\t\n\t<\/div>\n\t<div class=\"box-icon\"><img src=\"https:\/\/www.salari.nl\/wp-content\/uploads\/2018\/08\/verify-user-2882_b0075205-a1f2-46c2-b604-9f8cefd88c90.svg\" alt=\"Zertifiziert\" \/><\/div>\t\n\t\n\t\t<div class=\"box-readmore\">\n\t\t\t<a class=\"button no-bg\" href=\"\/de\/zertifizierungen\/\">Unsere Zertifikate<\/a>\n\t\t<\/div>\n<\/div>[vc_empty_space height=&#8221;30px&#8221;][\/vc_column][\/vc_row][vc_row][vc_column width=&#8221;1\/2&#8243;][vc_empty_space height=&#8221;80px&#8221;][vc_single_image image=&#8221;3723&#8243; img_size=&#8221;full&#8221;][vc_empty_space height=&#8221;90px&#8221;][\/vc_column][vc_column width=&#8221;1\/2&#8243;][vc_empty_space height=&#8221;80px&#8221;][vc_single_image image=&#8221;3720&#8243; img_size=&#8221;full&#8221;][vc_empty_space height=&#8221;90px&#8221;][\/vc_column][\/vc_row][vc_section css=&#8221;.vc_custom_1576662298829{background-color: #031d3a !important;}&#8221;][vc_row css=&#8221;.vc_custom_1576662358520{padding-top: 30px !important;}&#8221;][vc_column][vc_custom_heading text=&#8221;Unsere Zielsetzung, Firmenphilosophie und Zentrale Werte&#8221; font_container=&#8221;tag:h2|text_align:center|color:%23ffffff&#8221; use_theme_fonts=&#8221;yes&#8221;][vc_empty_space height=&#8221;40px&#8221;][\/vc_column][\/vc_row][vc_row el_id=&#8221;missie-en-visie-blok&#8221; css=&#8221;.vc_custom_1576662290415{padding-top: 70px !important;padding-bottom: 70px !important;background-image: url(\/\/salari.webstudio7.nl\/wp-content\/uploads\/2019\/12\/patroon-1800px.png?id=2492) !important;}&#8221; el_class=&#8221;blok-met-vector-background&#8221;][vc_column width=&#8221;1\/3&#8243;][vc_column_text]<\/p>\n<h4>Zielsetzung<\/h4>\n<p>W.G. Salari ist ein Unternehmen, das seine Kunden auf der Grundlage eines engagierten Unternehmertums optimal betreuen will. Dabei sorgen Gr\u00fcndlichkeit, Courage und Engagement daf\u00fcr, dass wir ein verl\u00e4sslicher Logistikpartner sind.[\/vc_column_text][\/vc_column][vc_column width=&#8221;1\/3&#8243;][vc_column_text]<\/p>\n<h4>Firmenphilosophie<\/h4>\n<p>Bei W.G. Salari lautet einer der Grunds\u00e4tze, dass Absprachen eingehalten werden. Langfristige Partnerschaften mit unseren Kunden stehen im Mittelpunkt, sodass ein starkes Fundament f\u00fcr die Zusammenarbeit gelegt wird. Unser Anliegen lautet, uns auf diese Weise als strategischer Partner f\u00fcr unsere Kunden zu profilieren. Indem wir unser Angebot und unseren Kundenkreis weiter vergr\u00f6\u00dfern, wollen wir ein weiteres Wachstum verbuchen. F\u00fcr uns ist es wichtig, dass wir im Rahmen dieser Erweiterung die Qualit\u00e4t unserer Dienstleistungen im Auge behalten und das derzeitige, hohe Niveau auch in Zukunft gew\u00e4hrleisten.[\/vc_column_text][\/vc_column][vc_column width=&#8221;1\/3&#8243;][vc_column_text]<\/p>\n<h4>Zentrale Werte<\/h4>\n<p>Bei W.G. Salari gelten vier zentrale Werte, mit denen unsere Zielsetzungen deutlich zusammengefasst werden und die wir bei unseren t\u00e4glichen Arbeiten immer beachten:<\/p>\n<ul>\n<li>Sicherheit<\/li>\n<li>Qualit\u00e4t<\/li>\n<li>Serviceorientierung<\/li>\n<li>Zuverl\u00e4ssigkeit<\/li>\n<\/ul>\n<p>Bei W.G. Salari werden auch Ordnung und Sauberkeit ganz gro\u00df geschrieben. Ein Beleg daf\u00fcr sind die strengen Sicherheitsanforderungen, eine gute Qualit\u00e4t, unsere Zuverl\u00e4ssigkeit sowie die serviceorientierte Einstellung unseren Kunden gegen\u00fcber.[\/vc_column_text][\/vc_column][\/vc_row][\/vc_section]<\/p>\n","protected":false},"excerpt":{"rendered":"<p>[vc_row source=&#8221;&#8221; text=&#8221;Contact&#8221; font_container=&#8221;tag:h1|font_size:45px|text_align:center|color:%23ffffff&#8221; use_theme_fonts=&#8221;yes&#8221; google_fonts=&#8221;font_family:Abril%20Fatface%3Aregular|font_style:400%20regular%3A400%3Anormal&#8221; link=&#8221;&#8221; css=&#8221;.vc_custom_1598522038974{padding-top: 120px !important;padding-bottom: 120px !important;background-image: url(https:\/\/www.salari.nl\/wp-content\/uploads\/2020\/08\/header-img-salari.jpg?id=3473) !important;background-position: center !important;background-repeat: no-repeat !important;background-size: cover !important;}&#8221;][vc_column][vc_custom_heading text=&#8221;\u00dcber W.G. Salari&#8221; font_container=&#8221;tag:h1|font_size:45px|text_align:center|color:%23ffffff&#8221; use_theme_fonts=&#8221;yes&#8221; css=&#8221;.vc_custom_1598521683839{background-position: center !important;background-repeat: no-repeat !important;background-size: cover !important;}&#8221;][\/vc_column][\/vc_row][vc_row][vc_column][vc_empty_space height=&#8221;60px&#8221;][vc_custom_heading text=&#8221;W.G. Salari ist heute ein modernes und zukunftsweisendes Unternehmen, das Transporte durch ganz Europa&#8221; font_container=&#8221;tag:h2|text_align:center&#8221; use_theme_fonts=&#8221;yes&#8221;][vc_empty_space height=&#8221;30px&#8221;][\/vc_column][\/vc_row][vc_row][vc_column width=&#8221;1\/2&#8243;][vc_empty_space height=&#8221;30px&#8221;][vc_column_text]Seit jeher liegt das [&hellip;]<\/p>\n","protected":false},"author":2,"featured_media":0,"parent":0,"menu_order":91,"comment_status":"closed","ping_status":"closed","template":"tmpl\/template-fullwidth.php","meta":{"_monsterinsights_skip_tracking":false,"_monsterinsights_sitenote_active":false,"_monsterinsights_sitenote_note":"","_monsterinsights_sitenote_category":0},"yoast_head":"<!-- This site is optimized with the Yoast SEO plugin v20.2.1 - https:\/\/yoast.com\/wordpress\/plugins\/seo\/ -->\n<title>\u00dcber W.G. Salari | Transport von A nach B in ganz Europa<\/title>\n<meta name=\"description\" content=\"W.G Salari ist auf den Stra\u00dfentransport und den intermodalen Transport von Trockenpulver und Granulaten spezialisiert. Lesen Sie hier mehr \u00fcber W.G. Salari.\" \/>\n<meta name=\"robots\" content=\"index, follow, max-snippet:-1, max-image-preview:large, max-video-preview:-1\" \/>\n<link rel=\"canonical\" href=\"https:\/\/www.salari.nl\/de\/uber-salari\/\" \/>\n<meta property=\"og:locale\" content=\"de_DE\" \/>\n<meta property=\"og:type\" content=\"article\" \/>\n<meta property=\"og:title\" content=\"\u00dcber W.G. Salari | Transport von A nach B in ganz Europa\" \/>\n<meta property=\"og:description\" content=\"W.G Salari ist auf den Stra\u00dfentransport und den intermodalen Transport von Trockenpulver und Granulaten spezialisiert. Lesen Sie hier mehr \u00fcber W.G. Salari.\" \/>\n<meta property=\"og:url\" content=\"https:\/\/www.salari.nl\/de\/uber-salari\/\" \/>\n<meta property=\"og:site_name\" content=\"W.G. Salari\" \/>\n<meta property=\"article:publisher\" content=\"https:\/\/www.facebook.com\/WGSalari\/\" \/>\n<meta property=\"article:modified_time\" content=\"2020-08-27T13:02:27+00:00\" \/>\n<meta name=\"twitter:card\" content=\"summary_large_image\" \/>\n<meta name=\"twitter:label1\" content=\"Gesch\u00e4tzte Lesezeit\" \/>\n\t<meta name=\"twitter:data1\" content=\"5\u00a0Minuten\" \/>\n<script type=\"application\/ld+json\" class=\"yoast-schema-graph\">{\"@context\":\"https:\/\/schema.org\",\"@graph\":[{\"@type\":\"WebPage\",\"@id\":\"https:\/\/www.salari.nl\/de\/uber-salari\/\",\"url\":\"https:\/\/www.salari.nl\/de\/uber-salari\/\",\"name\":\"\u00dcber W.G. Salari | Transport von A nach B in ganz Europa\",\"isPartOf\":{\"@id\":\"https:\/\/www.salari.nl\/#website\"},\"datePublished\":\"2019-12-19T13:28:45+00:00\",\"dateModified\":\"2020-08-27T13:02:27+00:00\",\"description\":\"W.G Salari ist auf den Stra\u00dfentransport und den intermodalen Transport von Trockenpulver und Granulaten spezialisiert. Lesen Sie hier mehr \u00fcber W.G. Salari.\",\"breadcrumb\":{\"@id\":\"https:\/\/www.salari.nl\/de\/uber-salari\/#breadcrumb\"},\"inLanguage\":\"de\",\"potentialAction\":[{\"@type\":\"ReadAction\",\"target\":[\"https:\/\/www.salari.nl\/de\/uber-salari\/\"]}]},{\"@type\":\"BreadcrumbList\",\"@id\":\"https:\/\/www.salari.nl\/de\/uber-salari\/#breadcrumb\",\"itemListElement\":[{\"@type\":\"ListItem\",\"position\":1,\"name\":\"Home\",\"item\":\"https:\/\/www.salari.nl\/de\/\"},{\"@type\":\"ListItem\",\"position\":2,\"name\":\"\u00dcber Salari\"}]},{\"@type\":\"WebSite\",\"@id\":\"https:\/\/www.salari.nl\/#website\",\"url\":\"https:\/\/www.salari.nl\/\",\"name\":\"W.G. Salari\",\"description\":\"W.G. Salari\",\"publisher\":{\"@id\":\"https:\/\/www.salari.nl\/#organization\"},\"potentialAction\":[{\"@type\":\"SearchAction\",\"target\":{\"@type\":\"EntryPoint\",\"urlTemplate\":\"https:\/\/www.salari.nl\/?s={search_term_string}\"},\"query-input\":\"required name=search_term_string\"}],\"inLanguage\":\"de\"},{\"@type\":\"Organization\",\"@id\":\"https:\/\/www.salari.nl\/#organization\",\"name\":\"W.G. Salari\",\"url\":\"https:\/\/www.salari.nl\/\",\"logo\":{\"@type\":\"ImageObject\",\"inLanguage\":\"de\",\"@id\":\"https:\/\/www.salari.nl\/#\/schema\/logo\/image\/\",\"url\":\"https:\/\/www.salari.nl\/wp-content\/uploads\/2019\/12\/footer-logo-salari.png\",\"contentUrl\":\"https:\/\/www.salari.nl\/wp-content\/uploads\/2019\/12\/footer-logo-salari.png\",\"width\":300,\"height\":80,\"caption\":\"W.G. Salari\"},\"image\":{\"@id\":\"https:\/\/www.salari.nl\/#\/schema\/logo\/image\/\"},\"sameAs\":[\"https:\/\/www.facebook.com\/WGSalari\/\",\"https:\/\/nl.linkedin.com\/company\/w-g-salari\"]}]}<\/script>\n<!-- \/ Yoast SEO plugin. -->","yoast_head_json":{"title":"\u00dcber W.G. Salari | Transport von A nach B in ganz Europa","description":"W.G Salari ist auf den Stra\u00dfentransport und den intermodalen Transport von Trockenpulver und Granulaten spezialisiert. Lesen Sie hier mehr \u00fcber W.G. Salari.","robots":{"index":"index","follow":"follow","max-snippet":"max-snippet:-1","max-image-preview":"max-image-preview:large","max-video-preview":"max-video-preview:-1"},"canonical":"https:\/\/www.salari.nl\/de\/uber-salari\/","og_locale":"de_DE","og_type":"article","og_title":"\u00dcber W.G. Salari | Transport von A nach B in ganz Europa","og_description":"W.G Salari ist auf den Stra\u00dfentransport und den intermodalen Transport von Trockenpulver und Granulaten spezialisiert. Lesen Sie hier mehr \u00fcber W.G. Salari.","og_url":"https:\/\/www.salari.nl\/de\/uber-salari\/","og_site_name":"W.G. Salari","article_publisher":"https:\/\/www.facebook.com\/WGSalari\/","article_modified_time":"2020-08-27T13:02:27+00:00","twitter_card":"summary_large_image","twitter_misc":{"Gesch\u00e4tzte Lesezeit":"5\u00a0Minuten"},"schema":{"@context":"https:\/\/schema.org","@graph":[{"@type":"WebPage","@id":"https:\/\/www.salari.nl\/de\/uber-salari\/","url":"https:\/\/www.salari.nl\/de\/uber-salari\/","name":"\u00dcber W.G. Salari | Transport von A nach B in ganz Europa","isPartOf":{"@id":"https:\/\/www.salari.nl\/#website"},"datePublished":"2019-12-19T13:28:45+00:00","dateModified":"2020-08-27T13:02:27+00:00","description":"W.G Salari ist auf den Stra\u00dfentransport und den intermodalen Transport von Trockenpulver und Granulaten spezialisiert. Lesen Sie hier mehr \u00fcber W.G. Salari.","breadcrumb":{"@id":"https:\/\/www.salari.nl\/de\/uber-salari\/#breadcrumb"},"inLanguage":"de","potentialAction":[{"@type":"ReadAction","target":["https:\/\/www.salari.nl\/de\/uber-salari\/"]}]},{"@type":"BreadcrumbList","@id":"https:\/\/www.salari.nl\/de\/uber-salari\/#breadcrumb","itemListElement":[{"@type":"ListItem","position":1,"name":"Home","item":"https:\/\/www.salari.nl\/de\/"},{"@type":"ListItem","position":2,"name":"\u00dcber Salari"}]},{"@type":"WebSite","@id":"https:\/\/www.salari.nl\/#website","url":"https:\/\/www.salari.nl\/","name":"W.G. Salari","description":"W.G. Salari","publisher":{"@id":"https:\/\/www.salari.nl\/#organization"},"potentialAction":[{"@type":"SearchAction","target":{"@type":"EntryPoint","urlTemplate":"https:\/\/www.salari.nl\/?s={search_term_string}"},"query-input":"required name=search_term_string"}],"inLanguage":"de"},{"@type":"Organization","@id":"https:\/\/www.salari.nl\/#organization","name":"W.G. Salari","url":"https:\/\/www.salari.nl\/","logo":{"@type":"ImageObject","inLanguage":"de","@id":"https:\/\/www.salari.nl\/#\/schema\/logo\/image\/","url":"https:\/\/www.salari.nl\/wp-content\/uploads\/2019\/12\/footer-logo-salari.png","contentUrl":"https:\/\/www.salari.nl\/wp-content\/uploads\/2019\/12\/footer-logo-salari.png","width":300,"height":80,"caption":"W.G. Salari"},"image":{"@id":"https:\/\/www.salari.nl\/#\/schema\/logo\/image\/"},"sameAs":["https:\/\/www.facebook.com\/WGSalari\/","https:\/\/nl.linkedin.com\/company\/w-g-salari"]}]}},"_links":{"self":[{"href":"https:\/\/www.salari.nl\/de\/wp-json\/wp\/v2\/pages\/2877"}],"collection":[{"href":"https:\/\/www.salari.nl\/de\/wp-json\/wp\/v2\/pages"}],"about":[{"href":"https:\/\/www.salari.nl\/de\/wp-json\/wp\/v2\/types\/page"}],"author":[{"embeddable":true,"href":"https:\/\/www.salari.nl\/de\/wp-json\/wp\/v2\/users\/2"}],"replies":[{"embeddable":true,"href":"https:\/\/www.salari.nl\/de\/wp-json\/wp\/v2\/comments?post=2877"}],"version-history":[{"count":0,"href":"https:\/\/www.salari.nl\/de\/wp-json\/wp\/v2\/pages\/2877\/revisions"}],"wp:attachment":[{"href":"https:\/\/www.salari.nl\/de\/wp-json\/wp\/v2\/media?parent=2877"}],"curies":[{"name":"wp","href":"https:\/\/api.w.org\/{rel}","templated":true}]}}