{"id":2867,"date":"2019-12-19T12:48:22","date_gmt":"2019-12-19T12:48:22","guid":{"rendered":"https:\/\/salari.webstudio7.nl\/?page_id=2867"},"modified":"2024-02-05T09:21:49","modified_gmt":"2024-02-05T09:21:49","slug":"reinigung","status":"publish","type":"page","link":"https:\/\/www.salari.nl\/de\/dienstleistungen\/reinigung\/","title":{"rendered":"Reinigung"},"content":{"rendered":"<p>[vc_row css=&#8221;.vc_custom_1598526272952{padding-top: 120px !important;padding-bottom: 120px !important;background-image: url(https:\/\/www.salari.nl\/wp-content\/uploads\/2020\/08\/header-img-salari.jpg?id=3473) !important;background-position: center !important;background-repeat: no-repeat !important;background-size: cover !important;}&#8221;][vc_column][vc_custom_heading text=&#8221;Reinigung&#8221; font_container=&#8221;tag:h1|font_size:45px|text_align:center|color:%23ffffff&#8221; use_theme_fonts=&#8221;yes&#8221;][\/vc_column][\/vc_row][vc_row css=&#8221;.vc_custom_1576147535212{padding-top: 70px !important;padding-bottom: 30px !important;}&#8221;][vc_column][vc_custom_heading text=&#8221;Wir sind f\u00fcr die Massen- und Tankreinigung zertifiziert (kein ADR)&#8221; use_theme_fonts=&#8221;yes&#8221;][\/vc_column][\/vc_row][vc_row css=&#8221;.vc_custom_1576157015637{padding-bottom: 60px !important;}&#8221;][vc_column width=&#8221;1\/2&#8243;][vc_column_text]Wir sind f\u00fcr die Reinigung von Bulk- und Tankfahrzeugen zertifiziert (ausgenommen Fahrzeuge, die gem\u00e4\u00df ADR Gefahrgut transportieren). W.G. Salari \u00fcbernimmt dar\u00fcber hinaus auch die Reinigung von Fahrzeugen f\u00fcr den Futtermitteltransport gem\u00e4\u00df GMP. Zu unserem Leistungsspektrum z\u00e4hlen ferner die Innenreinigung und Desinfektion von Aufliegern von Bulk- und Tankfahrzeugen.<\/p>\n<p>Wir verf\u00fcgen \u00fcber drei moderne, schnelle, vollst\u00e4ndig \u00fcberdachte Reinigungsstra\u00dfen. Dar\u00fcber hinaus geben wir standardm\u00e4\u00dfig ein European Cleaning Document (ECD) heraus.<\/p>\n<p>Unser Reinigungsservice steht Ihnen zu folgenden Zeiten zur Verf\u00fcgung:<\/p>\n<ul>\n<li>Montag bis Freitag: 07\u00a0bis 21\u00a0Uhr.<\/li>\n<li>Samstag: 07 bis 12 Uhr.<\/li>\n<\/ul>\n<p>Sie w\u00fcnschen weitere Informationen zu unseren Reinigungsleistungen? Dann f\u00fcllen Sie das Kontaktformular aus. Wir werden schnellstm\u00f6glich Kontakt zu Ihnen aufnehmen.[\/vc_column_text][vc_empty_space height=&#8221;30px&#8221;][vc_raw_html]JTNDZGl2JTIwaWQlM0QlMjJidXR0b24tY3RhLWJsb2staG9tZS1kZXNrdG9wJTIyJTNFJTNDYSUyMHRhcmdldCUzRCUyMl9ibGFuayUyMiUyMGNsYXNzJTNEJTIyYnV0dG9uJTIwbGFyZ2UlMjBhY2NlbnQlMjIlMjBocmVmJTNEJTIyJTJGd3AtY29udGVudCUyRnVwbG9hZHMlMkYyMDE5JTJGMTIlMkZUb2VnYW5nc3JlZ2Vscy1DbGVhbmluZy5wZGYlMjIlMjAlM0VadXRyaXR0c3JlZ2xuJTIwQ2xlYW5pbmclM0MlMkZhJTNFJTNDJTJGZGl2JTNF[\/vc_raw_html][vc_empty_space height=&#8221;30px&#8221;][vc_raw_html]JTNDZGl2JTNFJTNDYSUyMHRhcmdldCUzRCUyMl9ibGFuayUyMiUyMGNsYXNzJTNEJTIyYnV0dG9uJTIwbGFyZ2UlMjBhY2NlbnQlMjIlMjBocmVmJTNEJTIyJTJGZGUlMkZvY3MlMkYlMjIlMjAlM0VPcGVyYXRpb24lMjBDbGVhbiUyMFN3ZWVwJTNDJTJGYSUzRSUzQyUyRmRpdiUzRQ==[\/vc_raw_html][vc_empty_space height=&#8221;30px&#8221;][\/vc_column][vc_column width=&#8221;1\/2&#8243;][vc_images_carousel images=&#8221;3603,3606,2176&#8243; img_size=&#8221;full&#8221; onclick=&#8221;link_no&#8221; speed=&#8221;3000&#8243; autoplay=&#8221;yes&#8221; wrap=&#8221;yes&#8221;][\/vc_column][\/vc_row][vc_row css=&#8221;.vc_custom_1576157662863{padding-bottom: 70px !important;}&#8221;][vc_column][vc_custom_heading text=&#8221;Zahlungsmethoden&#8221; font_container=&#8221;tag:h2|font_size:33px|text_align:left&#8221; use_theme_fonts=&#8221;yes&#8221; css_animation=&#8221;fadeInUp&#8221; el_class=&#8221;delay-1 custom-hd&#8221;][\/vc_column][\/vc_row][vc_row el_id=&#8221;logos-cleaning-betaalmogelijkheden&#8221; css=&#8221;.vc_custom_1576157488667{padding-bottom: 70px !important;}&#8221;][vc_column width=&#8221;1\/4&#8243;][vc_single_image image=&#8221;2619&#8243; alignment=&#8221;center&#8221;][\/vc_column][vc_column width=&#8221;1\/4&#8243;][vc_single_image image=&#8221;2626&#8243; alignment=&#8221;center&#8221;][\/vc_column][vc_column width=&#8221;1\/4&#8243;][vc_single_image image=&#8221;2623&#8243; alignment=&#8221;center&#8221;][\/vc_column][vc_column width=&#8221;1\/4&#8243;][vc_single_image image=&#8221;2630&#8243; alignment=&#8221;center&#8221;][\/vc_column][\/vc_row][vc_section css=&#8221;.vc_custom_1576147403163{background-color: #031d3a !important;}&#8221;][vc_row full_width=&#8221;stretch_row&#8221; css=&#8221;.vc_custom_1576251810661{padding-top: 50px !important;padding-bottom: 50px !important;background-image: url(\/\/salari.webstudio7.nl\/wp-content\/uploads\/2019\/12\/patroon-1800px.png?id=2492) !important;}&#8221; el_class=&#8221;blok-met-vector-background&#8221;][vc_column width=&#8221;2\/3&#8243;][vc_empty_space height=&#8221;12px&#8221;][vc_custom_heading text=&#8221;Weitere Informationen zur Reinigung?&#8221; font_container=&#8221;tag:h2|font_size:33px|text_align:left|color:%23ffffff&#8221; use_theme_fonts=&#8221;yes&#8221; css_animation=&#8221;fadeInUp&#8221; el_class=&#8221;delay-1 custom-hd&#8221;][\/vc_column][vc_column width=&#8221;1\/3&#8243;][vc_raw_html]JTNDZGl2JTIwaWQlM0QlMjJidXR0b24tY3RhLWJsb2staG9tZS1kZXNrdG9wJTIyJTIwc3R5bGUlM0QlMjJ0ZXh0LWFsaWduJTNBJTIwcmlnaHQlM0IlMjIlM0UlM0NhJTIwY2xhc3MlM0QlMjJidXR0b24lMjBsYXJnZSUyMGFjY2VudCUyMiUyMGhyZWYlM0QlMjIlMkZkZSUyRmtvbnRha3QlMkYlMjIlM0VLb250YWt0aWVyZW4lMjBTaWUlMjB1bnMlM0MlMkZhJTNFJTNDJTJGZGl2JTNF[\/vc_raw_html][vc_raw_html]JTNDZGl2JTIwaWQlM0QlMjJidXR0b24tY3RhLWJsb2staG9tZS1tb2JpbGUlMjIlMjBzdHlsZSUzRCUyMnRleHQtYWxpZ24lM0ElMjBsZWZ0JTNCJTIyJTNFJTNDYSUyMGNsYXNzJTNEJTIyYnV0dG9uJTIwbGFyZ2UlMjBhY2NlbnQlMjIlMjBocmVmJTNEJTIyJTJGZGUlMkZrb250YWt0JTJGJTIyJTNFS29udGFrdGllcmVuJTIwU2llJTIwdW5zJTNDJTJGYSUzRSUzQyUyRmRpdiUzRQ==[\/vc_raw_html][\/vc_column][\/vc_row][vc_row][vc_column][vc_empty_space height=&#8221;30px&#8221;][\/vc_column][\/vc_row][\/vc_section]<\/p>\n","protected":false},"excerpt":{"rendered":"<p>[vc_row css=&#8221;.vc_custom_1598526272952{padding-top: 120px !important;padding-bottom: 120px !important;background-image: url(https:\/\/www.salari.nl\/wp-content\/uploads\/2020\/08\/header-img-salari.jpg?id=3473) !important;background-position: center !important;background-repeat: no-repeat !important;background-size: cover !important;}&#8221;][vc_column][vc_custom_heading text=&#8221;Reinigung&#8221; font_container=&#8221;tag:h1|font_size:45px|text_align:center|color:%23ffffff&#8221; use_theme_fonts=&#8221;yes&#8221;][\/vc_column][\/vc_row][vc_row css=&#8221;.vc_custom_1576147535212{padding-top: 70px !important;padding-bottom: 30px !important;}&#8221;][vc_column][vc_custom_heading text=&#8221;Wir sind f\u00fcr die Massen- und Tankreinigung zertifiziert (kein ADR)&#8221; use_theme_fonts=&#8221;yes&#8221;][\/vc_column][\/vc_row][vc_row css=&#8221;.vc_custom_1576157015637{padding-bottom: 60px !important;}&#8221;][vc_column width=&#8221;1\/2&#8243;][vc_column_text]Wir sind f\u00fcr die Reinigung von Bulk- und Tankfahrzeugen zertifiziert (ausgenommen Fahrzeuge, die gem\u00e4\u00df ADR Gefahrgut transportieren). W.G. Salari [&hellip;]<\/p>\n","protected":false},"author":2,"featured_media":0,"parent":2850,"menu_order":80,"comment_status":"closed","ping_status":"closed","template":"tmpl\/template-fullwidth.php","meta":{"_monsterinsights_skip_tracking":false,"_monsterinsights_sitenote_active":false,"_monsterinsights_sitenote_note":"","_monsterinsights_sitenote_category":0},"yoast_head":"<!-- This site is optimized with the Yoast SEO plugin v20.2.1 - https:\/\/yoast.com\/wordpress\/plugins\/seo\/ -->\n<title>Reinigung von Sch\u00fcttg\u00fctern und Tanks | W.G. Salari<\/title>\n<meta name=\"description\" content=\"W.G. Salari ist f\u00fcr die Reinigung von Sch\u00fcttg\u00fctern und Tanks zertifiziert. Lesen Sie hier mehr \u00fcber &#039;Reinigung&#039; von Sch\u00fcttg\u00fctern und Tanks.\" \/>\n<meta name=\"robots\" content=\"index, follow, max-snippet:-1, max-image-preview:large, max-video-preview:-1\" \/>\n<link rel=\"canonical\" href=\"https:\/\/www.salari.nl\/de\/dienstleistungen\/reinigung\/\" \/>\n<meta property=\"og:locale\" content=\"de_DE\" \/>\n<meta property=\"og:type\" content=\"article\" \/>\n<meta property=\"og:title\" content=\"Reinigung von Sch\u00fcttg\u00fctern und Tanks | W.G. Salari\" \/>\n<meta property=\"og:description\" content=\"W.G. Salari ist f\u00fcr die Reinigung von Sch\u00fcttg\u00fctern und Tanks zertifiziert. Lesen Sie hier mehr \u00fcber &#039;Reinigung&#039; von Sch\u00fcttg\u00fctern und Tanks.\" \/>\n<meta property=\"og:url\" content=\"https:\/\/www.salari.nl\/de\/dienstleistungen\/reinigung\/\" \/>\n<meta property=\"og:site_name\" content=\"W.G. Salari\" \/>\n<meta property=\"article:publisher\" content=\"https:\/\/www.facebook.com\/WGSalari\/\" \/>\n<meta property=\"article:modified_time\" content=\"2024-02-05T09:21:49+00:00\" \/>\n<meta name=\"twitter:card\" content=\"summary_large_image\" \/>\n<meta name=\"twitter:label1\" content=\"Gesch\u00e4tzte Lesezeit\" \/>\n\t<meta name=\"twitter:data1\" content=\"2\u00a0Minuten\" \/>\n<script type=\"application\/ld+json\" class=\"yoast-schema-graph\">{\"@context\":\"https:\/\/schema.org\",\"@graph\":[{\"@type\":\"WebPage\",\"@id\":\"https:\/\/www.salari.nl\/de\/dienstleistungen\/reinigung\/\",\"url\":\"https:\/\/www.salari.nl\/de\/dienstleistungen\/reinigung\/\",\"name\":\"Reinigung von Sch\u00fcttg\u00fctern und Tanks | W.G. Salari\",\"isPartOf\":{\"@id\":\"https:\/\/www.salari.nl\/#website\"},\"datePublished\":\"2019-12-19T12:48:22+00:00\",\"dateModified\":\"2024-02-05T09:21:49+00:00\",\"description\":\"W.G. Salari ist f\u00fcr die Reinigung von Sch\u00fcttg\u00fctern und Tanks zertifiziert. Lesen Sie hier mehr \u00fcber 'Reinigung' von Sch\u00fcttg\u00fctern und Tanks.\",\"breadcrumb\":{\"@id\":\"https:\/\/www.salari.nl\/de\/dienstleistungen\/reinigung\/#breadcrumb\"},\"inLanguage\":\"de\",\"potentialAction\":[{\"@type\":\"ReadAction\",\"target\":[\"https:\/\/www.salari.nl\/de\/dienstleistungen\/reinigung\/\"]}]},{\"@type\":\"BreadcrumbList\",\"@id\":\"https:\/\/www.salari.nl\/de\/dienstleistungen\/reinigung\/#breadcrumb\",\"itemListElement\":[{\"@type\":\"ListItem\",\"position\":1,\"name\":\"Home\",\"item\":\"https:\/\/www.salari.nl\/de\/\"},{\"@type\":\"ListItem\",\"position\":2,\"name\":\"Dienstleistungen\",\"item\":\"https:\/\/www.salari.nl\/de\/dienstleistungen\/\"},{\"@type\":\"ListItem\",\"position\":3,\"name\":\"Reinigung\"}]},{\"@type\":\"WebSite\",\"@id\":\"https:\/\/www.salari.nl\/#website\",\"url\":\"https:\/\/www.salari.nl\/\",\"name\":\"W.G. Salari\",\"description\":\"W.G. Salari\",\"publisher\":{\"@id\":\"https:\/\/www.salari.nl\/#organization\"},\"potentialAction\":[{\"@type\":\"SearchAction\",\"target\":{\"@type\":\"EntryPoint\",\"urlTemplate\":\"https:\/\/www.salari.nl\/?s={search_term_string}\"},\"query-input\":\"required name=search_term_string\"}],\"inLanguage\":\"de\"},{\"@type\":\"Organization\",\"@id\":\"https:\/\/www.salari.nl\/#organization\",\"name\":\"W.G. Salari\",\"url\":\"https:\/\/www.salari.nl\/\",\"logo\":{\"@type\":\"ImageObject\",\"inLanguage\":\"de\",\"@id\":\"https:\/\/www.salari.nl\/#\/schema\/logo\/image\/\",\"url\":\"https:\/\/www.salari.nl\/wp-content\/uploads\/2019\/12\/footer-logo-salari.png\",\"contentUrl\":\"https:\/\/www.salari.nl\/wp-content\/uploads\/2019\/12\/footer-logo-salari.png\",\"width\":300,\"height\":80,\"caption\":\"W.G. Salari\"},\"image\":{\"@id\":\"https:\/\/www.salari.nl\/#\/schema\/logo\/image\/\"},\"sameAs\":[\"https:\/\/www.facebook.com\/WGSalari\/\",\"https:\/\/nl.linkedin.com\/company\/w-g-salari\"]}]}<\/script>\n<!-- \/ Yoast SEO plugin. -->","yoast_head_json":{"title":"Reinigung von Sch\u00fcttg\u00fctern und Tanks | W.G. Salari","description":"W.G. Salari ist f\u00fcr die Reinigung von Sch\u00fcttg\u00fctern und Tanks zertifiziert. Lesen Sie hier mehr \u00fcber 'Reinigung' von Sch\u00fcttg\u00fctern und Tanks.","robots":{"index":"index","follow":"follow","max-snippet":"max-snippet:-1","max-image-preview":"max-image-preview:large","max-video-preview":"max-video-preview:-1"},"canonical":"https:\/\/www.salari.nl\/de\/dienstleistungen\/reinigung\/","og_locale":"de_DE","og_type":"article","og_title":"Reinigung von Sch\u00fcttg\u00fctern und Tanks | W.G. Salari","og_description":"W.G. Salari ist f\u00fcr die Reinigung von Sch\u00fcttg\u00fctern und Tanks zertifiziert. Lesen Sie hier mehr \u00fcber 'Reinigung' von Sch\u00fcttg\u00fctern und Tanks.","og_url":"https:\/\/www.salari.nl\/de\/dienstleistungen\/reinigung\/","og_site_name":"W.G. Salari","article_publisher":"https:\/\/www.facebook.com\/WGSalari\/","article_modified_time":"2024-02-05T09:21:49+00:00","twitter_card":"summary_large_image","twitter_misc":{"Gesch\u00e4tzte Lesezeit":"2\u00a0Minuten"},"schema":{"@context":"https:\/\/schema.org","@graph":[{"@type":"WebPage","@id":"https:\/\/www.salari.nl\/de\/dienstleistungen\/reinigung\/","url":"https:\/\/www.salari.nl\/de\/dienstleistungen\/reinigung\/","name":"Reinigung von Sch\u00fcttg\u00fctern und Tanks | W.G. Salari","isPartOf":{"@id":"https:\/\/www.salari.nl\/#website"},"datePublished":"2019-12-19T12:48:22+00:00","dateModified":"2024-02-05T09:21:49+00:00","description":"W.G. Salari ist f\u00fcr die Reinigung von Sch\u00fcttg\u00fctern und Tanks zertifiziert. Lesen Sie hier mehr \u00fcber 'Reinigung' von Sch\u00fcttg\u00fctern und Tanks.","breadcrumb":{"@id":"https:\/\/www.salari.nl\/de\/dienstleistungen\/reinigung\/#breadcrumb"},"inLanguage":"de","potentialAction":[{"@type":"ReadAction","target":["https:\/\/www.salari.nl\/de\/dienstleistungen\/reinigung\/"]}]},{"@type":"BreadcrumbList","@id":"https:\/\/www.salari.nl\/de\/dienstleistungen\/reinigung\/#breadcrumb","itemListElement":[{"@type":"ListItem","position":1,"name":"Home","item":"https:\/\/www.salari.nl\/de\/"},{"@type":"ListItem","position":2,"name":"Dienstleistungen","item":"https:\/\/www.salari.nl\/de\/dienstleistungen\/"},{"@type":"ListItem","position":3,"name":"Reinigung"}]},{"@type":"WebSite","@id":"https:\/\/www.salari.nl\/#website","url":"https:\/\/www.salari.nl\/","name":"W.G. Salari","description":"W.G. Salari","publisher":{"@id":"https:\/\/www.salari.nl\/#organization"},"potentialAction":[{"@type":"SearchAction","target":{"@type":"EntryPoint","urlTemplate":"https:\/\/www.salari.nl\/?s={search_term_string}"},"query-input":"required name=search_term_string"}],"inLanguage":"de"},{"@type":"Organization","@id":"https:\/\/www.salari.nl\/#organization","name":"W.G. Salari","url":"https:\/\/www.salari.nl\/","logo":{"@type":"ImageObject","inLanguage":"de","@id":"https:\/\/www.salari.nl\/#\/schema\/logo\/image\/","url":"https:\/\/www.salari.nl\/wp-content\/uploads\/2019\/12\/footer-logo-salari.png","contentUrl":"https:\/\/www.salari.nl\/wp-content\/uploads\/2019\/12\/footer-logo-salari.png","width":300,"height":80,"caption":"W.G. Salari"},"image":{"@id":"https:\/\/www.salari.nl\/#\/schema\/logo\/image\/"},"sameAs":["https:\/\/www.facebook.com\/WGSalari\/","https:\/\/nl.linkedin.com\/company\/w-g-salari"]}]}},"_links":{"self":[{"href":"https:\/\/www.salari.nl\/de\/wp-json\/wp\/v2\/pages\/2867"}],"collection":[{"href":"https:\/\/www.salari.nl\/de\/wp-json\/wp\/v2\/pages"}],"about":[{"href":"https:\/\/www.salari.nl\/de\/wp-json\/wp\/v2\/types\/page"}],"author":[{"embeddable":true,"href":"https:\/\/www.salari.nl\/de\/wp-json\/wp\/v2\/users\/2"}],"replies":[{"embeddable":true,"href":"https:\/\/www.salari.nl\/de\/wp-json\/wp\/v2\/comments?post=2867"}],"version-history":[{"count":3,"href":"https:\/\/www.salari.nl\/de\/wp-json\/wp\/v2\/pages\/2867\/revisions"}],"predecessor-version":[{"id":4754,"href":"https:\/\/www.salari.nl\/de\/wp-json\/wp\/v2\/pages\/2867\/revisions\/4754"}],"up":[{"embeddable":true,"href":"https:\/\/www.salari.nl\/de\/wp-json\/wp\/v2\/pages\/2850"}],"wp:attachment":[{"href":"https:\/\/www.salari.nl\/de\/wp-json\/wp\/v2\/media?parent=2867"}],"curies":[{"name":"wp","href":"https:\/\/api.w.org\/{rel}","templated":true}]}}