{"id":2861,"date":"2019-12-19T12:14:35","date_gmt":"2019-12-19T12:14:35","guid":{"rendered":"https:\/\/salari.webstudio7.nl\/?page_id=2861"},"modified":"2020-08-27T12:37:26","modified_gmt":"2020-08-27T12:37:26","slug":"warehousing","status":"publish","type":"page","link":"https:\/\/www.salari.nl\/de\/dienstleistungen\/warehousing\/","title":{"rendered":"Warehousing"},"content":{"rendered":"<p>[vc_row css=&#8221;.vc_custom_1598526215798{padding-top: 120px !important;padding-bottom: 120px !important;background-image: url(https:\/\/www.salari.nl\/wp-content\/uploads\/2020\/08\/header-img-salari.jpg?id=3473) !important;background-position: center !important;background-repeat: no-repeat !important;background-size: cover !important;}&#8221;][vc_column][vc_custom_heading text=&#8221;Warehousing&#8221; font_container=&#8221;tag:h1|font_size:45px|text_align:center|color:%23ffffff&#8221; use_theme_fonts=&#8221;yes&#8221;][\/vc_column][\/vc_row][vc_row css=&#8221;.vc_custom_1576147535212{padding-top: 70px !important;padding-bottom: 30px !important;}&#8221;][vc_column][vc_custom_heading text=&#8221;Wir stehen f\u00fcr kundenorientierte L\u00f6sungen und eine flexible Einstellung!&#8221; use_theme_fonts=&#8221;yes&#8221;][\/vc_column][\/vc_row][vc_row css=&#8221;.vc_custom_1576147241844{padding-bottom: 90px !important;}&#8221;][vc_column width=&#8221;1\/2&#8243;][vc_column_text]<\/p>\n<h4>Warehousing<\/h4>\n<p style=\"text-align: left;\">Unsere Dienstleistungen rund um die Lagerhaltung schlie\u00dfen nahtlos an unsere Transportdienstleistungen an. Dadurch k\u00f6nnen wir Ihren Logistikprozess komplett f\u00fcr Sie \u00fcbernehmen. Auch beim Warehousing stehen Service- und Kundenorientiertheit an erster Stelle. Sonderw\u00fcnsche versuchen wir stets zu erf\u00fcllen. Unser Leistungsspektrum umfasst beispielsweise auch die Vermietung von Lagerraum, die Abwicklung von Zolldokumenten und Speditionsl\u00f6sungen.<\/p>\n<p>[\/vc_column_text][vc_empty_space height=&#8221;30px&#8221;][vc_column_text]<\/p>\n<p style=\"text-align: left;\"><b>Lagerung<\/b><\/p>\n<p style=\"text-align: left;\">Wir bieten Ihnen sowohl Silo- als auch Hallenlagerung an. Die Silolagerung ist f\u00fcr k\u00f6rner- und puderf\u00f6rmige Produkte geeignet. Salari verf\u00fcgt insgesamt \u00fcber 300 Silos mit Kapazit\u00e4ten zwischen 200 m\u00b3 und 340 m\u00b3. Dar\u00fcber hinaus bietet W.G. Salari Lagerfl\u00e4chen mit einer Kapazit\u00e4t von 95.000 m\u00b2. Unser Angebot umfasst sowohl beheizte als auch nicht beheizte und gek\u00fchlte Lagerhallen (mit Temperaturregistrierung).<\/p>\n<p>[\/vc_column_text][vc_empty_space height=&#8221;30px&#8221;][vc_column_text]<\/p>\n<p style=\"text-align: left;\"><strong>Produkthandling<\/strong><\/p>\n<p>Unsere Leistungen im Bereich der Lagerung sind eng verkn\u00fcpft mit unserem Leistungsspektrum rund um das Produkthandling. In diesem Bereich k\u00f6nnen wir Sie bei Folgendem unterst\u00fctzen:<\/p>\n<ul>\n<li>Ver- und Entpacken von Ware auf\/von Paletten.<\/li>\n<li>Verpacken von Pudern und Granulaten in 25\u00a0kg fassende FFS-S\u00e4cke, bigbags, boxen und oktabins.<\/li>\n<li>R\u00fcckw\u00e4rtsladung von 20&#8242;- und 40&#8242;-Containern.<\/li>\n<li>Verarbeitung von Sack zu Bulk (Debagging, Bagcutting).<\/li>\n<li>Entstaubung von Kunststoffgranulat (Windshifting).<\/li>\n<li>Homogenisierung von Granulat und Puder (Blenden).<\/li>\n<li>Messung des Schmelzflussindex von Kunststoffgranulat.<\/li>\n<\/ul>\n<p>[\/vc_column_text][\/vc_column][vc_column width=&#8221;1\/2&#8243;][vc_empty_space height=&#8221;30px&#8221;][vc_images_carousel images=&#8221;3653,3656,3659,3662,3665,3668,3671,3674&#8243; img_size=&#8221;full&#8221; onclick=&#8221;link_no&#8221; speed=&#8221;3000&#8243; autoplay=&#8221;yes&#8221; wrap=&#8221;yes&#8221;][vc_empty_space height=&#8221;30px&#8221;][vc_single_image image=&#8221;2159&#8243; img_size=&#8221;full&#8221;][vc_empty_space height=&#8221;30px&#8221;][vc_single_image image=&#8221;2160&#8243; img_size=&#8221;full&#8221;][\/vc_column][\/vc_row][vc_section css=&#8221;.vc_custom_1576147403163{background-color: #031d3a !important;}&#8221;][vc_row full_width=&#8221;stretch_row&#8221; css=&#8221;.vc_custom_1576251765728{padding-top: 50px !important;padding-bottom: 50px !important;background-image: url(\/\/salari.webstudio7.nl\/wp-content\/uploads\/2019\/12\/patroon-1800px.png?id=2492) !important;}&#8221; el_class=&#8221;blok-met-vector-background&#8221;][vc_column width=&#8221;2\/3&#8243;][vc_empty_space height=&#8221;12px&#8221;][vc_custom_heading text=&#8221;Weitere Informationen zu Warehousing?&#8221; font_container=&#8221;tag:h2|font_size:33px|text_align:left|color:%23ffffff&#8221; use_theme_fonts=&#8221;yes&#8221; css_animation=&#8221;fadeInUp&#8221; el_class=&#8221;delay-1 custom-hd&#8221;][\/vc_column][vc_column width=&#8221;1\/3&#8243;][vc_raw_html]JTNDZGl2JTIwaWQlM0QlMjJidXR0b24tY3RhLWJsb2staG9tZS1kZXNrdG9wJTIyJTIwc3R5bGUlM0QlMjJ0ZXh0LWFsaWduJTNBJTIwcmlnaHQlM0IlMjIlM0UlM0NhJTIwY2xhc3MlM0QlMjJidXR0b24lMjBsYXJnZSUyMGFjY2VudCUyMiUyMGhyZWYlM0QlMjIlMkZkZSUyRmtvbnRha3QlMkYlMjIlM0VLb250YWt0aWVyZW4lMjBTaWUlMjB1bnMlM0MlMkZhJTNFJTNDJTJGZGl2JTNF[\/vc_raw_html][vc_raw_html]JTNDZGl2JTIwaWQlM0QlMjJidXR0b24tY3RhLWJsb2staG9tZS1tb2JpbGUlMjIlMjBzdHlsZSUzRCUyMnRleHQtYWxpZ24lM0ElMjBsZWZ0JTNCJTIyJTNFJTNDYSUyMGNsYXNzJTNEJTIyYnV0dG9uJTIwbGFyZ2UlMjBhY2NlbnQlMjIlMjBocmVmJTNEJTIyJTJGZGUlMkZrb250YWt0JTJGJTIyJTNFS29udGFrdGllcmVuJTIwU2llJTIwdW5zJTNDJTJGYSUzRSUzQyUyRmRpdiUzRQ==[\/vc_raw_html][\/vc_column][\/vc_row][vc_row][vc_column][vc_empty_space height=&#8221;30px&#8221;][\/vc_column][\/vc_row][\/vc_section]<\/p>\n","protected":false},"excerpt":{"rendered":"<p>[vc_row css=&#8221;.vc_custom_1598526215798{padding-top: 120px !important;padding-bottom: 120px !important;background-image: url(https:\/\/www.salari.nl\/wp-content\/uploads\/2020\/08\/header-img-salari.jpg?id=3473) !important;background-position: center !important;background-repeat: no-repeat !important;background-size: cover !important;}&#8221;][vc_column][vc_custom_heading text=&#8221;Warehousing&#8221; font_container=&#8221;tag:h1|font_size:45px|text_align:center|color:%23ffffff&#8221; use_theme_fonts=&#8221;yes&#8221;][\/vc_column][\/vc_row][vc_row css=&#8221;.vc_custom_1576147535212{padding-top: 70px !important;padding-bottom: 30px !important;}&#8221;][vc_column][vc_custom_heading text=&#8221;Wir stehen f\u00fcr kundenorientierte L\u00f6sungen und eine flexible Einstellung!&#8221; use_theme_fonts=&#8221;yes&#8221;][\/vc_column][\/vc_row][vc_row css=&#8221;.vc_custom_1576147241844{padding-bottom: 90px !important;}&#8221;][vc_column width=&#8221;1\/2&#8243;][vc_column_text] Warehousing Unsere Dienstleistungen rund um die Lagerhaltung schlie\u00dfen nahtlos an unsere Transportdienstleistungen an. Dadurch k\u00f6nnen wir Ihren Logistikprozess komplett [&hellip;]<\/p>\n","protected":false},"author":2,"featured_media":0,"parent":2850,"menu_order":76,"comment_status":"closed","ping_status":"closed","template":"tmpl\/template-fullwidth.php","meta":{"_monsterinsights_skip_tracking":false,"_monsterinsights_sitenote_active":false,"_monsterinsights_sitenote_note":"","_monsterinsights_sitenote_category":0},"yoast_head":"<!-- This site is optimized with the Yoast SEO plugin v20.2.1 - https:\/\/yoast.com\/wordpress\/plugins\/seo\/ -->\n<title>Warehousing | W. G. Salari nimmt den Logistikprozess<\/title>\n<meta name=\"description\" content=\"Unser Warehousing-Service passt perfekt zu den Transportaktivit\u00e4ten von W.G. Salari. Lesen Sie hier mehr \u00fcber unseren Warehousing-Service.\" \/>\n<meta name=\"robots\" content=\"index, follow, max-snippet:-1, max-image-preview:large, max-video-preview:-1\" \/>\n<link rel=\"canonical\" href=\"https:\/\/www.salari.nl\/de\/dienstleistungen\/warehousing\/\" \/>\n<meta property=\"og:locale\" content=\"de_DE\" \/>\n<meta property=\"og:type\" content=\"article\" \/>\n<meta property=\"og:title\" content=\"Warehousing | W. G. Salari nimmt den Logistikprozess\" \/>\n<meta property=\"og:description\" content=\"Unser Warehousing-Service passt perfekt zu den Transportaktivit\u00e4ten von W.G. Salari. Lesen Sie hier mehr \u00fcber unseren Warehousing-Service.\" \/>\n<meta property=\"og:url\" content=\"https:\/\/www.salari.nl\/de\/dienstleistungen\/warehousing\/\" \/>\n<meta property=\"og:site_name\" content=\"W.G. Salari\" \/>\n<meta property=\"article:publisher\" content=\"https:\/\/www.facebook.com\/WGSalari\/\" \/>\n<meta property=\"article:modified_time\" content=\"2020-08-27T12:37:26+00:00\" \/>\n<meta name=\"twitter:card\" content=\"summary_large_image\" \/>\n<meta name=\"twitter:label1\" content=\"Gesch\u00e4tzte Lesezeit\" \/>\n\t<meta name=\"twitter:data1\" content=\"3\u00a0Minuten\" \/>\n<script type=\"application\/ld+json\" class=\"yoast-schema-graph\">{\"@context\":\"https:\/\/schema.org\",\"@graph\":[{\"@type\":\"WebPage\",\"@id\":\"https:\/\/www.salari.nl\/de\/dienstleistungen\/warehousing\/\",\"url\":\"https:\/\/www.salari.nl\/de\/dienstleistungen\/warehousing\/\",\"name\":\"Warehousing | W. G. Salari nimmt den Logistikprozess\",\"isPartOf\":{\"@id\":\"https:\/\/www.salari.nl\/#website\"},\"datePublished\":\"2019-12-19T12:14:35+00:00\",\"dateModified\":\"2020-08-27T12:37:26+00:00\",\"description\":\"Unser Warehousing-Service passt perfekt zu den Transportaktivit\u00e4ten von W.G. Salari. Lesen Sie hier mehr \u00fcber unseren Warehousing-Service.\",\"breadcrumb\":{\"@id\":\"https:\/\/www.salari.nl\/de\/dienstleistungen\/warehousing\/#breadcrumb\"},\"inLanguage\":\"de\",\"potentialAction\":[{\"@type\":\"ReadAction\",\"target\":[\"https:\/\/www.salari.nl\/de\/dienstleistungen\/warehousing\/\"]}]},{\"@type\":\"BreadcrumbList\",\"@id\":\"https:\/\/www.salari.nl\/de\/dienstleistungen\/warehousing\/#breadcrumb\",\"itemListElement\":[{\"@type\":\"ListItem\",\"position\":1,\"name\":\"Home\",\"item\":\"https:\/\/www.salari.nl\/de\/\"},{\"@type\":\"ListItem\",\"position\":2,\"name\":\"Dienstleistungen\",\"item\":\"https:\/\/www.salari.nl\/de\/dienstleistungen\/\"},{\"@type\":\"ListItem\",\"position\":3,\"name\":\"Warehousing\"}]},{\"@type\":\"WebSite\",\"@id\":\"https:\/\/www.salari.nl\/#website\",\"url\":\"https:\/\/www.salari.nl\/\",\"name\":\"W.G. Salari\",\"description\":\"W.G. Salari\",\"publisher\":{\"@id\":\"https:\/\/www.salari.nl\/#organization\"},\"potentialAction\":[{\"@type\":\"SearchAction\",\"target\":{\"@type\":\"EntryPoint\",\"urlTemplate\":\"https:\/\/www.salari.nl\/?s={search_term_string}\"},\"query-input\":\"required name=search_term_string\"}],\"inLanguage\":\"de\"},{\"@type\":\"Organization\",\"@id\":\"https:\/\/www.salari.nl\/#organization\",\"name\":\"W.G. Salari\",\"url\":\"https:\/\/www.salari.nl\/\",\"logo\":{\"@type\":\"ImageObject\",\"inLanguage\":\"de\",\"@id\":\"https:\/\/www.salari.nl\/#\/schema\/logo\/image\/\",\"url\":\"https:\/\/www.salari.nl\/wp-content\/uploads\/2019\/12\/footer-logo-salari.png\",\"contentUrl\":\"https:\/\/www.salari.nl\/wp-content\/uploads\/2019\/12\/footer-logo-salari.png\",\"width\":300,\"height\":80,\"caption\":\"W.G. Salari\"},\"image\":{\"@id\":\"https:\/\/www.salari.nl\/#\/schema\/logo\/image\/\"},\"sameAs\":[\"https:\/\/www.facebook.com\/WGSalari\/\",\"https:\/\/nl.linkedin.com\/company\/w-g-salari\"]}]}<\/script>\n<!-- \/ Yoast SEO plugin. -->","yoast_head_json":{"title":"Warehousing | W. G. Salari nimmt den Logistikprozess","description":"Unser Warehousing-Service passt perfekt zu den Transportaktivit\u00e4ten von W.G. Salari. Lesen Sie hier mehr \u00fcber unseren Warehousing-Service.","robots":{"index":"index","follow":"follow","max-snippet":"max-snippet:-1","max-image-preview":"max-image-preview:large","max-video-preview":"max-video-preview:-1"},"canonical":"https:\/\/www.salari.nl\/de\/dienstleistungen\/warehousing\/","og_locale":"de_DE","og_type":"article","og_title":"Warehousing | W. G. Salari nimmt den Logistikprozess","og_description":"Unser Warehousing-Service passt perfekt zu den Transportaktivit\u00e4ten von W.G. Salari. Lesen Sie hier mehr \u00fcber unseren Warehousing-Service.","og_url":"https:\/\/www.salari.nl\/de\/dienstleistungen\/warehousing\/","og_site_name":"W.G. Salari","article_publisher":"https:\/\/www.facebook.com\/WGSalari\/","article_modified_time":"2020-08-27T12:37:26+00:00","twitter_card":"summary_large_image","twitter_misc":{"Gesch\u00e4tzte Lesezeit":"3\u00a0Minuten"},"schema":{"@context":"https:\/\/schema.org","@graph":[{"@type":"WebPage","@id":"https:\/\/www.salari.nl\/de\/dienstleistungen\/warehousing\/","url":"https:\/\/www.salari.nl\/de\/dienstleistungen\/warehousing\/","name":"Warehousing | W. G. Salari nimmt den Logistikprozess","isPartOf":{"@id":"https:\/\/www.salari.nl\/#website"},"datePublished":"2019-12-19T12:14:35+00:00","dateModified":"2020-08-27T12:37:26+00:00","description":"Unser Warehousing-Service passt perfekt zu den Transportaktivit\u00e4ten von W.G. Salari. Lesen Sie hier mehr \u00fcber unseren Warehousing-Service.","breadcrumb":{"@id":"https:\/\/www.salari.nl\/de\/dienstleistungen\/warehousing\/#breadcrumb"},"inLanguage":"de","potentialAction":[{"@type":"ReadAction","target":["https:\/\/www.salari.nl\/de\/dienstleistungen\/warehousing\/"]}]},{"@type":"BreadcrumbList","@id":"https:\/\/www.salari.nl\/de\/dienstleistungen\/warehousing\/#breadcrumb","itemListElement":[{"@type":"ListItem","position":1,"name":"Home","item":"https:\/\/www.salari.nl\/de\/"},{"@type":"ListItem","position":2,"name":"Dienstleistungen","item":"https:\/\/www.salari.nl\/de\/dienstleistungen\/"},{"@type":"ListItem","position":3,"name":"Warehousing"}]},{"@type":"WebSite","@id":"https:\/\/www.salari.nl\/#website","url":"https:\/\/www.salari.nl\/","name":"W.G. Salari","description":"W.G. Salari","publisher":{"@id":"https:\/\/www.salari.nl\/#organization"},"potentialAction":[{"@type":"SearchAction","target":{"@type":"EntryPoint","urlTemplate":"https:\/\/www.salari.nl\/?s={search_term_string}"},"query-input":"required name=search_term_string"}],"inLanguage":"de"},{"@type":"Organization","@id":"https:\/\/www.salari.nl\/#organization","name":"W.G. Salari","url":"https:\/\/www.salari.nl\/","logo":{"@type":"ImageObject","inLanguage":"de","@id":"https:\/\/www.salari.nl\/#\/schema\/logo\/image\/","url":"https:\/\/www.salari.nl\/wp-content\/uploads\/2019\/12\/footer-logo-salari.png","contentUrl":"https:\/\/www.salari.nl\/wp-content\/uploads\/2019\/12\/footer-logo-salari.png","width":300,"height":80,"caption":"W.G. Salari"},"image":{"@id":"https:\/\/www.salari.nl\/#\/schema\/logo\/image\/"},"sameAs":["https:\/\/www.facebook.com\/WGSalari\/","https:\/\/nl.linkedin.com\/company\/w-g-salari"]}]}},"_links":{"self":[{"href":"https:\/\/www.salari.nl\/de\/wp-json\/wp\/v2\/pages\/2861"}],"collection":[{"href":"https:\/\/www.salari.nl\/de\/wp-json\/wp\/v2\/pages"}],"about":[{"href":"https:\/\/www.salari.nl\/de\/wp-json\/wp\/v2\/types\/page"}],"author":[{"embeddable":true,"href":"https:\/\/www.salari.nl\/de\/wp-json\/wp\/v2\/users\/2"}],"replies":[{"embeddable":true,"href":"https:\/\/www.salari.nl\/de\/wp-json\/wp\/v2\/comments?post=2861"}],"version-history":[{"count":0,"href":"https:\/\/www.salari.nl\/de\/wp-json\/wp\/v2\/pages\/2861\/revisions"}],"up":[{"embeddable":true,"href":"https:\/\/www.salari.nl\/de\/wp-json\/wp\/v2\/pages\/2850"}],"wp:attachment":[{"href":"https:\/\/www.salari.nl\/de\/wp-json\/wp\/v2\/media?parent=2861"}],"curies":[{"name":"wp","href":"https:\/\/api.w.org\/{rel}","templated":true}]}}