{"id":2850,"date":"2019-12-19T09:58:49","date_gmt":"2019-12-19T09:58:49","guid":{"rendered":"https:\/\/salari.webstudio7.nl\/?page_id=2850"},"modified":"2020-08-27T12:50:47","modified_gmt":"2020-08-27T12:50:47","slug":"dienstleistungen","status":"publish","type":"page","link":"https:\/\/www.salari.nl\/de\/dienstleistungen\/","title":{"rendered":"Dienstleistungen"},"content":{"rendered":"<p>[vc_row css=&#8221;.vc_custom_1598525756705{padding-top: 120px !important;padding-bottom: 120px !important;background-image: url(https:\/\/www.salari.nl\/wp-content\/uploads\/2020\/08\/header-img-salari.jpg?id=3473) !important;background-position: center !important;background-repeat: no-repeat !important;background-size: cover !important;}&#8221;][vc_column][vc_custom_heading text=&#8221;Dienstleistungen&#8221; font_container=&#8221;tag:h1|font_size:45px|text_align:center|color:%23ffffff&#8221; use_theme_fonts=&#8221;yes&#8221;][\/vc_column][\/vc_row][vc_row css=&#8221;.vc_custom_1576142172104{padding-top: 70px !important;padding-bottom: 70px !important;}&#8221;][vc_column width=&#8221;1\/2&#8243;][vc_row_inner][vc_column_inner][vc_custom_heading text=&#8221;W.G. Salari, Ihr Logistikexperte!&#8221; use_theme_fonts=&#8221;yes&#8221;][vc_empty_space][vc_column_text]Unser Kerngesch\u00e4ft ist der Transport. Wir k\u00f6nnen Ihnen aber mehr bieten, als nur den Transport von A nach B. Unser Angebot umfasst Logistikdienstleistungen im weitesten Sinne, von Speditionsdienstleistungen bis zu Warehousing-L\u00f6sungen. Auch die Mehrwertlogistik geh\u00f6rt zu unserem Dienstleistungsangebot. Unser Dienstleistungsspektrum umfasst die folgenden vier Hauptbereiche: Transport, Warehousing, Reinigung und Vermietung.[\/vc_column_text][\/vc_column_inner][\/vc_row_inner][\/vc_column][vc_column width=&#8221;1\/2&#8243;][vc_single_image image=&#8221;3713&#8243; img_size=&#8221;full&#8221;][\/vc_column][\/vc_row][vc_row][vc_column][vc_custom_heading text=&#8221;Unsere Leistungen&#8221; use_theme_fonts=&#8221;yes&#8221;][vc_empty_space][\/vc_column][\/vc_row][vc_row css=&#8221;.vc_custom_1576142181422{padding-bottom: 70px !important;}&#8221;][vc_column css_animation=&#8221;fadeIn&#8221; width=&#8221;1\/4&#8243; el_class=&#8221;delay-1&#8243;]<div class=\"iconbox style3 \">\n\n\t<h4 class=\"box-title\">Transport<\/h4>\n\t<div class=\"box-detail\">\n\t\t<p>W.G. Salari ist spezialisiert auf den Transport von insbesondere pulverf\u00f6rmigen und k\u00f6rnigen Produkten.<\/p>\n\t\n\t<\/div>\n\t<div class=\"box-icon\"><img src=\"https:\/\/www.salari.nl\/wp-content\/uploads\/2019\/12\/icon-vrachtauto.png\" alt=\"Transport\" \/><\/div>\t\n\t\n\t\t<div class=\"box-readmore\">\n\t\t\t<a class=\"button no-bg\" href=\"\/de\/dienstleistungen\/transport\/\">Weitere Informationen<\/a>\n\t\t<\/div>\n<\/div>[vc_empty_space height=&#8221;30px&#8221;][\/vc_column][vc_column css_animation=&#8221;fadeIn&#8221; width=&#8221;1\/4&#8243; el_class=&#8221;delay-2&#8243;]<div class=\"iconbox style3 \">\n\n\t<h4 class=\"box-title\">Warehousing<\/h4>\n\t<div class=\"box-detail\">\n\t\t<p>Wir bieten sowohl Silo- als auch Stalllager f\u00fcr k\u00f6rnige und pulverf\u00f6rmige Substanzen an.<\/p>\n\t\n\t<\/div>\n\t<div class=\"box-icon\"><img src=\"https:\/\/www.salari.nl\/wp-content\/uploads\/2019\/12\/icon-silo.png\" alt=\"Warehousing\" \/><\/div>\t\n\t\n\t\t<div class=\"box-readmore\">\n\t\t\t<a class=\"button no-bg\" href=\"\/de\/dienstleistungen\/warehousing\/\">Weitere Informationen<\/a>\n\t\t<\/div>\n<\/div>[vc_empty_space height=&#8221;30px&#8221;][\/vc_column][vc_column css_animation=&#8221;fadeIn&#8221; width=&#8221;1\/4&#8243; el_class=&#8221;delay-3&#8243;]<div class=\"iconbox style3 \">\n\n\t<h4 class=\"box-title\">Reinigung<\/h4>\n\t<div class=\"box-detail\">\n\t\t<p>Wir sind f\u00fcr die interne Reinigung und Desinfektion von Bulk- und Tankwagen zertifiziert.<\/p>\n\t\n\t<\/div>\n\t<div class=\"box-icon\"><img src=\"https:\/\/www.salari.nl\/wp-content\/uploads\/2019\/12\/icon-cleanen.png\" alt=\"Reinigung\" \/><\/div>\t\n\t\n\t\t<div class=\"box-readmore\">\n\t\t\t<a class=\"button no-bg\" href=\"\/de\/dienstleistungen\/reinigung\/\">Weitere Informationen<\/a>\n\t\t<\/div>\n<\/div>[vc_empty_space height=&#8221;30px&#8221;][\/vc_column][vc_column width=&#8221;1\/4&#8243;]<div class=\"iconbox style3 \">\n\n\t<h4 class=\"box-title\">Vermietung<\/h4>\n\t<div class=\"box-detail\">\n\t\t<p>W.G. Salari verf\u00fcgt \u00fcber mehr als 95.000 m2 beheizte und nicht beheizte Gesch\u00e4fts- und Lagerfl\u00e4chen.<\/p>\n\t\n\t<\/div>\n\t<div class=\"box-icon\"><img src=\"https:\/\/www.salari.nl\/wp-content\/uploads\/2018\/08\/private-folder-4136_9a670d06-eeb7-4508-8533-143953499f9e.svg\" alt=\"Vermietung\" \/><\/div>\t\n\t\n\t\t<div class=\"box-readmore\">\n\t\t\t<a class=\"button no-bg\" href=\"\/de\/dienstleistungen\/vermietung\/\">Weitere Informationen<\/a>\n\t\t<\/div>\n<\/div>[vc_empty_space height=&#8221;30px&#8221;][\/vc_column][\/vc_row][vc_section css=&#8221;.vc_custom_1576143015161{background-color: #031d3a !important;}&#8221;][vc_row full_width=&#8221;stretch_row&#8221; css=&#8221;.vc_custom_1576251694188{padding-top: 50px !important;padding-bottom: 50px !important;background-image: url(\/\/salari.webstudio7.nl\/wp-content\/uploads\/2019\/12\/patroon-1800px.png?id=2492) !important;}&#8221; el_class=&#8221;blok-met-vector-background&#8221;][vc_column width=&#8221;2\/3&#8243;][vc_custom_heading text=&#8221;Arbeiten bei W.G. Salari? Sehen Sie sich unsere offenen Stellen an&#8221; font_container=&#8221;tag:h2|font_size:33px|text_align:left|color:%23ffffff&#8221; use_theme_fonts=&#8221;yes&#8221; css_animation=&#8221;fadeInUp&#8221; el_class=&#8221;delay-1 custom-hd&#8221;][\/vc_column][vc_column width=&#8221;1\/3&#8243;][vc_raw_html]JTNDZGl2JTIwaWQlM0QlMjJidXR0b24tY3RhLWJsb2staG9tZS1kZXNrdG9wJTIyJTIwc3R5bGUlM0QlMjJ0ZXh0LWFsaWduJTNBJTIwcmlnaHQlM0IlMjIlM0UlM0NhJTIwY2xhc3MlM0QlMjJidXR0b24lMjBsYXJnZSUyMGFjY2VudCUyMiUyMGhyZWYlM0QlMjIlMkZkZSUyRnN0ZWxsZW5hbmdlYm90ZSUyRiUyMiUzRVN0ZWxsZW5hbmdlYm90ZSUzQyUyRmElM0UlM0MlMkZkaXYlM0U=[\/vc_raw_html][vc_raw_html]JTNDZGl2JTIwaWQlM0QlMjJidXR0b24tY3RhLWJsb2staG9tZS1tb2JpbGUlMjIlMjBzdHlsZSUzRCUyMnRleHQtYWxpZ24lM0ElMjBsZWZ0JTNCJTIyJTNFJTNDYSUyMGNsYXNzJTNEJTIyYnV0dG9uJTIwbGFyZ2UlMjBhY2NlbnQlMjIlMjBocmVmJTNEJTIyJTJGZGUlMkZzdGVsbGVuYW5nZWJvdGUlMkYlMjIlM0VTdGVsbGVuYW5nZWJvdGUlM0MlMkZhJTNFJTNDJTJGZGl2JTNF[\/vc_raw_html][\/vc_column][\/vc_row][vc_row][vc_column][vc_empty_space height=&#8221;30px&#8221;][\/vc_column][\/vc_row][\/vc_section]<\/p>\n","protected":false},"excerpt":{"rendered":"<p>[vc_row css=&#8221;.vc_custom_1598525756705{padding-top: 120px !important;padding-bottom: 120px !important;background-image: url(https:\/\/www.salari.nl\/wp-content\/uploads\/2020\/08\/header-img-salari.jpg?id=3473) !important;background-position: center !important;background-repeat: no-repeat !important;background-size: cover !important;}&#8221;][vc_column][vc_custom_heading text=&#8221;Dienstleistungen&#8221; font_container=&#8221;tag:h1|font_size:45px|text_align:center|color:%23ffffff&#8221; use_theme_fonts=&#8221;yes&#8221;][\/vc_column][\/vc_row][vc_row css=&#8221;.vc_custom_1576142172104{padding-top: 70px !important;padding-bottom: 70px !important;}&#8221;][vc_column width=&#8221;1\/2&#8243;][vc_row_inner][vc_column_inner][vc_custom_heading text=&#8221;W.G. Salari, Ihr Logistikexperte!&#8221; use_theme_fonts=&#8221;yes&#8221;][vc_empty_space][vc_column_text]Unser Kerngesch\u00e4ft ist der Transport. Wir k\u00f6nnen Ihnen aber mehr bieten, als nur den Transport von A nach B. Unser Angebot umfasst Logistikdienstleistungen im weitesten Sinne, von Speditionsdienstleistungen [&hellip;]<\/p>\n","protected":false},"author":2,"featured_media":0,"parent":0,"menu_order":8,"comment_status":"closed","ping_status":"closed","template":"tmpl\/template-fullwidth.php","meta":{"_monsterinsights_skip_tracking":false,"_monsterinsights_sitenote_active":false,"_monsterinsights_sitenote_note":"","_monsterinsights_sitenote_category":0},"yoast_head":"<!-- This site is optimized with the Yoast SEO plugin v20.2.1 - https:\/\/yoast.com\/wordpress\/plugins\/seo\/ -->\n<title>Unsere Leistungen | W.G. Salari, Ihr Logistikexperte!<\/title>\n<meta name=\"description\" content=\"W.G. Salari ist nicht nur auf den Transport von A nach B spezialisiert. Neugierig, warum Sie ungerechtfertigt weitermachen k\u00f6nnen? Lesen Sie hier weiter.\" \/>\n<meta name=\"robots\" content=\"index, follow, max-snippet:-1, max-image-preview:large, max-video-preview:-1\" \/>\n<link rel=\"canonical\" href=\"https:\/\/www.salari.nl\/de\/dienstleistungen\/\" \/>\n<meta property=\"og:locale\" content=\"de_DE\" \/>\n<meta property=\"og:type\" content=\"article\" \/>\n<meta property=\"og:title\" content=\"Unsere Leistungen | W.G. Salari, Ihr Logistikexperte!\" \/>\n<meta property=\"og:description\" content=\"W.G. Salari ist nicht nur auf den Transport von A nach B spezialisiert. Neugierig, warum Sie ungerechtfertigt weitermachen k\u00f6nnen? Lesen Sie hier weiter.\" \/>\n<meta property=\"og:url\" content=\"https:\/\/www.salari.nl\/de\/dienstleistungen\/\" \/>\n<meta property=\"og:site_name\" content=\"W.G. Salari\" \/>\n<meta property=\"article:publisher\" content=\"https:\/\/www.facebook.com\/WGSalari\/\" \/>\n<meta property=\"article:modified_time\" content=\"2020-08-27T12:50:47+00:00\" \/>\n<meta name=\"twitter:card\" content=\"summary_large_image\" \/>\n<meta name=\"twitter:label1\" content=\"Gesch\u00e4tzte Lesezeit\" \/>\n\t<meta name=\"twitter:data1\" content=\"3\u00a0Minuten\" \/>\n<script type=\"application\/ld+json\" class=\"yoast-schema-graph\">{\"@context\":\"https:\/\/schema.org\",\"@graph\":[{\"@type\":\"WebPage\",\"@id\":\"https:\/\/www.salari.nl\/de\/dienstleistungen\/\",\"url\":\"https:\/\/www.salari.nl\/de\/dienstleistungen\/\",\"name\":\"Unsere Leistungen | W.G. Salari, Ihr Logistikexperte!\",\"isPartOf\":{\"@id\":\"https:\/\/www.salari.nl\/#website\"},\"datePublished\":\"2019-12-19T09:58:49+00:00\",\"dateModified\":\"2020-08-27T12:50:47+00:00\",\"description\":\"W.G. Salari ist nicht nur auf den Transport von A nach B spezialisiert. Neugierig, warum Sie ungerechtfertigt weitermachen k\u00f6nnen? Lesen Sie hier weiter.\",\"breadcrumb\":{\"@id\":\"https:\/\/www.salari.nl\/de\/dienstleistungen\/#breadcrumb\"},\"inLanguage\":\"de\",\"potentialAction\":[{\"@type\":\"ReadAction\",\"target\":[\"https:\/\/www.salari.nl\/de\/dienstleistungen\/\"]}]},{\"@type\":\"BreadcrumbList\",\"@id\":\"https:\/\/www.salari.nl\/de\/dienstleistungen\/#breadcrumb\",\"itemListElement\":[{\"@type\":\"ListItem\",\"position\":1,\"name\":\"Home\",\"item\":\"https:\/\/www.salari.nl\/de\/\"},{\"@type\":\"ListItem\",\"position\":2,\"name\":\"Dienstleistungen\"}]},{\"@type\":\"WebSite\",\"@id\":\"https:\/\/www.salari.nl\/#website\",\"url\":\"https:\/\/www.salari.nl\/\",\"name\":\"W.G. Salari\",\"description\":\"W.G. Salari\",\"publisher\":{\"@id\":\"https:\/\/www.salari.nl\/#organization\"},\"potentialAction\":[{\"@type\":\"SearchAction\",\"target\":{\"@type\":\"EntryPoint\",\"urlTemplate\":\"https:\/\/www.salari.nl\/?s={search_term_string}\"},\"query-input\":\"required name=search_term_string\"}],\"inLanguage\":\"de\"},{\"@type\":\"Organization\",\"@id\":\"https:\/\/www.salari.nl\/#organization\",\"name\":\"W.G. Salari\",\"url\":\"https:\/\/www.salari.nl\/\",\"logo\":{\"@type\":\"ImageObject\",\"inLanguage\":\"de\",\"@id\":\"https:\/\/www.salari.nl\/#\/schema\/logo\/image\/\",\"url\":\"https:\/\/www.salari.nl\/wp-content\/uploads\/2019\/12\/footer-logo-salari.png\",\"contentUrl\":\"https:\/\/www.salari.nl\/wp-content\/uploads\/2019\/12\/footer-logo-salari.png\",\"width\":300,\"height\":80,\"caption\":\"W.G. Salari\"},\"image\":{\"@id\":\"https:\/\/www.salari.nl\/#\/schema\/logo\/image\/\"},\"sameAs\":[\"https:\/\/www.facebook.com\/WGSalari\/\",\"https:\/\/nl.linkedin.com\/company\/w-g-salari\"]}]}<\/script>\n<!-- \/ Yoast SEO plugin. -->","yoast_head_json":{"title":"Unsere Leistungen | W.G. Salari, Ihr Logistikexperte!","description":"W.G. Salari ist nicht nur auf den Transport von A nach B spezialisiert. Neugierig, warum Sie ungerechtfertigt weitermachen k\u00f6nnen? Lesen Sie hier weiter.","robots":{"index":"index","follow":"follow","max-snippet":"max-snippet:-1","max-image-preview":"max-image-preview:large","max-video-preview":"max-video-preview:-1"},"canonical":"https:\/\/www.salari.nl\/de\/dienstleistungen\/","og_locale":"de_DE","og_type":"article","og_title":"Unsere Leistungen | W.G. Salari, Ihr Logistikexperte!","og_description":"W.G. Salari ist nicht nur auf den Transport von A nach B spezialisiert. Neugierig, warum Sie ungerechtfertigt weitermachen k\u00f6nnen? Lesen Sie hier weiter.","og_url":"https:\/\/www.salari.nl\/de\/dienstleistungen\/","og_site_name":"W.G. Salari","article_publisher":"https:\/\/www.facebook.com\/WGSalari\/","article_modified_time":"2020-08-27T12:50:47+00:00","twitter_card":"summary_large_image","twitter_misc":{"Gesch\u00e4tzte Lesezeit":"3\u00a0Minuten"},"schema":{"@context":"https:\/\/schema.org","@graph":[{"@type":"WebPage","@id":"https:\/\/www.salari.nl\/de\/dienstleistungen\/","url":"https:\/\/www.salari.nl\/de\/dienstleistungen\/","name":"Unsere Leistungen | W.G. Salari, Ihr Logistikexperte!","isPartOf":{"@id":"https:\/\/www.salari.nl\/#website"},"datePublished":"2019-12-19T09:58:49+00:00","dateModified":"2020-08-27T12:50:47+00:00","description":"W.G. Salari ist nicht nur auf den Transport von A nach B spezialisiert. Neugierig, warum Sie ungerechtfertigt weitermachen k\u00f6nnen? Lesen Sie hier weiter.","breadcrumb":{"@id":"https:\/\/www.salari.nl\/de\/dienstleistungen\/#breadcrumb"},"inLanguage":"de","potentialAction":[{"@type":"ReadAction","target":["https:\/\/www.salari.nl\/de\/dienstleistungen\/"]}]},{"@type":"BreadcrumbList","@id":"https:\/\/www.salari.nl\/de\/dienstleistungen\/#breadcrumb","itemListElement":[{"@type":"ListItem","position":1,"name":"Home","item":"https:\/\/www.salari.nl\/de\/"},{"@type":"ListItem","position":2,"name":"Dienstleistungen"}]},{"@type":"WebSite","@id":"https:\/\/www.salari.nl\/#website","url":"https:\/\/www.salari.nl\/","name":"W.G. Salari","description":"W.G. Salari","publisher":{"@id":"https:\/\/www.salari.nl\/#organization"},"potentialAction":[{"@type":"SearchAction","target":{"@type":"EntryPoint","urlTemplate":"https:\/\/www.salari.nl\/?s={search_term_string}"},"query-input":"required name=search_term_string"}],"inLanguage":"de"},{"@type":"Organization","@id":"https:\/\/www.salari.nl\/#organization","name":"W.G. Salari","url":"https:\/\/www.salari.nl\/","logo":{"@type":"ImageObject","inLanguage":"de","@id":"https:\/\/www.salari.nl\/#\/schema\/logo\/image\/","url":"https:\/\/www.salari.nl\/wp-content\/uploads\/2019\/12\/footer-logo-salari.png","contentUrl":"https:\/\/www.salari.nl\/wp-content\/uploads\/2019\/12\/footer-logo-salari.png","width":300,"height":80,"caption":"W.G. Salari"},"image":{"@id":"https:\/\/www.salari.nl\/#\/schema\/logo\/image\/"},"sameAs":["https:\/\/www.facebook.com\/WGSalari\/","https:\/\/nl.linkedin.com\/company\/w-g-salari"]}]}},"_links":{"self":[{"href":"https:\/\/www.salari.nl\/de\/wp-json\/wp\/v2\/pages\/2850"}],"collection":[{"href":"https:\/\/www.salari.nl\/de\/wp-json\/wp\/v2\/pages"}],"about":[{"href":"https:\/\/www.salari.nl\/de\/wp-json\/wp\/v2\/types\/page"}],"author":[{"embeddable":true,"href":"https:\/\/www.salari.nl\/de\/wp-json\/wp\/v2\/users\/2"}],"replies":[{"embeddable":true,"href":"https:\/\/www.salari.nl\/de\/wp-json\/wp\/v2\/comments?post=2850"}],"version-history":[{"count":0,"href":"https:\/\/www.salari.nl\/de\/wp-json\/wp\/v2\/pages\/2850\/revisions"}],"wp:attachment":[{"href":"https:\/\/www.salari.nl\/de\/wp-json\/wp\/v2\/media?parent=2850"}],"curies":[{"name":"wp","href":"https:\/\/api.w.org\/{rel}","templated":true}]}}