{"id":2815,"date":"2019-12-18T14:57:59","date_gmt":"2019-12-18T14:57:59","guid":{"rendered":"https:\/\/salari.webstudio7.nl\/?page_id=2815"},"modified":"2024-02-05T09:15:19","modified_gmt":"2024-02-05T09:15:19","slug":"qshe","status":"publish","type":"page","link":"https:\/\/www.salari.nl\/de\/qshe\/","title":{"rendered":"QSHE"},"content":{"rendered":"<p>[vc_row css=&#8221;.vc_custom_1598526377296{padding-top: 120px !important;padding-bottom: 120px !important;background-image: url(https:\/\/www.salari.nl\/wp-content\/uploads\/2020\/08\/header-img-salari.jpg?id=3473) !important;background-position: center !important;background-repeat: no-repeat !important;background-size: cover !important;}&#8221;][vc_column][vc_custom_heading text=&#8221;QSHE \/ Kwalit\u00e4t&#8221; font_container=&#8221;tag:h1|font_size:45px|text_align:center|color:%23ffffff&#8221; use_theme_fonts=&#8221;yes&#8221;][\/vc_column][\/vc_row][vc_row css=&#8221;.vc_custom_1576142172104{padding-top: 70px !important;padding-bottom: 70px !important;}&#8221;][vc_column][vc_row_inner][vc_column_inner][vc_custom_heading text=&#8221;W.G. Salari strebt ein m\u00f6glichst sicheres Arbeitsumfeld an, in dem Sicherheitsrundg\u00e4nge und Sicherheitsbesprechungen zum Standard geh\u00f6ren.&#8221; use_theme_fonts=&#8221;yes&#8221;][\/vc_column_inner][\/vc_row_inner][vc_row_inner][vc_column_inner width=&#8221;1\/2&#8243;][vc_empty_space][vc_column_text]Unser Qualit\u00e4tssystem ist essenzieller Teil unserer Gesch\u00e4ftst\u00e4tigkeit. Dank dieses Systems k\u00f6nnen wir zum einen unseren Auftraggebern ein m\u00f6glichst hohes Qualit\u00e4tsniveau bieten und zum anderen die geltenden gesetzlichen Vorgaben erf\u00fcllen. W.G. Salari strebt ein m\u00f6glichst sicheres Arbeitsumfeld an, in dem Sicherheitsrundg\u00e4nge und Sicherheitsbesprechungen zum Standard geh\u00f6ren.<\/p>\n<p>W.G. Salari ist nach den Normen und Richtlinien ISO 9001:2015, GMP+ FSA, SQAS, AEO und ATCN zertifiziert.[\/vc_column_text][\/vc_column_inner][vc_column_inner width=&#8221;1\/2&#8243;][vc_empty_space height=&#8221;70px&#8221;][vc_single_image image=&#8221;2223&#8243; img_size=&#8221;full&#8221; alignment=&#8221;center&#8221;][\/vc_column_inner][\/vc_row_inner][vc_row_inner css=&#8221;.vc_custom_1576160893570{padding-bottom: 70px !important;}&#8221;][vc_column_inner width=&#8221;1\/2&#8243;][vc_column_text]<\/p>\n<h4><strong>Kwalit\u00e4t<\/strong><\/h4>\n<p>Durch interne und externe Pr\u00fcfungen werden unsere Betriebsabl\u00e4ufe kontinuierlich \u00fcberpr\u00fcft. Bei Bedarf passen wir unsere Abl\u00e4ufe an. Dadurch k\u00f6nnen wir unseren Auftraggebern Qualit\u00e4t auf h\u00f6chstem Niveau bieten. Durch fortw\u00e4hrende \u00dcberpr\u00fcfung und Verbesserung konnten unter anderem im Jahr 2009 die Auftragsabwicklung, Fahrtenplanung, Kommunikation und Rechnungstellung vollst\u00e4ndig automatisiert werden. Damit haben wir einen wichtigen Schritt in unserem fortdauernden Bem\u00fchen um Effizienz zugunsten der Qualit\u00e4t getan. Dar\u00fcber hinaus stellen wir sicher, dass unsere Mitarbeiter die erforderlichen Fortbildungen absolvieren. Nur so k\u00f6nnen wir mit den Ver\u00e4nderungen in der Transport- und Logistikbranche Schritt halten und bei Bedarf L\u00f6sungen entwickeln.[\/vc_column_text][vc_empty_space][vc_column_text]<\/p>\n<h4><strong>Sicherheit<\/strong><\/h4>\n<p>Wir legen gro\u00dfen Wert auf eine sichere Arbeitseinstellung und ein sicheres Arbeitsumfeld f\u00fcr unsere Mitarbeiter und Besucher. Sicherheit z\u00e4hlt daher zu den zentralen Werten unserer t\u00e4glichen Betriebsf\u00fchrung und \u00e4u\u00dfert sich u.\u00a0a. durch:<\/p>\n<ul>\n<li>die Unterweisung neuer Mitarbeiter zum Thema Sicherheit<\/li>\n<li>regelm\u00e4\u00dfige Personalschulungen und -fortbildungen zu den neuesten Sicherheitsrichtlinien. So werden etwa unsere Fahrer nach den BBS-Richtlinien (Behaviour Based Safety) von Cefic\u00ae geschult, wobei Sicherheitsaspekte umfassend beleuchtet werden, und zwar im Hinblick auf die Sicherheit sowohl auf der Stra\u00dfe als auch beim Be- und Entladen.<\/li>\n<li>die Belohnung von schadensfreiem Fahren<\/li>\n<li>die Belohnung von geringem krankheitsbedingtem Arbeitsausfall<\/li>\n<li>eine Arbeitsgruppe f\u00fcr den Bereich Sicherheit und Gesundheit\u00a0<span style=\"text-decoration: underline;\"><a href=\"\/de\/safety4all\/\" target=\"_blank\" rel=\"noopener noreferrer\">Safety4ALL<\/a><\/span><\/li>\n<\/ul>\n<p>Nicht umsonst werden Fahrer von W.G. Salari regelm\u00e4\u00dfig mit dem Zertifikat \u201e<span style=\"text-decoration: underline;\"><a href=\"\/\/riddersvandeweg.nl\/\" target=\"_blank\" rel=\"noopener noreferrer\">Ritter der Stra\u00dfe<\/a><\/span>\u201c ausgezeichnet.<\/p>\n<p>Dar\u00fcber hinaus garantieren verschiedene Zertifizierungen eine Betriebsf\u00fchrung, in der Sicherheit und Gesundheit im Mittelpunkt stehen.[\/vc_column_text][\/vc_column_inner][vc_column_inner width=&#8221;1\/2&#8243;][vc_column_text]<\/p>\n<h4><strong>Gesundheit<\/strong><\/h4>\n<p>Neben der Sicherheit legen wir viel Wert darauf, dass die Menschen, die f\u00fcr uns arbeiten, gesund sind. Sicherheit und Gesundheit h\u00e4ngen untrennbar zusammen und gehen deshalb auch in unserem t\u00e4glichen Handeln und bei langfristigen Entscheidungen Hand in Hand.<\/p>\n<p>Dazu lassen wir uns von externen Sachverst\u00e4ndigen beraten und haben eine interne Arbeitsgruppe\u00a0<a href=\"\/de\/\/safety4all\/\" target=\"_blank\" rel=\"noopener noreferrer\">Safety4ALL<\/a>\u00a0eingerichtet, die sich mit Gesundheitsaspekten in unserem Unternehmen befasst.<\/p>\n<p>Im Rahmen unserer Ma\u00dfnahmen im Bereich Gesundheit k\u00f6nnen unsere Mitarbeiter beispielsweise an einer arbeitsmedizinischen Untersuchung teilnehmen. Arbeitspl\u00e4tze werden auf Gesundheitsaspekte hin \u00fcberpr\u00fcft und die sich gegebenenfalls daraus ergebenden Empfehlungen werden umgesetzt. Pers\u00f6nliche Schutzausr\u00fcstung wird zur Verf\u00fcgung gestellt und ihre Verwendung wird kontrolliert.[\/vc_column_text][vc_empty_space][vc_column_text]<\/p>\n<h4><strong>Umweltschutz<\/strong><\/h4>\n<p>Wir sind ein umweltbewusstes Unternehmen. Besondere Aufmerksamkeit erf\u00e4hrt bei uns die gr\u00f6\u00dftm\u00f6gliche Senkung des CO<sub>2<\/sub>-Aussto\u00dfes.<\/p>\n<p>Unsere Fahrer werden nach dem Prinzip des \u201e<span style=\"text-decoration: underline;\"><a href=\"\/\/www.hetnieuwerijden.nl\/wat-kunt-u-doen\/rijstijltips\/vrachtautos\/\" target=\"_blank\" rel=\"noopener noreferrer\">neuen Fahrens<\/a><\/span>\u201c geschult. Der Kraftstoffverbrauch wird genau protokolliert und analysiert. Bei Bedarf werden die Fahrer auf Verbesserungsm\u00f6glichkeiten hingewiesen.<\/p>\n<p>Der Umwelt zuliebe investieren wird zudem erneut in neue Euro-6-Fahrzeuge. Einen gro\u00dfen Teil unseres Fuhrparks haben wir bereits durch diese Fahrzeuge ersetzt.<\/p>\n<p>Dar\u00fcber hinaus nehmen wir an dem Programm Operation Clean Sweep (OCS) teil. Dieses Programm gew\u00e4hrleistet den umweltgerechten Umgang mit Kunststoffen entlang der gesamten Produktkette. Das Programm bietet Instrumente zur Vermeidung des Verlusts von Kunststoffgranulat und zur Sensibilisierung von Mitarbeitenden und Gesch\u00e4ftspartnern. Ziel des Programms ist es, alle Gesch\u00e4ftsprozesse bei der Verarbeitung von Kunststoffgranulat so zu gestalten, dass letztlich kein Kunststoffgranulat in die Umwelt gelangt.[\/vc_column_text][\/vc_column_inner][\/vc_row_inner][\/vc_column][\/vc_row][vc_section css=&#8221;.vc_custom_1576143015161{background-color: #031d3a !important;}&#8221;][vc_row full_width=&#8221;stretch_row&#8221; css=&#8221;.vc_custom_1576252261407{padding-top: 50px !important;padding-bottom: 50px !important;background-image: url(\/\/salari.webstudio7.nl\/wp-content\/uploads\/2019\/12\/patroon-1800px.png?id=2492) !important;}&#8221; el_class=&#8221;blok-met-vector-background&#8221;][vc_column width=&#8221;2\/3&#8243;][vc_empty_space height=&#8221;12px&#8221;][vc_custom_heading text=&#8221;Arbeiten bei W.G. Salari? Sehen Sie sich unsere offenen Stellen an&#8221; font_container=&#8221;tag:h2|font_size:33px|text_align:left|color:%23ffffff&#8221; use_theme_fonts=&#8221;yes&#8221; css_animation=&#8221;fadeInUp&#8221; el_class=&#8221;delay-1 custom-hd&#8221;][\/vc_column][vc_column width=&#8221;1\/3&#8243;][vc_raw_html]JTNDZGl2JTIwaWQlM0QlMjJidXR0b24tY3RhLWJsb2staG9tZS1kZXNrdG9wJTIyJTIwc3R5bGUlM0QlMjJ0ZXh0LWFsaWduJTNBJTIwcmlnaHQlM0IlMjIlM0UlM0NhJTIwY2xhc3MlM0QlMjJidXR0b24lMjBsYXJnZSUyMGFjY2VudCUyMiUyMGhyZWYlM0QlMjIlMkZkZSUyRnN0ZWxsZW5hbmdlYm90ZSUyRiUyMiUzRVN0ZWxsZW5hbmdlYm90ZSUzQyUyRmElM0UlM0MlMkZkaXYlM0U=[\/vc_raw_html][vc_raw_html]JTNDZGl2JTIwaWQlM0QlMjJidXR0b24tY3RhLWJsb2staG9tZS1tb2JpbGUlMjIlMjBzdHlsZSUzRCUyMnRleHQtYWxpZ24lM0ElMjBsZWZ0JTNCJTIyJTNFJTNDYSUyMGNsYXNzJTNEJTIyYnV0dG9uJTIwbGFyZ2UlMjBhY2NlbnQlMjIlMjBocmVmJTNEJTIyJTJGZGUlMkZzdGVsbGVuYW5nZWJvdGUlMkYlMjIlM0VTdGVsbGVuYW5nZWJvdGUlM0MlMkZhJTNFJTNDJTJGZGl2JTNF[\/vc_raw_html][\/vc_column][\/vc_row][vc_row][vc_column][vc_empty_space height=&#8221;30px&#8221;][\/vc_column][\/vc_row][\/vc_section]<\/p>\n","protected":false},"excerpt":{"rendered":"<p>[vc_row css=&#8221;.vc_custom_1598526377296{padding-top: 120px !important;padding-bottom: 120px !important;background-image: url(https:\/\/www.salari.nl\/wp-content\/uploads\/2020\/08\/header-img-salari.jpg?id=3473) !important;background-position: center !important;background-repeat: no-repeat !important;background-size: cover !important;}&#8221;][vc_column][vc_custom_heading text=&#8221;QSHE \/ Kwalit\u00e4t&#8221; font_container=&#8221;tag:h1|font_size:45px|text_align:center|color:%23ffffff&#8221; use_theme_fonts=&#8221;yes&#8221;][\/vc_column][\/vc_row][vc_row css=&#8221;.vc_custom_1576142172104{padding-top: 70px !important;padding-bottom: 70px !important;}&#8221;][vc_column][vc_row_inner][vc_column_inner][vc_custom_heading text=&#8221;W.G. Salari strebt ein m\u00f6glichst sicheres Arbeitsumfeld an, in dem Sicherheitsrundg\u00e4nge und Sicherheitsbesprechungen zum Standard geh\u00f6ren.&#8221; use_theme_fonts=&#8221;yes&#8221;][\/vc_column_inner][\/vc_row_inner][vc_row_inner][vc_column_inner width=&#8221;1\/2&#8243;][vc_empty_space][vc_column_text]Unser Qualit\u00e4tssystem ist essenzieller Teil unserer Gesch\u00e4ftst\u00e4tigkeit. Dank dieses Systems k\u00f6nnen wir zum einen [&hellip;]<\/p>\n","protected":false},"author":2,"featured_media":0,"parent":0,"menu_order":60,"comment_status":"closed","ping_status":"closed","template":"tmpl\/template-fullwidth.php","meta":{"_monsterinsights_skip_tracking":false,"_monsterinsights_sitenote_active":false,"_monsterinsights_sitenote_note":"","_monsterinsights_sitenote_category":0},"yoast_head":"<!-- This site is optimized with the Yoast SEO plugin v20.2.1 - https:\/\/yoast.com\/wordpress\/plugins\/seo\/ -->\n<title>QSHE - W.G. Salari | Unser Qualit\u00e4tssystem ist unerl\u00e4sslich<\/title>\n<meta name=\"description\" content=\"Safety4all. Bei W.G. Salari bem\u00fchen wir uns, dass Salari so sicher wie m\u00f6glich arbeitet. Lesen Sie hier mehr \u00fcber unser Qualit\u00e4tssystem (QSHE).\" \/>\n<meta name=\"robots\" content=\"index, follow, max-snippet:-1, max-image-preview:large, max-video-preview:-1\" \/>\n<link rel=\"canonical\" href=\"https:\/\/www.salari.nl\/de\/qshe\/\" \/>\n<meta property=\"og:locale\" content=\"de_DE\" \/>\n<meta property=\"og:type\" content=\"article\" \/>\n<meta property=\"og:title\" content=\"QSHE - W.G. Salari | Unser Qualit\u00e4tssystem ist unerl\u00e4sslich\" \/>\n<meta property=\"og:description\" content=\"Safety4all. Bei W.G. Salari bem\u00fchen wir uns, dass Salari so sicher wie m\u00f6glich arbeitet. Lesen Sie hier mehr \u00fcber unser Qualit\u00e4tssystem (QSHE).\" \/>\n<meta property=\"og:url\" content=\"https:\/\/www.salari.nl\/de\/qshe\/\" \/>\n<meta property=\"og:site_name\" content=\"W.G. Salari\" \/>\n<meta property=\"article:publisher\" content=\"https:\/\/www.facebook.com\/WGSalari\/\" \/>\n<meta property=\"article:modified_time\" content=\"2024-02-05T09:15:19+00:00\" \/>\n<meta name=\"twitter:card\" content=\"summary_large_image\" \/>\n<meta name=\"twitter:label1\" content=\"Gesch\u00e4tzte Lesezeit\" \/>\n\t<meta name=\"twitter:data1\" content=\"3\u00a0Minuten\" \/>\n<script type=\"application\/ld+json\" class=\"yoast-schema-graph\">{\"@context\":\"https:\/\/schema.org\",\"@graph\":[{\"@type\":\"WebPage\",\"@id\":\"https:\/\/www.salari.nl\/de\/qshe\/\",\"url\":\"https:\/\/www.salari.nl\/de\/qshe\/\",\"name\":\"QSHE - W.G. Salari | Unser Qualit\u00e4tssystem ist unerl\u00e4sslich\",\"isPartOf\":{\"@id\":\"https:\/\/www.salari.nl\/#website\"},\"datePublished\":\"2019-12-18T14:57:59+00:00\",\"dateModified\":\"2024-02-05T09:15:19+00:00\",\"description\":\"Safety4all. Bei W.G. Salari bem\u00fchen wir uns, dass Salari so sicher wie m\u00f6glich arbeitet. Lesen Sie hier mehr \u00fcber unser Qualit\u00e4tssystem (QSHE).\",\"breadcrumb\":{\"@id\":\"https:\/\/www.salari.nl\/de\/qshe\/#breadcrumb\"},\"inLanguage\":\"de\",\"potentialAction\":[{\"@type\":\"ReadAction\",\"target\":[\"https:\/\/www.salari.nl\/de\/qshe\/\"]}]},{\"@type\":\"BreadcrumbList\",\"@id\":\"https:\/\/www.salari.nl\/de\/qshe\/#breadcrumb\",\"itemListElement\":[{\"@type\":\"ListItem\",\"position\":1,\"name\":\"Home\",\"item\":\"https:\/\/www.salari.nl\/de\/\"},{\"@type\":\"ListItem\",\"position\":2,\"name\":\"QSHE\"}]},{\"@type\":\"WebSite\",\"@id\":\"https:\/\/www.salari.nl\/#website\",\"url\":\"https:\/\/www.salari.nl\/\",\"name\":\"W.G. Salari\",\"description\":\"W.G. Salari\",\"publisher\":{\"@id\":\"https:\/\/www.salari.nl\/#organization\"},\"potentialAction\":[{\"@type\":\"SearchAction\",\"target\":{\"@type\":\"EntryPoint\",\"urlTemplate\":\"https:\/\/www.salari.nl\/?s={search_term_string}\"},\"query-input\":\"required name=search_term_string\"}],\"inLanguage\":\"de\"},{\"@type\":\"Organization\",\"@id\":\"https:\/\/www.salari.nl\/#organization\",\"name\":\"W.G. Salari\",\"url\":\"https:\/\/www.salari.nl\/\",\"logo\":{\"@type\":\"ImageObject\",\"inLanguage\":\"de\",\"@id\":\"https:\/\/www.salari.nl\/#\/schema\/logo\/image\/\",\"url\":\"https:\/\/www.salari.nl\/wp-content\/uploads\/2019\/12\/footer-logo-salari.png\",\"contentUrl\":\"https:\/\/www.salari.nl\/wp-content\/uploads\/2019\/12\/footer-logo-salari.png\",\"width\":300,\"height\":80,\"caption\":\"W.G. Salari\"},\"image\":{\"@id\":\"https:\/\/www.salari.nl\/#\/schema\/logo\/image\/\"},\"sameAs\":[\"https:\/\/www.facebook.com\/WGSalari\/\",\"https:\/\/nl.linkedin.com\/company\/w-g-salari\"]}]}<\/script>\n<!-- \/ Yoast SEO plugin. -->","yoast_head_json":{"title":"QSHE - W.G. Salari | Unser Qualit\u00e4tssystem ist unerl\u00e4sslich","description":"Safety4all. Bei W.G. Salari bem\u00fchen wir uns, dass Salari so sicher wie m\u00f6glich arbeitet. Lesen Sie hier mehr \u00fcber unser Qualit\u00e4tssystem (QSHE).","robots":{"index":"index","follow":"follow","max-snippet":"max-snippet:-1","max-image-preview":"max-image-preview:large","max-video-preview":"max-video-preview:-1"},"canonical":"https:\/\/www.salari.nl\/de\/qshe\/","og_locale":"de_DE","og_type":"article","og_title":"QSHE - W.G. Salari | Unser Qualit\u00e4tssystem ist unerl\u00e4sslich","og_description":"Safety4all. Bei W.G. Salari bem\u00fchen wir uns, dass Salari so sicher wie m\u00f6glich arbeitet. Lesen Sie hier mehr \u00fcber unser Qualit\u00e4tssystem (QSHE).","og_url":"https:\/\/www.salari.nl\/de\/qshe\/","og_site_name":"W.G. Salari","article_publisher":"https:\/\/www.facebook.com\/WGSalari\/","article_modified_time":"2024-02-05T09:15:19+00:00","twitter_card":"summary_large_image","twitter_misc":{"Gesch\u00e4tzte Lesezeit":"3\u00a0Minuten"},"schema":{"@context":"https:\/\/schema.org","@graph":[{"@type":"WebPage","@id":"https:\/\/www.salari.nl\/de\/qshe\/","url":"https:\/\/www.salari.nl\/de\/qshe\/","name":"QSHE - W.G. Salari | Unser Qualit\u00e4tssystem ist unerl\u00e4sslich","isPartOf":{"@id":"https:\/\/www.salari.nl\/#website"},"datePublished":"2019-12-18T14:57:59+00:00","dateModified":"2024-02-05T09:15:19+00:00","description":"Safety4all. Bei W.G. Salari bem\u00fchen wir uns, dass Salari so sicher wie m\u00f6glich arbeitet. Lesen Sie hier mehr \u00fcber unser Qualit\u00e4tssystem (QSHE).","breadcrumb":{"@id":"https:\/\/www.salari.nl\/de\/qshe\/#breadcrumb"},"inLanguage":"de","potentialAction":[{"@type":"ReadAction","target":["https:\/\/www.salari.nl\/de\/qshe\/"]}]},{"@type":"BreadcrumbList","@id":"https:\/\/www.salari.nl\/de\/qshe\/#breadcrumb","itemListElement":[{"@type":"ListItem","position":1,"name":"Home","item":"https:\/\/www.salari.nl\/de\/"},{"@type":"ListItem","position":2,"name":"QSHE"}]},{"@type":"WebSite","@id":"https:\/\/www.salari.nl\/#website","url":"https:\/\/www.salari.nl\/","name":"W.G. Salari","description":"W.G. Salari","publisher":{"@id":"https:\/\/www.salari.nl\/#organization"},"potentialAction":[{"@type":"SearchAction","target":{"@type":"EntryPoint","urlTemplate":"https:\/\/www.salari.nl\/?s={search_term_string}"},"query-input":"required name=search_term_string"}],"inLanguage":"de"},{"@type":"Organization","@id":"https:\/\/www.salari.nl\/#organization","name":"W.G. Salari","url":"https:\/\/www.salari.nl\/","logo":{"@type":"ImageObject","inLanguage":"de","@id":"https:\/\/www.salari.nl\/#\/schema\/logo\/image\/","url":"https:\/\/www.salari.nl\/wp-content\/uploads\/2019\/12\/footer-logo-salari.png","contentUrl":"https:\/\/www.salari.nl\/wp-content\/uploads\/2019\/12\/footer-logo-salari.png","width":300,"height":80,"caption":"W.G. Salari"},"image":{"@id":"https:\/\/www.salari.nl\/#\/schema\/logo\/image\/"},"sameAs":["https:\/\/www.facebook.com\/WGSalari\/","https:\/\/nl.linkedin.com\/company\/w-g-salari"]}]}},"_links":{"self":[{"href":"https:\/\/www.salari.nl\/de\/wp-json\/wp\/v2\/pages\/2815"}],"collection":[{"href":"https:\/\/www.salari.nl\/de\/wp-json\/wp\/v2\/pages"}],"about":[{"href":"https:\/\/www.salari.nl\/de\/wp-json\/wp\/v2\/types\/page"}],"author":[{"embeddable":true,"href":"https:\/\/www.salari.nl\/de\/wp-json\/wp\/v2\/users\/2"}],"replies":[{"embeddable":true,"href":"https:\/\/www.salari.nl\/de\/wp-json\/wp\/v2\/comments?post=2815"}],"version-history":[{"count":1,"href":"https:\/\/www.salari.nl\/de\/wp-json\/wp\/v2\/pages\/2815\/revisions"}],"predecessor-version":[{"id":4743,"href":"https:\/\/www.salari.nl\/de\/wp-json\/wp\/v2\/pages\/2815\/revisions\/4743"}],"wp:attachment":[{"href":"https:\/\/www.salari.nl\/de\/wp-json\/wp\/v2\/media?parent=2815"}],"curies":[{"name":"wp","href":"https:\/\/api.w.org\/{rel}","templated":true}]}}