{"id":2807,"date":"2019-12-18T14:14:17","date_gmt":"2019-12-18T14:14:17","guid":{"rendered":"https:\/\/salari.webstudio7.nl\/?page_id=2807"},"modified":"2023-05-26T13:44:47","modified_gmt":"2023-05-26T13:44:47","slug":"stellenangebote","status":"publish","type":"page","link":"https:\/\/www.salari.nl\/de\/stellenangebote\/","title":{"rendered":"Stellenangebote"},"content":{"rendered":"<p>[vc_row css=&#8221;.vc_custom_1598526753106{padding-top: 120px !important;padding-bottom: 120px !important;background-image: url(https:\/\/www.salari.nl\/wp-content\/uploads\/2020\/08\/header-img-salari.jpg?id=3473) !important;background-position: center !important;background-repeat: no-repeat !important;background-size: cover !important;}&#8221;][vc_column][vc_custom_heading text=&#8221;Arbeiten bei W.G. Salari&#8221; font_container=&#8221;tag:h1|font_size:45px|text_align:center|color:%23ffffff&#8221; use_theme_fonts=&#8221;yes&#8221;][\/vc_column][\/vc_row][vc_row css=&#8221;.vc_custom_1576232671677{padding-top: 70px !important;padding-bottom: 90px !important;}&#8221;][vc_column][vc_row_inner][vc_column_inner width=&#8221;1\/2&#8243;][vc_custom_heading text=&#8221;Sie finden sich darin wieder? Dan suchen wir vielleicht genau Sie!&#8221; use_theme_fonts=&#8221;yes&#8221;][vc_empty_space][vc_column_text]Arbeiten bei Salari bedeutet eine abwechslungsreiche Funktion in einer vielf\u00e4ltigen Kollegenschaft, einem vielseitigen T\u00e4tigkeitsbereich, einem internationalen Umfeld und einer lockeren Arbeitsatmosph\u00e4re. Salari investiert stetig in Automatisierung, Fortbildungsma\u00dfnahmen und den eigenen Fuhrpark.<\/p>\n<p>Salari sucht jederzeit motivierte Mitarbeiter zur Verst\u00e4rkung unseres Unternehmens. Wir suchen Menschen, die die Dynamik in der Transport- und Logistikbranche verstehen und dabei die eigene Sicherheit und die Sicherheit anderer nicht aus den Augen verlieren. Wir suchen Menschen, die sich selbst und Salari weiterentwickeln m\u00f6chten.[\/vc_column_text][\/vc_column_inner][vc_column_inner width=&#8221;1\/2&#8243;][vc_images_carousel images=&#8221;3687,3690,3693,3696,3699,3702&#8243; img_size=&#8221;full&#8221; onclick=&#8221;link_no&#8221; speed=&#8221;3000&#8243; autoplay=&#8221;yes&#8221; wrap=&#8221;yes&#8221;][\/vc_column_inner][\/vc_row_inner][vc_row_inner][vc_column_inner width=&#8221;1\/3&#8243;][vc_column_text]<\/p>\n<h4><strong>Initiativbewerbung<\/strong><\/h4>\n<p>Sie k\u00f6nnen uns nat\u00fcrlich auch eine Initiativbewerbung zukommen lassen. Dazu f\u00fcllen Sie bitte unser Bewerbungsformular aus und senden es zusammen mit Ihrem Bewerbungsanschreiben und Lebenslauf an\u00a0<a href=\"mailto:sollicitatie@salari.nl\">sollicitatie@salari.nl<\/a>.[\/vc_column_text][vc_empty_space][vc_raw_html]JTNDZGl2JTNFJTNDYSUyMGNsYXNzJTNEJTIyYnV0dG9uJTIwbGFyZ2UlMjBhY2NlbnQlMjIlMjBocmVmJTNEJTIyJTJGZGUlMkZzdGVsbGVuYW5nZWJvdGUlMkZvZmZlbmUtYW53ZW5kdW5nJTJGJTIyJTNFQmV3ZXJidW5nc2Zvcm11bGFyJTNDJTJGYSUzRSUzQyUyRmRpdiUzRQ==[\/vc_raw_html][\/vc_column_inner][vc_column_inner width=&#8221;1\/3&#8243;][vc_column_text]<\/p>\n<h4><strong>Stellenangebote<\/strong><\/h4>\n<p>Regelm\u00e4\u00dfig suchen wir (internationale) Fahrzeugf\u00fchrer, Logistikmitarbeiter und Mitarbeiter f\u00fcr die Reinigungsanlage.<\/p>\n<p><span style=\"display: none;\">&#8211; <span style=\"text-decoration: underline;\"><a href=\"\/vacatures\/wasser-bij-wg-salari\/\" target=\"_blank\" rel=\"noopener noreferrer\">Stelle Reiniger<\/a><\/span><\/span><\/p>\n<p>&#8211; <a href=\"\/de\/stellenangebote\/stellenanzeige-lkw-fahrer-bei-wg-salari\/\">Stellenanzeige LKW-Fahrer<\/a>[\/vc_column_text][\/vc_column_inner][vc_column_inner width=&#8221;1\/3&#8243;][vc_column_text]<\/p>\n<h4><strong>Praktikumspl\u00e4tze<\/strong><\/h4>\n<p>Sie m\u00f6chten gerne in einem dynamischen Umfeld arbeiten oder erste Erfahrungen im Rahmen eines Praktikums sammeln?<\/p>\n<p>Verf\u00fcgen Sie \u00fcber eine \u201eNo-Nonsense\u201c-Mentalit\u00e4t, die sich in einem flexiblen, serviceorientierten und tatkr\u00e4ftigen Auftreten und der unbedingten Einhaltung von Absprachen \u00e4u\u00dfert? Sie m\u00f6chten in Ihre Zukunft investieren? Dann suchen wir vielleicht genau Sie!<\/p>\n<p><em>W.G. Salari ist ein von der niederl\u00e4ndischen Gesellschaft f\u00fcr die Fachausbildung in der Transport- und Logistikbranche (VTL) anerkannter Ausbildungs- und Praktikumsbetrieb. Regelm\u00e4\u00dfig vergeben wir Praktikumspl\u00e4tze f\u00fcr Auszubildende und Studierende in den Bereichen Logistik und Verwaltung.<\/em>[\/vc_column_text][\/vc_column_inner][\/vc_row_inner][\/vc_column][\/vc_row][vc_section css=&#8221;.vc_custom_1576143015161{background-color: #031d3a !important;}&#8221;][vc_row full_width=&#8221;stretch_row&#8221; css=&#8221;.vc_custom_1576252627416{padding-top: 50px !important;padding-bottom: 50px !important;background-image: url(\/\/salari.webstudio7.nl\/wp-content\/uploads\/2019\/12\/patroon-1800px.png?id=2492) !important;}&#8221; el_class=&#8221;blok-met-vector-background&#8221;][vc_column width=&#8221;2\/3&#8243;][vc_empty_space height=&#8221;12px&#8221;][vc_custom_heading text=&#8221;Fragen zu einer (offenen) Stelle?&#8221; font_container=&#8221;tag:h2|font_size:33px|text_align:left|color:%23ffffff&#8221; use_theme_fonts=&#8221;yes&#8221; css_animation=&#8221;fadeInUp&#8221; el_class=&#8221;delay-1 custom-hd&#8221;][\/vc_column][vc_column width=&#8221;1\/3&#8243;][vc_raw_html]JTNDZGl2JTIwaWQlM0QlMjJidXR0b24tY3RhLWJsb2staG9tZS1kZXNrdG9wJTIyJTIwc3R5bGUlM0QlMjJ0ZXh0LWFsaWduJTNBJTIwcmlnaHQlM0IlMjIlM0UlM0NhJTIwY2xhc3MlM0QlMjJidXR0b24lMjBsYXJnZSUyMGFjY2VudCUyMiUyMGhyZWYlM0QlMjIlMkZkZSUyRmtvbnRha3QlMkYlMjIlM0VLb250YWt0aWVyZW4lMjBTaWUlMjB1bnMlM0MlMkZhJTNFJTNDJTJGZGl2JTNF[\/vc_raw_html][vc_raw_html]JTNDZGl2JTIwaWQlM0QlMjJidXR0b24tY3RhLWJsb2staG9tZS1tb2JpbGUlMjIlMjBzdHlsZSUzRCUyMnRleHQtYWxpZ24lM0ElMjBsZWZ0JTNCJTIyJTNFJTNDYSUyMGNsYXNzJTNEJTIyYnV0dG9uJTIwbGFyZ2UlMjBhY2NlbnQlMjIlMjBocmVmJTNEJTIyJTJGZGUlMkZrb250YWt0JTJGJTIyJTNFS29udGFrdGllcmVuJTIwU2llJTIwdW5zJTNDJTJGYSUzRSUzQyUyRmRpdiUzRQ==[\/vc_raw_html][\/vc_column][\/vc_row][vc_row][vc_column][vc_empty_space height=&#8221;30px&#8221;][\/vc_column][\/vc_row][\/vc_section]<\/p>\n","protected":false},"excerpt":{"rendered":"<p>[vc_row css=&#8221;.vc_custom_1598526753106{padding-top: 120px !important;padding-bottom: 120px !important;background-image: url(https:\/\/www.salari.nl\/wp-content\/uploads\/2020\/08\/header-img-salari.jpg?id=3473) !important;background-position: center !important;background-repeat: no-repeat !important;background-size: cover !important;}&#8221;][vc_column][vc_custom_heading text=&#8221;Arbeiten bei W.G. Salari&#8221; font_container=&#8221;tag:h1|font_size:45px|text_align:center|color:%23ffffff&#8221; use_theme_fonts=&#8221;yes&#8221;][\/vc_column][\/vc_row][vc_row css=&#8221;.vc_custom_1576232671677{padding-top: 70px !important;padding-bottom: 90px !important;}&#8221;][vc_column][vc_row_inner][vc_column_inner width=&#8221;1\/2&#8243;][vc_custom_heading text=&#8221;Sie finden sich darin wieder? Dan suchen wir vielleicht genau Sie!&#8221; use_theme_fonts=&#8221;yes&#8221;][vc_empty_space][vc_column_text]Arbeiten bei Salari bedeutet eine abwechslungsreiche Funktion in einer vielf\u00e4ltigen Kollegenschaft, einem vielseitigen T\u00e4tigkeitsbereich, einem internationalen Umfeld und [&hellip;]<\/p>\n","protected":false},"author":2,"featured_media":0,"parent":0,"menu_order":33,"comment_status":"closed","ping_status":"closed","template":"tmpl\/template-fullwidth.php","meta":{"_monsterinsights_skip_tracking":false,"_monsterinsights_sitenote_active":false,"_monsterinsights_sitenote_note":"","_monsterinsights_sitenote_category":0},"yoast_head":"<!-- This site is optimized with the Yoast SEO plugin v20.2.1 - https:\/\/yoast.com\/wordpress\/plugins\/seo\/ -->\n<title>Arbeiten bei W.G. Salari | Stellenangebote<\/title>\n<meta name=\"description\" content=\"Bei W.G. Salari sind wir immer auf der Suche nach motivierten Mitarbeitern, um unsere Organisation zu st\u00e4rken. Sehen Sie hier unsere Stellenangebote.\" \/>\n<meta name=\"robots\" content=\"index, follow, max-snippet:-1, max-image-preview:large, max-video-preview:-1\" \/>\n<link rel=\"canonical\" href=\"https:\/\/www.salari.nl\/de\/stellenangebote\/\" \/>\n<meta property=\"og:locale\" content=\"de_DE\" \/>\n<meta property=\"og:type\" content=\"article\" \/>\n<meta property=\"og:title\" content=\"Arbeiten bei W.G. Salari | Stellenangebote\" \/>\n<meta property=\"og:description\" content=\"Bei W.G. Salari sind wir immer auf der Suche nach motivierten Mitarbeitern, um unsere Organisation zu st\u00e4rken. Sehen Sie hier unsere Stellenangebote.\" \/>\n<meta property=\"og:url\" content=\"https:\/\/www.salari.nl\/de\/stellenangebote\/\" \/>\n<meta property=\"og:site_name\" content=\"W.G. Salari\" \/>\n<meta property=\"article:publisher\" content=\"https:\/\/www.facebook.com\/WGSalari\/\" \/>\n<meta property=\"article:modified_time\" content=\"2023-05-26T13:44:47+00:00\" \/>\n<meta name=\"twitter:card\" content=\"summary_large_image\" \/>\n<meta name=\"twitter:label1\" content=\"Gesch\u00e4tzte Lesezeit\" \/>\n\t<meta name=\"twitter:data1\" content=\"2\u00a0Minuten\" \/>\n<script type=\"application\/ld+json\" class=\"yoast-schema-graph\">{\"@context\":\"https:\/\/schema.org\",\"@graph\":[{\"@type\":\"WebPage\",\"@id\":\"https:\/\/www.salari.nl\/de\/stellenangebote\/\",\"url\":\"https:\/\/www.salari.nl\/de\/stellenangebote\/\",\"name\":\"Arbeiten bei W.G. Salari | Stellenangebote\",\"isPartOf\":{\"@id\":\"https:\/\/www.salari.nl\/#website\"},\"datePublished\":\"2019-12-18T14:14:17+00:00\",\"dateModified\":\"2023-05-26T13:44:47+00:00\",\"description\":\"Bei W.G. Salari sind wir immer auf der Suche nach motivierten Mitarbeitern, um unsere Organisation zu st\u00e4rken. Sehen Sie hier unsere Stellenangebote.\",\"breadcrumb\":{\"@id\":\"https:\/\/www.salari.nl\/de\/stellenangebote\/#breadcrumb\"},\"inLanguage\":\"de\",\"potentialAction\":[{\"@type\":\"ReadAction\",\"target\":[\"https:\/\/www.salari.nl\/de\/stellenangebote\/\"]}]},{\"@type\":\"BreadcrumbList\",\"@id\":\"https:\/\/www.salari.nl\/de\/stellenangebote\/#breadcrumb\",\"itemListElement\":[{\"@type\":\"ListItem\",\"position\":1,\"name\":\"Home\",\"item\":\"https:\/\/www.salari.nl\/de\/\"},{\"@type\":\"ListItem\",\"position\":2,\"name\":\"Stellenangebote\"}]},{\"@type\":\"WebSite\",\"@id\":\"https:\/\/www.salari.nl\/#website\",\"url\":\"https:\/\/www.salari.nl\/\",\"name\":\"W.G. Salari\",\"description\":\"W.G. Salari\",\"publisher\":{\"@id\":\"https:\/\/www.salari.nl\/#organization\"},\"potentialAction\":[{\"@type\":\"SearchAction\",\"target\":{\"@type\":\"EntryPoint\",\"urlTemplate\":\"https:\/\/www.salari.nl\/?s={search_term_string}\"},\"query-input\":\"required name=search_term_string\"}],\"inLanguage\":\"de\"},{\"@type\":\"Organization\",\"@id\":\"https:\/\/www.salari.nl\/#organization\",\"name\":\"W.G. Salari\",\"url\":\"https:\/\/www.salari.nl\/\",\"logo\":{\"@type\":\"ImageObject\",\"inLanguage\":\"de\",\"@id\":\"https:\/\/www.salari.nl\/#\/schema\/logo\/image\/\",\"url\":\"https:\/\/www.salari.nl\/wp-content\/uploads\/2019\/12\/footer-logo-salari.png\",\"contentUrl\":\"https:\/\/www.salari.nl\/wp-content\/uploads\/2019\/12\/footer-logo-salari.png\",\"width\":300,\"height\":80,\"caption\":\"W.G. Salari\"},\"image\":{\"@id\":\"https:\/\/www.salari.nl\/#\/schema\/logo\/image\/\"},\"sameAs\":[\"https:\/\/www.facebook.com\/WGSalari\/\",\"https:\/\/nl.linkedin.com\/company\/w-g-salari\"]}]}<\/script>\n<!-- \/ Yoast SEO plugin. -->","yoast_head_json":{"title":"Arbeiten bei W.G. Salari | Stellenangebote","description":"Bei W.G. Salari sind wir immer auf der Suche nach motivierten Mitarbeitern, um unsere Organisation zu st\u00e4rken. Sehen Sie hier unsere Stellenangebote.","robots":{"index":"index","follow":"follow","max-snippet":"max-snippet:-1","max-image-preview":"max-image-preview:large","max-video-preview":"max-video-preview:-1"},"canonical":"https:\/\/www.salari.nl\/de\/stellenangebote\/","og_locale":"de_DE","og_type":"article","og_title":"Arbeiten bei W.G. Salari | Stellenangebote","og_description":"Bei W.G. Salari sind wir immer auf der Suche nach motivierten Mitarbeitern, um unsere Organisation zu st\u00e4rken. Sehen Sie hier unsere Stellenangebote.","og_url":"https:\/\/www.salari.nl\/de\/stellenangebote\/","og_site_name":"W.G. Salari","article_publisher":"https:\/\/www.facebook.com\/WGSalari\/","article_modified_time":"2023-05-26T13:44:47+00:00","twitter_card":"summary_large_image","twitter_misc":{"Gesch\u00e4tzte Lesezeit":"2\u00a0Minuten"},"schema":{"@context":"https:\/\/schema.org","@graph":[{"@type":"WebPage","@id":"https:\/\/www.salari.nl\/de\/stellenangebote\/","url":"https:\/\/www.salari.nl\/de\/stellenangebote\/","name":"Arbeiten bei W.G. Salari | Stellenangebote","isPartOf":{"@id":"https:\/\/www.salari.nl\/#website"},"datePublished":"2019-12-18T14:14:17+00:00","dateModified":"2023-05-26T13:44:47+00:00","description":"Bei W.G. Salari sind wir immer auf der Suche nach motivierten Mitarbeitern, um unsere Organisation zu st\u00e4rken. Sehen Sie hier unsere Stellenangebote.","breadcrumb":{"@id":"https:\/\/www.salari.nl\/de\/stellenangebote\/#breadcrumb"},"inLanguage":"de","potentialAction":[{"@type":"ReadAction","target":["https:\/\/www.salari.nl\/de\/stellenangebote\/"]}]},{"@type":"BreadcrumbList","@id":"https:\/\/www.salari.nl\/de\/stellenangebote\/#breadcrumb","itemListElement":[{"@type":"ListItem","position":1,"name":"Home","item":"https:\/\/www.salari.nl\/de\/"},{"@type":"ListItem","position":2,"name":"Stellenangebote"}]},{"@type":"WebSite","@id":"https:\/\/www.salari.nl\/#website","url":"https:\/\/www.salari.nl\/","name":"W.G. Salari","description":"W.G. Salari","publisher":{"@id":"https:\/\/www.salari.nl\/#organization"},"potentialAction":[{"@type":"SearchAction","target":{"@type":"EntryPoint","urlTemplate":"https:\/\/www.salari.nl\/?s={search_term_string}"},"query-input":"required name=search_term_string"}],"inLanguage":"de"},{"@type":"Organization","@id":"https:\/\/www.salari.nl\/#organization","name":"W.G. Salari","url":"https:\/\/www.salari.nl\/","logo":{"@type":"ImageObject","inLanguage":"de","@id":"https:\/\/www.salari.nl\/#\/schema\/logo\/image\/","url":"https:\/\/www.salari.nl\/wp-content\/uploads\/2019\/12\/footer-logo-salari.png","contentUrl":"https:\/\/www.salari.nl\/wp-content\/uploads\/2019\/12\/footer-logo-salari.png","width":300,"height":80,"caption":"W.G. Salari"},"image":{"@id":"https:\/\/www.salari.nl\/#\/schema\/logo\/image\/"},"sameAs":["https:\/\/www.facebook.com\/WGSalari\/","https:\/\/nl.linkedin.com\/company\/w-g-salari"]}]}},"_links":{"self":[{"href":"https:\/\/www.salari.nl\/de\/wp-json\/wp\/v2\/pages\/2807"}],"collection":[{"href":"https:\/\/www.salari.nl\/de\/wp-json\/wp\/v2\/pages"}],"about":[{"href":"https:\/\/www.salari.nl\/de\/wp-json\/wp\/v2\/types\/page"}],"author":[{"embeddable":true,"href":"https:\/\/www.salari.nl\/de\/wp-json\/wp\/v2\/users\/2"}],"replies":[{"embeddable":true,"href":"https:\/\/www.salari.nl\/de\/wp-json\/wp\/v2\/comments?post=2807"}],"version-history":[{"count":6,"href":"https:\/\/www.salari.nl\/de\/wp-json\/wp\/v2\/pages\/2807\/revisions"}],"predecessor-version":[{"id":4646,"href":"https:\/\/www.salari.nl\/de\/wp-json\/wp\/v2\/pages\/2807\/revisions\/4646"}],"wp:attachment":[{"href":"https:\/\/www.salari.nl\/de\/wp-json\/wp\/v2\/media?parent=2807"}],"curies":[{"name":"wp","href":"https:\/\/api.w.org\/{rel}","templated":true}]}}