{"id":2484,"date":"2019-12-13T15:25:12","date_gmt":"2019-12-13T15:25:12","guid":{"rendered":"https:\/\/salari.webstudio7.nl\/?page_id=2484"},"modified":"2020-08-27T11:14:39","modified_gmt":"2020-08-27T11:14:39","slug":"kontakt","status":"publish","type":"page","link":"https:\/\/www.salari.nl\/de\/kontakt\/","title":{"rendered":"Kontakt"},"content":{"rendered":"<p>[vc_row full_width=&#8221;stretch_row&#8221; css=&#8221;.vc_custom_1598526874978{padding-top: 120px !important;padding-bottom: 120px !important;background-image: url(https:\/\/www.salari.nl\/wp-content\/uploads\/2020\/08\/header-img-salari.jpg?id=3473) !important;background-position: center !important;background-repeat: no-repeat !important;background-size: cover !important;}&#8221;][vc_column][vc_custom_heading text=&#8221;Kontakt&#8221; font_container=&#8221;tag:h1|font_size:45px|text_align:center|color:%23ffffff&#8221; use_theme_fonts=&#8221;yes&#8221;][\/vc_column][\/vc_row][vc_section el_class=&#8221;fix-overflow gradient2&#8243; css=&#8221;.vc_custom_1576076729255{margin-bottom: 80px !important;padding-top: 60px !important;padding-bottom: 60px !important;}&#8221;][vc_row][vc_column][vc_column_text]<\/p>\n<p style=\"text-align: center;\">Haben Sie Fragen zu W.G. Salari oder k\u00f6nnen wir Ihnen helfen? Bitte kontaktieren Sie uns \u00fcber die unten angegebenen Kontaktdaten.<\/p>\n<p>[\/vc_column_text][vc_empty_space height=&#8221;60px&#8221;][\/vc_column][\/vc_row][vc_row][vc_column css_animation=&#8221;fadeIn&#8221; width=&#8221;1\/3&#8243; el_class=&#8221;delay-1&#8243;]<div class=\"iconbox  \">\n\n\t<h4 class=\"box-title\">Telefonnummer<\/h4>\n\t<div class=\"box-detail\">\n\t\t<\/p>\n<p style=\"text-align: center\">Sie k\u00f6nnen uns unter anrufen:<br \/>\n<a href=\"tel:\/\/+31464113333\"><span style=\"text-decoration: underline\">+31 [0] 46 411 3333<\/span><\/a><\/p>\n<p>\n\t\n\t<\/div>\n\t<div class=\"box-icon\"><img src=\"https:\/\/www.salari.nl\/wp-content\/uploads\/2019\/12\/phone.png\" alt=\"Telefonnummer\" \/><\/div>\t\n\t\n\t\t<div class=\"box-readmore\">\n\t\t\t<a class=\"button no-bg\" href=\"tel:\/\/+31464113333\">Rufen Sie uns an<\/a>\n\t\t<\/div>\n<\/div>[vc_empty_space height=&#8221;30px&#8221;][\/vc_column][vc_column css_animation=&#8221;fadeIn&#8221; width=&#8221;1\/3&#8243; el_class=&#8221;delay-2&#8243;]<div class=\"iconbox  \">\n\n\t<h4 class=\"box-title\">Hauptsitz<\/h4>\n\t<div class=\"box-detail\">\n\t\t<\/p>\n<p style=\"text-align: center\">Millenerweg 12, 6136 KW Sittard, Niederlande<\/p>\n<p>\n\t\n\t<\/div>\n\t<div class=\"box-icon\"><img src=\"https:\/\/www.salari.nl\/wp-content\/uploads\/2018\/08\/navigation-map-800_5d1a8f90-76b5-4f83-9c97-ac5cced141cf.svg\" alt=\"Hauptsitz\" \/><\/div>\t\n\t\n\t\t<div class=\"box-readmore\">\n\t\t\t<a class=\"button no-bg\" href=\"\/\/www.google.nl\/maps\/place\/Millenerweg+12,+6136+KW+Sittard\/@51.0213877,5.8648324,17z\/data=!3m1!4b1!4m5!3m4!1s0x47c0b808056ea167:0x8fc86ef7e141098!8m2!3d51.0213843!4d5.8670211\">Sehen Sie sich unseren Standort an<\/a>\n\t\t<\/div>\n<\/div>[vc_empty_space height=&#8221;30px&#8221;][\/vc_column][vc_column css_animation=&#8221;fadeIn&#8221; width=&#8221;1\/3&#8243; el_class=&#8221;delay-3&#8243;]<div class=\"iconbox  \">\n\n\t<h4 class=\"box-title\">E-Mail-Adresse<\/h4>\n\t<div class=\"box-detail\">\n\t\t<\/p>\n<p style=\"text-align: center\">Sie k\u00f6nnen uns eine E-Mail senden an:<br \/>\n<span style=\"text-decoration: underline\"><a href=\"mailto:info@salari.nl\">info@salari.nl<\/a><\/span><\/p>\n<p>\n\t\n\t<\/div>\n\t<div class=\"box-icon\"><img src=\"https:\/\/www.salari.nl\/wp-content\/uploads\/2019\/12\/mail.png\" alt=\"E-Mail-Adresse\" \/><\/div>\t\n\t\n\t\t<div class=\"box-readmore\">\n\t\t\t<a class=\"button no-bg\" href=\"mailto:info@salari.nl\">Mailen Sie uns<\/a>\n\t\t<\/div>\n<\/div>[vc_empty_space height=&#8221;30px&#8221;][\/vc_column][\/vc_row][vc_row][vc_column][vc_empty_space height=&#8221;15px&#8221;][vc_column_text]<\/p>\n<p style=\"text-align: center;\">Sie k\u00f6nnen auch eine Nachricht \u00fcber das unten stehende Kontaktformular hinterlassen.<\/p>\n<p>[\/vc_column_text][\/vc_column][\/vc_row][\/vc_section][vc_row css=&#8221;.vc_custom_1576077327508{padding-bottom: 80px !important;background-position: center !important;background-repeat: no-repeat !important;background-size: contain !important;}&#8221;][vc_column width=&#8221;1\/6&#8243;][\/vc_column][vc_column width=&#8221;2\/3&#8243;][vc_custom_heading text=&#8221;Hinterlassen Sie eine Nachricht&#8221; font_container=&#8221;tag:h3|font_size:45px|text_align:center&#8221; use_theme_fonts=&#8221;yes&#8221;][vc_empty_space height=&#8221;30px&#8221;]\n<div class=\"wpcf7 no-js\" id=\"wpcf7-f2482-o1\" lang=\"nl-NL\" dir=\"ltr\">\n<div class=\"screen-reader-response\"><p role=\"status\" aria-live=\"polite\" aria-atomic=\"true\"><\/p> <ul><\/ul><\/div>\n<form action=\"\/de\/wp-json\/wp\/v2\/pages\/2484#wpcf7-f2482-o1\" method=\"post\" class=\"wpcf7-form init\" aria-label=\"Contactformulier\" novalidate=\"novalidate\" data-status=\"init\">\n<div style=\"display: none;\">\n<input type=\"hidden\" name=\"_wpcf7\" value=\"2482\" \/>\n<input type=\"hidden\" name=\"_wpcf7_version\" value=\"5.7.4\" \/>\n<input type=\"hidden\" name=\"_wpcf7_locale\" value=\"nl_NL\" \/>\n<input type=\"hidden\" name=\"_wpcf7_unit_tag\" value=\"wpcf7-f2482-o1\" \/>\n<input type=\"hidden\" name=\"_wpcf7_container_post\" value=\"0\" \/>\n<input type=\"hidden\" name=\"_wpcf7_posted_data_hash\" value=\"\" \/>\n<\/div>\n<div class=\"contact\">\n\t<div class=\"row\">\n\t\t<div class=\"columns columns-6\">\n\t\t\t<p><label>Vollst\u00e4ndiger Name * <span class=\"wpcf7-form-control-wrap\" data-name=\"naam\"><input size=\"40\" class=\"wpcf7-form-control wpcf7-text wpcf7-validates-as-required\" aria-required=\"true\" aria-invalid=\"false\" placeholder=\"b.v., Jan Janssen\" value=\"\" type=\"text\" name=\"naam\" \/><\/span><\/label>\n\t\t\t<\/p>\n\t\t<\/div>\n\t\t<div class=\"columns columns-6\">\n\t\t\t<p><label>Organisation <span class=\"wpcf7-form-control-wrap\" data-name=\"organisatie\"><input size=\"40\" class=\"wpcf7-form-control wpcf7-text\" aria-invalid=\"false\" placeholder=\"Name der Organisation\" value=\"\" type=\"text\" name=\"organisatie\" \/><\/span><\/label>\n\t\t\t<\/p>\n\t\t<\/div>\n\t<\/div>\n\t<div class=\"row\">\n\t\t<div class=\"columns columns-6\">\n\t\t\t<p><label>E-Mail-Adresse * <span class=\"wpcf7-form-control-wrap\" data-name=\"email\"><input size=\"40\" class=\"wpcf7-form-control wpcf7-text wpcf7-email wpcf7-validates-as-required wpcf7-validates-as-email\" aria-required=\"true\" aria-invalid=\"false\" placeholder=\"name@beispiel.nl\" value=\"\" type=\"email\" name=\"email\" \/><\/span><\/label>\n\t\t\t<\/p>\n\t\t<\/div>\n\t\t<div class=\"columns columns-6\">\n\t\t\t<p><label>Telefonnummer <span class=\"wpcf7-form-control-wrap\" data-name=\"telefoonnummer\"><input size=\"40\" class=\"wpcf7-form-control wpcf7-text wpcf7-tel wpcf7-validates-as-tel\" aria-invalid=\"false\" placeholder=\"06 12345678\" value=\"\" type=\"tel\" name=\"telefoonnummer\" \/><\/span><\/label>\n\t\t\t<\/p>\n\t\t<\/div>\n\t<\/div>\n\t<div class=\"row\">\n\t\t<div class=\"columns columns-12\">\n\t\t\t<p><label>Wie k\u00f6nnen wir Ihnen helfen? * <span class=\"wpcf7-form-control-wrap\" data-name=\"bericht\"><textarea cols=\"40\" rows=\"10\" class=\"wpcf7-form-control wpcf7-textarea wpcf7-validates-as-required\" aria-required=\"true\" aria-invalid=\"false\" placeholder=\"Stellen Sie Ihre Frage oder hinterlassen Sie eine Nachricht\" name=\"bericht\"><\/textarea><\/span><\/label>\n\t\t\t<\/p>\n\t\t<\/div>\n\t<\/div>\n\t<div class=\"row\">\n\t\t<div class=\"columns columns-12\">\n\t\t\t<p><input class=\"wpcf7-form-control has-spinner wpcf7-submit primary\" type=\"submit\" value=\"Senden\" \/>\n\t\t\t<\/p>\n\t\t<\/div>\n\t<\/div>\n<\/div><input type='hidden' class='wpcf7-pum' value='{\"closepopup\":false,\"closedelay\":0,\"openpopup\":false,\"openpopup_id\":0}' \/><div class=\"wpcf7-response-output\" aria-hidden=\"true\"><\/div>\n<\/form>\n<\/div>\n[\/vc_column][vc_column width=&#8221;1\/6&#8243;][\/vc_column][\/vc_row]<\/p>\n","protected":false},"excerpt":{"rendered":"<p>[vc_row full_width=&#8221;stretch_row&#8221; css=&#8221;.vc_custom_1598526874978{padding-top: 120px !important;padding-bottom: 120px !important;background-image: url(https:\/\/www.salari.nl\/wp-content\/uploads\/2020\/08\/header-img-salari.jpg?id=3473) !important;background-position: center !important;background-repeat: no-repeat !important;background-size: cover !important;}&#8221;][vc_column][vc_custom_heading text=&#8221;Kontakt&#8221; font_container=&#8221;tag:h1|font_size:45px|text_align:center|color:%23ffffff&#8221; use_theme_fonts=&#8221;yes&#8221;][\/vc_column][\/vc_row][vc_section el_class=&#8221;fix-overflow gradient2&#8243; css=&#8221;.vc_custom_1576076729255{margin-bottom: 80px !important;padding-top: 60px !important;padding-bottom: 60px !important;}&#8221;][vc_row][vc_column][vc_column_text] Haben Sie Fragen zu W.G. Salari oder k\u00f6nnen wir Ihnen helfen? Bitte kontaktieren Sie uns \u00fcber die unten angegebenen Kontaktdaten. [\/vc_column_text][vc_empty_space height=&#8221;60px&#8221;][\/vc_column][\/vc_row][vc_row][vc_column css_animation=&#8221;fadeIn&#8221; width=&#8221;1\/3&#8243; el_class=&#8221;delay-1&#8243;][vc_empty_space height=&#8221;30px&#8221;][\/vc_column][vc_column css_animation=&#8221;fadeIn&#8221; width=&#8221;1\/3&#8243; [&hellip;]<\/p>\n","protected":false},"author":1,"featured_media":0,"parent":0,"menu_order":5,"comment_status":"closed","ping_status":"closed","template":"tmpl\/template-fullwidth.php","meta":{"_monsterinsights_skip_tracking":false,"_monsterinsights_sitenote_active":false,"_monsterinsights_sitenote_note":"","_monsterinsights_sitenote_category":0},"yoast_head":"<!-- This site is optimized with the Yoast SEO plugin v20.2.1 - https:\/\/yoast.com\/wordpress\/plugins\/seo\/ -->\n<title>Kontaktieren Sie W.G. Salari | Wir helfen Ihnen gerne weiter!<\/title>\n<meta name=\"description\" content=\"Haben Sie eine Frage oder m\u00f6chten Sie mehr \u00fcber die Leistungen von W.G. Salari? Bitte kontaktieren Sie uns \u00fcber unsere Kontaktm\u00f6glichkeiten.\" \/>\n<meta name=\"robots\" content=\"index, follow, max-snippet:-1, max-image-preview:large, max-video-preview:-1\" \/>\n<link rel=\"canonical\" href=\"https:\/\/www.salari.nl\/de\/kontakt\/\" \/>\n<meta property=\"og:locale\" content=\"de_DE\" \/>\n<meta property=\"og:type\" content=\"article\" \/>\n<meta property=\"og:title\" content=\"Kontaktieren Sie W.G. Salari | Wir helfen Ihnen gerne weiter!\" \/>\n<meta property=\"og:description\" content=\"Haben Sie eine Frage oder m\u00f6chten Sie mehr \u00fcber die Leistungen von W.G. Salari? Bitte kontaktieren Sie uns \u00fcber unsere Kontaktm\u00f6glichkeiten.\" \/>\n<meta property=\"og:url\" content=\"https:\/\/www.salari.nl\/de\/kontakt\/\" \/>\n<meta property=\"og:site_name\" content=\"W.G. Salari\" \/>\n<meta property=\"article:publisher\" content=\"https:\/\/www.facebook.com\/WGSalari\/\" \/>\n<meta property=\"article:modified_time\" content=\"2020-08-27T11:14:39+00:00\" \/>\n<meta name=\"twitter:card\" content=\"summary_large_image\" \/>\n<meta name=\"twitter:label1\" content=\"Gesch\u00e4tzte Lesezeit\" \/>\n\t<meta name=\"twitter:data1\" content=\"2\u00a0Minuten\" \/>\n<script type=\"application\/ld+json\" class=\"yoast-schema-graph\">{\"@context\":\"https:\/\/schema.org\",\"@graph\":[{\"@type\":\"WebPage\",\"@id\":\"https:\/\/www.salari.nl\/de\/kontakt\/\",\"url\":\"https:\/\/www.salari.nl\/de\/kontakt\/\",\"name\":\"Kontaktieren Sie W.G. Salari | Wir helfen Ihnen gerne weiter!\",\"isPartOf\":{\"@id\":\"https:\/\/www.salari.nl\/#website\"},\"datePublished\":\"2019-12-13T15:25:12+00:00\",\"dateModified\":\"2020-08-27T11:14:39+00:00\",\"description\":\"Haben Sie eine Frage oder m\u00f6chten Sie mehr \u00fcber die Leistungen von W.G. Salari? Bitte kontaktieren Sie uns \u00fcber unsere Kontaktm\u00f6glichkeiten.\",\"breadcrumb\":{\"@id\":\"https:\/\/www.salari.nl\/de\/kontakt\/#breadcrumb\"},\"inLanguage\":\"de\",\"potentialAction\":[{\"@type\":\"ReadAction\",\"target\":[\"https:\/\/www.salari.nl\/de\/kontakt\/\"]}]},{\"@type\":\"BreadcrumbList\",\"@id\":\"https:\/\/www.salari.nl\/de\/kontakt\/#breadcrumb\",\"itemListElement\":[{\"@type\":\"ListItem\",\"position\":1,\"name\":\"Home\",\"item\":\"https:\/\/www.salari.nl\/de\/\"},{\"@type\":\"ListItem\",\"position\":2,\"name\":\"Kontakt\"}]},{\"@type\":\"WebSite\",\"@id\":\"https:\/\/www.salari.nl\/#website\",\"url\":\"https:\/\/www.salari.nl\/\",\"name\":\"W.G. Salari\",\"description\":\"W.G. Salari\",\"publisher\":{\"@id\":\"https:\/\/www.salari.nl\/#organization\"},\"potentialAction\":[{\"@type\":\"SearchAction\",\"target\":{\"@type\":\"EntryPoint\",\"urlTemplate\":\"https:\/\/www.salari.nl\/?s={search_term_string}\"},\"query-input\":\"required name=search_term_string\"}],\"inLanguage\":\"de\"},{\"@type\":\"Organization\",\"@id\":\"https:\/\/www.salari.nl\/#organization\",\"name\":\"W.G. Salari\",\"url\":\"https:\/\/www.salari.nl\/\",\"logo\":{\"@type\":\"ImageObject\",\"inLanguage\":\"de\",\"@id\":\"https:\/\/www.salari.nl\/#\/schema\/logo\/image\/\",\"url\":\"https:\/\/www.salari.nl\/wp-content\/uploads\/2019\/12\/footer-logo-salari.png\",\"contentUrl\":\"https:\/\/www.salari.nl\/wp-content\/uploads\/2019\/12\/footer-logo-salari.png\",\"width\":300,\"height\":80,\"caption\":\"W.G. Salari\"},\"image\":{\"@id\":\"https:\/\/www.salari.nl\/#\/schema\/logo\/image\/\"},\"sameAs\":[\"https:\/\/www.facebook.com\/WGSalari\/\",\"https:\/\/nl.linkedin.com\/company\/w-g-salari\"]}]}<\/script>\n<!-- \/ Yoast SEO plugin. -->","yoast_head_json":{"title":"Kontaktieren Sie W.G. Salari | Wir helfen Ihnen gerne weiter!","description":"Haben Sie eine Frage oder m\u00f6chten Sie mehr \u00fcber die Leistungen von W.G. Salari? Bitte kontaktieren Sie uns \u00fcber unsere Kontaktm\u00f6glichkeiten.","robots":{"index":"index","follow":"follow","max-snippet":"max-snippet:-1","max-image-preview":"max-image-preview:large","max-video-preview":"max-video-preview:-1"},"canonical":"https:\/\/www.salari.nl\/de\/kontakt\/","og_locale":"de_DE","og_type":"article","og_title":"Kontaktieren Sie W.G. Salari | Wir helfen Ihnen gerne weiter!","og_description":"Haben Sie eine Frage oder m\u00f6chten Sie mehr \u00fcber die Leistungen von W.G. Salari? Bitte kontaktieren Sie uns \u00fcber unsere Kontaktm\u00f6glichkeiten.","og_url":"https:\/\/www.salari.nl\/de\/kontakt\/","og_site_name":"W.G. Salari","article_publisher":"https:\/\/www.facebook.com\/WGSalari\/","article_modified_time":"2020-08-27T11:14:39+00:00","twitter_card":"summary_large_image","twitter_misc":{"Gesch\u00e4tzte Lesezeit":"2\u00a0Minuten"},"schema":{"@context":"https:\/\/schema.org","@graph":[{"@type":"WebPage","@id":"https:\/\/www.salari.nl\/de\/kontakt\/","url":"https:\/\/www.salari.nl\/de\/kontakt\/","name":"Kontaktieren Sie W.G. Salari | Wir helfen Ihnen gerne weiter!","isPartOf":{"@id":"https:\/\/www.salari.nl\/#website"},"datePublished":"2019-12-13T15:25:12+00:00","dateModified":"2020-08-27T11:14:39+00:00","description":"Haben Sie eine Frage oder m\u00f6chten Sie mehr \u00fcber die Leistungen von W.G. Salari? Bitte kontaktieren Sie uns \u00fcber unsere Kontaktm\u00f6glichkeiten.","breadcrumb":{"@id":"https:\/\/www.salari.nl\/de\/kontakt\/#breadcrumb"},"inLanguage":"de","potentialAction":[{"@type":"ReadAction","target":["https:\/\/www.salari.nl\/de\/kontakt\/"]}]},{"@type":"BreadcrumbList","@id":"https:\/\/www.salari.nl\/de\/kontakt\/#breadcrumb","itemListElement":[{"@type":"ListItem","position":1,"name":"Home","item":"https:\/\/www.salari.nl\/de\/"},{"@type":"ListItem","position":2,"name":"Kontakt"}]},{"@type":"WebSite","@id":"https:\/\/www.salari.nl\/#website","url":"https:\/\/www.salari.nl\/","name":"W.G. Salari","description":"W.G. Salari","publisher":{"@id":"https:\/\/www.salari.nl\/#organization"},"potentialAction":[{"@type":"SearchAction","target":{"@type":"EntryPoint","urlTemplate":"https:\/\/www.salari.nl\/?s={search_term_string}"},"query-input":"required name=search_term_string"}],"inLanguage":"de"},{"@type":"Organization","@id":"https:\/\/www.salari.nl\/#organization","name":"W.G. Salari","url":"https:\/\/www.salari.nl\/","logo":{"@type":"ImageObject","inLanguage":"de","@id":"https:\/\/www.salari.nl\/#\/schema\/logo\/image\/","url":"https:\/\/www.salari.nl\/wp-content\/uploads\/2019\/12\/footer-logo-salari.png","contentUrl":"https:\/\/www.salari.nl\/wp-content\/uploads\/2019\/12\/footer-logo-salari.png","width":300,"height":80,"caption":"W.G. Salari"},"image":{"@id":"https:\/\/www.salari.nl\/#\/schema\/logo\/image\/"},"sameAs":["https:\/\/www.facebook.com\/WGSalari\/","https:\/\/nl.linkedin.com\/company\/w-g-salari"]}]}},"_links":{"self":[{"href":"https:\/\/www.salari.nl\/de\/wp-json\/wp\/v2\/pages\/2484"}],"collection":[{"href":"https:\/\/www.salari.nl\/de\/wp-json\/wp\/v2\/pages"}],"about":[{"href":"https:\/\/www.salari.nl\/de\/wp-json\/wp\/v2\/types\/page"}],"author":[{"embeddable":true,"href":"https:\/\/www.salari.nl\/de\/wp-json\/wp\/v2\/users\/1"}],"replies":[{"embeddable":true,"href":"https:\/\/www.salari.nl\/de\/wp-json\/wp\/v2\/comments?post=2484"}],"version-history":[{"count":0,"href":"https:\/\/www.salari.nl\/de\/wp-json\/wp\/v2\/pages\/2484\/revisions"}],"wp:attachment":[{"href":"https:\/\/www.salari.nl\/de\/wp-json\/wp\/v2\/media?parent=2484"}],"curies":[{"name":"wp","href":"https:\/\/api.w.org\/{rel}","templated":true}]}}